{"id":5828,"date":"2022-11-21T14:09:46","date_gmt":"2022-11-21T13:09:46","guid":{"rendered":"https:\/\/www.lagunamadrid.com\/?post_type=product&#038;p=5828"},"modified":"2026-01-14T11:34:47","modified_gmt":"2026-01-14T10:34:47","slug":"valdeguerra-reserva-2019-caja-6-botellas","status":"publish","type":"product","link":"https:\/\/www.lagunamadrid.com\/en\/tienda\/vino\/valdeguerra-reserva-2019-caja-6-botellas\/","title":{"rendered":"Valdeguerra Reserva 2021 (6 units per box)"},"content":{"rendered":"","protected":false},"excerpt":{"rendered":"<h2>Tempranillo, Merlot and Syrah.<\/h2>\n<p>&nbsp;<\/p>\n<h3>WINEMAKING:<\/h3>\n<p>A return to the origins.<br \/>\nIn a place located at 587 meters above sea level, on the river terrace of the Tajo, our vines make their way through the boulder and gravel. These are poor soils, which calm the vigor of the plant and concentrate in the grapes the best that the land has to offer. Valdeguerra Reserva 2019 comes from these berries. A 10-day maceration to extract the full potential of the terroir, an 18-month aging in new French oak barrels and another 18 months of calm in the bottle give us an exclusive wine, with exceptional body and aroma.<br \/>\nThe blend of our Tempranillo with the Merlot and Syrah varieties make up this limited production of 1,600 bottles that reflect all the character of the land.<\/p>\n<p>&nbsp;<\/p>\n<p>Alcohol content: 14,5\u00b0.<\/p>\n<p>&nbsp;<\/p>\n<h3>TASTING NOTES:<\/h3>\n<p>Intense cherry color with saffron trim. The nose presents balsamic and dried fruit aromas that open up to leave us with tones of fruit, black plum, red berries and pepper. In the mouth it is a round wine, with great structure and persistent finish.<\/p>\n","protected":false},"featured_media":6246,"template":"","meta":[],"product_brand":[],"product_cat":[98],"product_tag":[],"class_list":{"0":"post-5828","1":"product","2":"type-product","3":"status-publish","4":"has-post-thumbnail","6":"product_cat-vino","7":"product_shipping_class-por-agencia-3-4-dias","9":"first","10":"instock","11":"taxable","12":"shipping-taxable","13":"purchasable","14":"product-type-simple"},"yoast_head":"<!-- This site is optimized with the Yoast SEO plugin v27.1.1 - https:\/\/yoast.com\/product\/yoast-seo-wordpress\/ -->\n<title>Valdeguerra Reserva 2021 (6 units per box) - Vinos y Aceites Laguna<\/title>\n<meta name=\"robots\" content=\"index, follow, max-snippet:-1, max-image-preview:large, max-video-preview:-1\" \/>\n<link rel=\"canonical\" href=\"https:\/\/www.lagunamadrid.com\/tienda\/vino\/valdeguerra-reserva-2019-caja-6-botellas\/\" \/>\n<meta property=\"og:locale\" content=\"en_US\" \/>\n<meta property=\"og:type\" content=\"article\" \/>\n<meta property=\"og:title\" content=\"[:es]Valdeguerra Reserva 2021 (Caja 6 Botellas)[:en]Valdeguerra Reserva 2021 (6 units per box)[:] - Vinos y Aceites Laguna\" \/>\n<meta property=\"og:description\" content=\"[:es]&nbsp; Tempranillo, merlot y Syrah.  ELABORACI\u00d3N: Una vuelta a los or\u00edgenes. En un paraje situado a 587 metros de altitud, en la terraza fluvial del Tajo, nuestras cepas se abren camino a trav\u00e9s del canto rodado y cascajo. Son suelos pobres, que calman el vigor de la planta y concentran en las bayas lo mejor que ofrece la tierra. De esos frutos surge el Valdeguerra Reserva 2019. Una maceraci\u00f3n de 10 d\u00edas para extraer todo el potencial del terroir, una crianza de 18 meses en barrica nueva de roble franc\u00e9s y otros 18 meses de calma en botella nos aportan un vino exclusivo, de cuerpo y aroma excepcionales. El coupage de nuestra tempranillo con las variedades merlot y syrah componen esta producci\u00f3n limitada de 1600 botellas que recogen todo el car\u00e1cter de la tierra.  Grado alcoh\u00f3lico: 14,5\u00b0  NOTA DE CATA: Color cereza intenso con ribete azafr\u00e1n. En nariz se presentan aromas bals\u00e1micos y a frutos secos que se abren para dejarnos con tonos de fruta, ciruela negra, bayas rojas y pimienta. En boca es un vino redondo, gran estructura y final persistente.   DESCARGAR NOTA DE CATA      [:en]Tempranillo, Merlot and Syrah. &nbsp; WINEMAKING: A return to the origins. In a place located at 587 meters above sea level, on the river terrace of the Tajo, our vines make their way through the boulder and gravel. These are poor soils, which calm the vigor of the plant and concentrate in the grapes the best that the land has to offer. Valdeguerra Reserva 2019 comes from these berries. A 10-day maceration to extract the full potential of the terroir, an 18-month aging in new French oak barrels and another 18 months of calm in the bottle give us an exclusive wine, with exceptional body and aroma. The blend of our Tempranillo with the Merlot and Syrah varieties make up this limited production of 1,600 bottles that reflect all the character of the land.  &nbsp;  Alcohol content: 14,5\u00b0.  &nbsp; TASTING NOTES: Intense cherry color with saffron trim. The nose presents balsamic and dried fruit aromas that open up to leave us with tones of fruit, black plum, red berries and pepper. In the mouth it is a round wine, with great structure and persistent finish.[:]\" \/>\n<meta property=\"og:url\" content=\"https:\/\/www.lagunamadrid.com\/tienda\/vino\/valdeguerra-reserva-2019-caja-6-botellas\/\" \/>\n<meta property=\"og:site_name\" content=\"Vinos y Aceites Laguna\" \/>\n<meta property=\"article:modified_time\" content=\"2026-01-14T10:34:47+00:00\" \/>\n<meta property=\"og:image\" content=\"https:\/\/www.lagunamadrid.com\/wp-content\/uploads\/2023\/12\/Valdeguerra.jpg\" \/>\n\t<meta property=\"og:image:width\" content=\"1720\" \/>\n\t<meta property=\"og:image:height\" content=\"2560\" \/>\n\t<meta property=\"og:image:type\" content=\"image\/jpeg\" \/>\n<meta name=\"twitter:card\" content=\"summary_large_image\" \/>\n<meta name=\"twitter:label1\" content=\"Est. reading time\" \/>\n\t<meta name=\"twitter:data1\" content=\"1 minute\" \/>\n<script type=\"application\/ld+json\" class=\"yoast-schema-graph\">{\"@context\":\"https:\/\/schema.org\",\"@graph\":[{\"@type\":\"WebPage\",\"@id\":\"https:\/\/www.lagunamadrid.com\/tienda\/vino\/valdeguerra-reserva-2019-caja-6-botellas\/\",\"url\":\"https:\/\/www.lagunamadrid.com\/tienda\/vino\/valdeguerra-reserva-2019-caja-6-botellas\/\",\"name\":\"[:es]Valdeguerra Reserva 2021 (Caja 6 Botellas)[:en]Valdeguerra Reserva 2021 (6 units per box)[:] - Vinos y Aceites Laguna\",\"isPartOf\":{\"@id\":\"https:\/\/www.lagunamadrid.com\/#website\"},\"primaryImageOfPage\":{\"@id\":\"https:\/\/www.lagunamadrid.com\/tienda\/vino\/valdeguerra-reserva-2019-caja-6-botellas\/#primaryimage\"},\"image\":{\"@id\":\"https:\/\/www.lagunamadrid.com\/tienda\/vino\/valdeguerra-reserva-2019-caja-6-botellas\/#primaryimage\"},\"thumbnailUrl\":\"https:\/\/www.lagunamadrid.com\/wp-content\/uploads\/2023\/12\/Valdeguerra.jpg\",\"datePublished\":\"2022-11-21T13:09:46+00:00\",\"dateModified\":\"2026-01-14T10:34:47+00:00\",\"breadcrumb\":{\"@id\":\"https:\/\/www.lagunamadrid.com\/tienda\/vino\/valdeguerra-reserva-2019-caja-6-botellas\/#breadcrumb\"},\"inLanguage\":\"en-US\",\"potentialAction\":[{\"@type\":\"ReadAction\",\"target\":[\"https:\/\/www.lagunamadrid.com\/tienda\/vino\/valdeguerra-reserva-2019-caja-6-botellas\/\"]}]},{\"@type\":\"ImageObject\",\"inLanguage\":\"en-US\",\"@id\":\"https:\/\/www.lagunamadrid.com\/tienda\/vino\/valdeguerra-reserva-2019-caja-6-botellas\/#primaryimage\",\"url\":\"https:\/\/www.lagunamadrid.com\/wp-content\/uploads\/2023\/12\/Valdeguerra.jpg\",\"contentUrl\":\"https:\/\/www.lagunamadrid.com\/wp-content\/uploads\/2023\/12\/Valdeguerra.jpg\",\"width\":1720,\"height\":2560},{\"@type\":\"BreadcrumbList\",\"@id\":\"https:\/\/www.lagunamadrid.com\/tienda\/vino\/valdeguerra-reserva-2019-caja-6-botellas\/#breadcrumb\",\"itemListElement\":[{\"@type\":\"ListItem\",\"position\":1,\"name\":\"Portada\",\"item\":\"https:\/\/www.lagunamadrid.com\/\"},{\"@type\":\"ListItem\",\"position\":2,\"name\":\"Tienda\",\"item\":\"https:\/\/www.lagunamadrid.com\/boutique-2\/\"},{\"@type\":\"ListItem\",\"position\":3,\"name\":\"Valdeguerra Reserva 2021 (Caja 6 Botellas)\"}]},{\"@type\":\"WebSite\",\"@id\":\"https:\/\/www.lagunamadrid.com\/#website\",\"url\":\"https:\/\/www.lagunamadrid.com\/\",\"name\":\"Vinos y Aceites Laguna\",\"description\":\"Elaboraci\u00f3n de vino y aceite de oliva virgen extra\",\"publisher\":{\"@id\":\"https:\/\/www.lagunamadrid.com\/#organization\"},\"potentialAction\":[{\"@type\":\"SearchAction\",\"target\":{\"@type\":\"EntryPoint\",\"urlTemplate\":\"https:\/\/www.lagunamadrid.com\/?s={search_term_string}\"},\"query-input\":{\"@type\":\"PropertyValueSpecification\",\"valueRequired\":true,\"valueName\":\"search_term_string\"}}],\"inLanguage\":\"en-US\"},{\"@type\":\"Organization\",\"@id\":\"https:\/\/www.lagunamadrid.com\/#organization\",\"name\":\"Vinos y Aceites Laguna S.L.\",\"url\":\"https:\/\/www.lagunamadrid.com\/\",\"logo\":{\"@type\":\"ImageObject\",\"inLanguage\":\"en-US\",\"@id\":\"https:\/\/www.lagunamadrid.com\/#\/schema\/logo\/image\/\",\"url\":\"https:\/\/www.lagunamadrid.com\/wp-content\/uploads\/2019\/11\/LOGOpositivo-e1574944642744.jpg\",\"contentUrl\":\"https:\/\/www.lagunamadrid.com\/wp-content\/uploads\/2019\/11\/LOGOpositivo-e1574944642744.jpg\",\"width\":250,\"height\":106,\"caption\":\"Vinos y Aceites Laguna S.L.\"},\"image\":{\"@id\":\"https:\/\/www.lagunamadrid.com\/#\/schema\/logo\/image\/\"}}]}<\/script>\n<!-- \/ Yoast SEO plugin. -->","yoast_head_json":{"title":"[:es]Valdeguerra Reserva 2021 (Caja 6 Botellas)[:en]Valdeguerra Reserva 2021 (6 units per box)[:] - Vinos y Aceites Laguna","robots":{"index":"index","follow":"follow","max-snippet":"max-snippet:-1","max-image-preview":"max-image-preview:large","max-video-preview":"max-video-preview:-1"},"canonical":"https:\/\/www.lagunamadrid.com\/tienda\/vino\/valdeguerra-reserva-2019-caja-6-botellas\/","og_locale":"en_US","og_type":"article","og_title":"[:es]Valdeguerra Reserva 2021 (Caja 6 Botellas)[:en]Valdeguerra Reserva 2021 (6 units per box)[:] - Vinos y Aceites Laguna","og_description":"[:es]&nbsp; Tempranillo, merlot y Syrah.  ELABORACI\u00d3N: Una vuelta a los or\u00edgenes. En un paraje situado a 587 metros de altitud, en la terraza fluvial del Tajo, nuestras cepas se abren camino a trav\u00e9s del canto rodado y cascajo. Son suelos pobres, que calman el vigor de la planta y concentran en las bayas lo mejor que ofrece la tierra. De esos frutos surge el Valdeguerra Reserva 2019. Una maceraci\u00f3n de 10 d\u00edas para extraer todo el potencial del terroir, una crianza de 18 meses en barrica nueva de roble franc\u00e9s y otros 18 meses de calma en botella nos aportan un vino exclusivo, de cuerpo y aroma excepcionales. El coupage de nuestra tempranillo con las variedades merlot y syrah componen esta producci\u00f3n limitada de 1600 botellas que recogen todo el car\u00e1cter de la tierra.  Grado alcoh\u00f3lico: 14,5\u00b0  NOTA DE CATA: Color cereza intenso con ribete azafr\u00e1n. En nariz se presentan aromas bals\u00e1micos y a frutos secos que se abren para dejarnos con tonos de fruta, ciruela negra, bayas rojas y pimienta. En boca es un vino redondo, gran estructura y final persistente.   DESCARGAR NOTA DE CATA      [:en]Tempranillo, Merlot and Syrah. &nbsp; WINEMAKING: A return to the origins. In a place located at 587 meters above sea level, on the river terrace of the Tajo, our vines make their way through the boulder and gravel. These are poor soils, which calm the vigor of the plant and concentrate in the grapes the best that the land has to offer. Valdeguerra Reserva 2019 comes from these berries. A 10-day maceration to extract the full potential of the terroir, an 18-month aging in new French oak barrels and another 18 months of calm in the bottle give us an exclusive wine, with exceptional body and aroma. The blend of our Tempranillo with the Merlot and Syrah varieties make up this limited production of 1,600 bottles that reflect all the character of the land.  &nbsp;  Alcohol content: 14,5\u00b0.  &nbsp; TASTING NOTES: Intense cherry color with saffron trim. The nose presents balsamic and dried fruit aromas that open up to leave us with tones of fruit, black plum, red berries and pepper. In the mouth it is a round wine, with great structure and persistent finish.[:]","og_url":"https:\/\/www.lagunamadrid.com\/tienda\/vino\/valdeguerra-reserva-2019-caja-6-botellas\/","og_site_name":"Vinos y Aceites Laguna","article_modified_time":"2026-01-14T10:34:47+00:00","og_image":[{"width":1720,"height":2560,"url":"https:\/\/www.lagunamadrid.com\/wp-content\/uploads\/2023\/12\/Valdeguerra.jpg","type":"image\/jpeg"}],"twitter_card":"summary_large_image","twitter_misc":{"Est. reading time":"1 minute"},"schema":{"@context":"https:\/\/schema.org","@graph":[{"@type":"WebPage","@id":"https:\/\/www.lagunamadrid.com\/tienda\/vino\/valdeguerra-reserva-2019-caja-6-botellas\/","url":"https:\/\/www.lagunamadrid.com\/tienda\/vino\/valdeguerra-reserva-2019-caja-6-botellas\/","name":"[:es]Valdeguerra Reserva 2021 (Caja 6 Botellas)[:en]Valdeguerra Reserva 2021 (6 units per box)[:] - Vinos y Aceites Laguna","isPartOf":{"@id":"https:\/\/www.lagunamadrid.com\/#website"},"primaryImageOfPage":{"@id":"https:\/\/www.lagunamadrid.com\/tienda\/vino\/valdeguerra-reserva-2019-caja-6-botellas\/#primaryimage"},"image":{"@id":"https:\/\/www.lagunamadrid.com\/tienda\/vino\/valdeguerra-reserva-2019-caja-6-botellas\/#primaryimage"},"thumbnailUrl":"https:\/\/www.lagunamadrid.com\/wp-content\/uploads\/2023\/12\/Valdeguerra.jpg","datePublished":"2022-11-21T13:09:46+00:00","dateModified":"2026-01-14T10:34:47+00:00","breadcrumb":{"@id":"https:\/\/www.lagunamadrid.com\/tienda\/vino\/valdeguerra-reserva-2019-caja-6-botellas\/#breadcrumb"},"inLanguage":"en-US","potentialAction":[{"@type":"ReadAction","target":["https:\/\/www.lagunamadrid.com\/tienda\/vino\/valdeguerra-reserva-2019-caja-6-botellas\/"]}]},{"@type":"ImageObject","inLanguage":"en-US","@id":"https:\/\/www.lagunamadrid.com\/tienda\/vino\/valdeguerra-reserva-2019-caja-6-botellas\/#primaryimage","url":"https:\/\/www.lagunamadrid.com\/wp-content\/uploads\/2023\/12\/Valdeguerra.jpg","contentUrl":"https:\/\/www.lagunamadrid.com\/wp-content\/uploads\/2023\/12\/Valdeguerra.jpg","width":1720,"height":2560},{"@type":"BreadcrumbList","@id":"https:\/\/www.lagunamadrid.com\/tienda\/vino\/valdeguerra-reserva-2019-caja-6-botellas\/#breadcrumb","itemListElement":[{"@type":"ListItem","position":1,"name":"Portada","item":"https:\/\/www.lagunamadrid.com\/"},{"@type":"ListItem","position":2,"name":"Tienda","item":"https:\/\/www.lagunamadrid.com\/boutique-2\/"},{"@type":"ListItem","position":3,"name":"Valdeguerra Reserva 2021 (Caja 6 Botellas)"}]},{"@type":"WebSite","@id":"https:\/\/www.lagunamadrid.com\/#website","url":"https:\/\/www.lagunamadrid.com\/","name":"Vinos y Aceites Laguna","description":"Elaboraci\u00f3n de vino y aceite de oliva virgen extra","publisher":{"@id":"https:\/\/www.lagunamadrid.com\/#organization"},"potentialAction":[{"@type":"SearchAction","target":{"@type":"EntryPoint","urlTemplate":"https:\/\/www.lagunamadrid.com\/?s={search_term_string}"},"query-input":{"@type":"PropertyValueSpecification","valueRequired":true,"valueName":"search_term_string"}}],"inLanguage":"en-US"},{"@type":"Organization","@id":"https:\/\/www.lagunamadrid.com\/#organization","name":"Vinos y Aceites Laguna S.L.","url":"https:\/\/www.lagunamadrid.com\/","logo":{"@type":"ImageObject","inLanguage":"en-US","@id":"https:\/\/www.lagunamadrid.com\/#\/schema\/logo\/image\/","url":"https:\/\/www.lagunamadrid.com\/wp-content\/uploads\/2019\/11\/LOGOpositivo-e1574944642744.jpg","contentUrl":"https:\/\/www.lagunamadrid.com\/wp-content\/uploads\/2019\/11\/LOGOpositivo-e1574944642744.jpg","width":250,"height":106,"caption":"Vinos y Aceites Laguna S.L."},"image":{"@id":"https:\/\/www.lagunamadrid.com\/#\/schema\/logo\/image\/"}}]}},"_links":{"self":[{"href":"https:\/\/www.lagunamadrid.com\/en\/wp-json\/wp\/v2\/product\/5828","targetHints":{"allow":["GET"]}}],"collection":[{"href":"https:\/\/www.lagunamadrid.com\/en\/wp-json\/wp\/v2\/product"}],"about":[{"href":"https:\/\/www.lagunamadrid.com\/en\/wp-json\/wp\/v2\/types\/product"}],"wp:featuredmedia":[{"embeddable":true,"href":"https:\/\/www.lagunamadrid.com\/en\/wp-json\/wp\/v2\/media\/6246"}],"wp:attachment":[{"href":"https:\/\/www.lagunamadrid.com\/en\/wp-json\/wp\/v2\/media?parent=5828"}],"wp:term":[{"taxonomy":"product_brand","embeddable":true,"href":"https:\/\/www.lagunamadrid.com\/en\/wp-json\/wp\/v2\/product_brand?post=5828"},{"taxonomy":"product_cat","embeddable":true,"href":"https:\/\/www.lagunamadrid.com\/en\/wp-json\/wp\/v2\/product_cat?post=5828"},{"taxonomy":"product_tag","embeddable":true,"href":"https:\/\/www.lagunamadrid.com\/en\/wp-json\/wp\/v2\/product_tag?post=5828"}],"curies":[{"name":"wp","href":"https:\/\/api.w.org\/{rel}","templated":true}]}}