{"id":2485,"date":"2020-03-05T20:11:44","date_gmt":"2020-03-05T19:11:44","guid":{"rendered":"http:\/\/www.lagunamadrid.com\/?post_type=product&#038;p=2485"},"modified":"2026-01-13T18:28:59","modified_gmt":"2026-01-13T17:28:59","slug":"laguna-villar-eco-2-litros","status":"publish","type":"product","link":"https:\/\/www.lagunamadrid.com\/en\/tienda\/aceite-ecologico\/laguna-villar-eco-2-litros\/","title":{"rendered":"Laguna Villar- ECO &#8211; 2 Litros (Caja de 6 unidades)"},"content":{"rendered":"","protected":false},"excerpt":{"rendered":"<p>&nbsp;<\/p>\n<h4><strong>ACEITE DE OLIVA VIRGEN EXTRA ECOL\u00d3GICO<\/strong><\/h4>\n<h4><\/h4>\n<p>&nbsp;<\/p>\n<h4><strong>VARIEDADES<\/strong>: Cornicabra<\/h4>\n<p>&nbsp;<\/p>\n<h4 style=\"text-align: justify;\"><strong>NOTA DE CATA<\/strong>:<br \/>\nAceitunas de cultivo ecol\u00f3gico seleccionadas y con una cuidadosa recolecci\u00f3n de la misma, revisando en todo momento el grado de madurez en cada una de las fincas.<\/h4>\n<h4 style=\"text-align: justify;\">De color entre verde y oro, con aroma limpio y frutado intenso, recordando a notas de tomate verde, manzana, alcachofa y en menor medida a pl\u00e1tano verde.<\/h4>\n<h4 style=\"text-align: justify;\">En boca se reafirman sus aromas, apreciando un amargo y picante bien equilibrado.<\/h4>\n<h4 style=\"text-align: justify;\">El Cornicabra es un aceite de gran car\u00e1cter que permanece estable en el tiempo<\/h4>\n<h4><\/h4>\n<p>&nbsp;<\/p>\n<h4 style=\"text-align: justify;\"><strong>MARIDAJE<\/strong>:<br \/>\nPerfecto en ensaladas de tomate y verduras. Marida a la perfecci\u00f3n con quesos fuertes, cecinas y embutidos. Potenciador del sabor en pastas, verduras y legumbres como los garbanzos. Ideal como conservante debido al elevado contenido en antioxidantes naturales.<\/h4>\n<h4><\/h4>\n<p>&nbsp;<\/p>\n","protected":false},"featured_media":4407,"template":"","meta":[],"product_brand":[],"product_cat":[109],"product_tag":[],"class_list":{"0":"post-2485","1":"product","2":"type-product","3":"status-publish","4":"has-post-thumbnail","6":"product_cat-aceite-ecologico","7":"product_shipping_class-por-agencia-3-4-dias","9":"first","10":"instock","11":"taxable","12":"shipping-taxable","13":"purchasable","14":"product-type-simple"},"yoast_head":"<!-- This site is optimized with the Yoast SEO plugin v27.1.1 - https:\/\/yoast.com\/product\/yoast-seo-wordpress\/ -->\n<title>Laguna Villar- ECO - 2 Litros (Caja de 6 unidades) - Vinos y Aceites Laguna<\/title>\n<meta name=\"robots\" content=\"index, follow, max-snippet:-1, max-image-preview:large, max-video-preview:-1\" \/>\n<link rel=\"canonical\" href=\"https:\/\/www.lagunamadrid.com\/tienda\/aceite-ecologico\/laguna-villar-eco-2-litros\/\" \/>\n<meta property=\"og:locale\" content=\"en_US\" \/>\n<meta property=\"og:type\" content=\"article\" \/>\n<meta property=\"og:title\" content=\"Laguna Villar- ECO - 2 Litros (Caja de 6 unidades) - Vinos y Aceites Laguna\" \/>\n<meta property=\"og:description\" content=\"[:es]&nbsp; ACEITE DE OLIVA VIRGEN EXTRA ECOL\u00d3GICO  &nbsp; VARIEDADES: Cornicabra &nbsp; NOTA DE CATA: Aceitunas de cultivo ecol\u00f3gico seleccionadas y con una cuidadosa recolecci\u00f3n de la misma, revisando en todo momento el grado de madurez en cada una de las fincas. De color entre verde y oro, con aroma limpio y frutado intenso, recordando a notas de tomate verde, manzana, alcachofa y en menor medida a pl\u00e1tano verde. En boca se reafirman sus aromas, apreciando un amargo y picante bien equilibrado. El Cornicabra es un aceite de gran car\u00e1cter que permanece estable en el tiempo  &nbsp; MARIDAJE: Perfecto en ensaladas de tomate y verduras. Marida a la perfecci\u00f3n con quesos fuertes, cecinas y embutidos. Potenciador del sabor en pastas, verduras y legumbres como los garbanzos. Ideal como conservante debido al elevado contenido en antioxidantes naturales.  &nbsp;  &nbsp;[:en]&nbsp; ACEITE DE OLIVA VIRGEN EXTRA ECOL\u00d3GICO  &nbsp; VARIEDADES: Cornicabra &nbsp; NOTA DE CATA: Aceitunas de cultivo ecol\u00f3gico seleccionadas y con una cuidadosa recolecci\u00f3n de la misma, revisando en todo momento el grado de madurez en cada una de las fincas. De color entre verde y oro, con aroma limpio y frutado intenso, recordando a notas de tomate verde, manzana, alcachofa y en menor medida a pl\u00e1tano verde. En boca se reafirman sus aromas, apreciando un amargo y picante bien equilibrado. El Cornicabra es un aceite de gran car\u00e1cter que permanece estable en el tiempo  &nbsp; MARIDAJE: Perfecto en ensaladas de tomate y verduras. Marida a la perfecci\u00f3n con quesos fuertes, cecinas y embutidos. Potenciador del sabor en pastas, verduras y legumbres como los garbanzos. Ideal como conservante debido al elevado contenido en antioxidantes naturales.  &nbsp;[:]\" \/>\n<meta property=\"og:url\" content=\"https:\/\/www.lagunamadrid.com\/tienda\/aceite-ecologico\/laguna-villar-eco-2-litros\/\" \/>\n<meta property=\"og:site_name\" content=\"Vinos y Aceites Laguna\" \/>\n<meta property=\"article:modified_time\" content=\"2026-01-13T17:28:59+00:00\" \/>\n<meta property=\"og:image\" content=\"https:\/\/www.lagunamadrid.com\/wp-content\/uploads\/2020\/05\/LAGUNA-VILLAR-ECOLOGICO-2-Litros.jpg\" \/>\n\t<meta property=\"og:image:width\" content=\"1720\" \/>\n\t<meta property=\"og:image:height\" content=\"2560\" \/>\n\t<meta property=\"og:image:type\" content=\"image\/jpeg\" \/>\n<meta name=\"twitter:card\" content=\"summary_large_image\" \/>\n<meta name=\"twitter:label1\" content=\"Est. reading time\" \/>\n\t<meta name=\"twitter:data1\" content=\"1 minute\" \/>\n<script type=\"application\/ld+json\" class=\"yoast-schema-graph\">{\"@context\":\"https:\/\/schema.org\",\"@graph\":[{\"@type\":\"WebPage\",\"@id\":\"https:\/\/www.lagunamadrid.com\/tienda\/aceite-ecologico\/laguna-villar-eco-2-litros\/\",\"url\":\"https:\/\/www.lagunamadrid.com\/tienda\/aceite-ecologico\/laguna-villar-eco-2-litros\/\",\"name\":\"Laguna Villar- ECO - 2 Litros (Caja de 6 unidades) - Vinos y Aceites Laguna\",\"isPartOf\":{\"@id\":\"https:\/\/www.lagunamadrid.com\/#website\"},\"primaryImageOfPage\":{\"@id\":\"https:\/\/www.lagunamadrid.com\/tienda\/aceite-ecologico\/laguna-villar-eco-2-litros\/#primaryimage\"},\"image\":{\"@id\":\"https:\/\/www.lagunamadrid.com\/tienda\/aceite-ecologico\/laguna-villar-eco-2-litros\/#primaryimage\"},\"thumbnailUrl\":\"https:\/\/www.lagunamadrid.com\/wp-content\/uploads\/2020\/05\/LAGUNA-VILLAR-ECOLOGICO-2-Litros.jpg\",\"datePublished\":\"2020-03-05T19:11:44+00:00\",\"dateModified\":\"2026-01-13T17:28:59+00:00\",\"breadcrumb\":{\"@id\":\"https:\/\/www.lagunamadrid.com\/tienda\/aceite-ecologico\/laguna-villar-eco-2-litros\/#breadcrumb\"},\"inLanguage\":\"en-US\",\"potentialAction\":[{\"@type\":\"ReadAction\",\"target\":[\"https:\/\/www.lagunamadrid.com\/tienda\/aceite-ecologico\/laguna-villar-eco-2-litros\/\"]}]},{\"@type\":\"ImageObject\",\"inLanguage\":\"en-US\",\"@id\":\"https:\/\/www.lagunamadrid.com\/tienda\/aceite-ecologico\/laguna-villar-eco-2-litros\/#primaryimage\",\"url\":\"https:\/\/www.lagunamadrid.com\/wp-content\/uploads\/2020\/05\/LAGUNA-VILLAR-ECOLOGICO-2-Litros.jpg\",\"contentUrl\":\"https:\/\/www.lagunamadrid.com\/wp-content\/uploads\/2020\/05\/LAGUNA-VILLAR-ECOLOGICO-2-Litros.jpg\",\"width\":1720,\"height\":2560,\"caption\":\"LAGUNA VILLAR - ECOL\u00d3GICO - 2 Litros\"},{\"@type\":\"BreadcrumbList\",\"@id\":\"https:\/\/www.lagunamadrid.com\/tienda\/aceite-ecologico\/laguna-villar-eco-2-litros\/#breadcrumb\",\"itemListElement\":[{\"@type\":\"ListItem\",\"position\":1,\"name\":\"Portada\",\"item\":\"https:\/\/www.lagunamadrid.com\/\"},{\"@type\":\"ListItem\",\"position\":2,\"name\":\"Tienda\",\"item\":\"https:\/\/www.lagunamadrid.com\/boutique-2\/\"},{\"@type\":\"ListItem\",\"position\":3,\"name\":\"Laguna Villar- ECO &#8211; 2 Litros (Caja de 6 unidades)\"}]},{\"@type\":\"WebSite\",\"@id\":\"https:\/\/www.lagunamadrid.com\/#website\",\"url\":\"https:\/\/www.lagunamadrid.com\/\",\"name\":\"Vinos y Aceites Laguna\",\"description\":\"Elaboraci\u00f3n de vino y aceite de oliva virgen extra\",\"publisher\":{\"@id\":\"https:\/\/www.lagunamadrid.com\/#organization\"},\"potentialAction\":[{\"@type\":\"SearchAction\",\"target\":{\"@type\":\"EntryPoint\",\"urlTemplate\":\"https:\/\/www.lagunamadrid.com\/?s={search_term_string}\"},\"query-input\":{\"@type\":\"PropertyValueSpecification\",\"valueRequired\":true,\"valueName\":\"search_term_string\"}}],\"inLanguage\":\"en-US\"},{\"@type\":\"Organization\",\"@id\":\"https:\/\/www.lagunamadrid.com\/#organization\",\"name\":\"Vinos y Aceites Laguna S.L.\",\"url\":\"https:\/\/www.lagunamadrid.com\/\",\"logo\":{\"@type\":\"ImageObject\",\"inLanguage\":\"en-US\",\"@id\":\"https:\/\/www.lagunamadrid.com\/#\/schema\/logo\/image\/\",\"url\":\"https:\/\/www.lagunamadrid.com\/wp-content\/uploads\/2019\/11\/LOGOpositivo-e1574944642744.jpg\",\"contentUrl\":\"https:\/\/www.lagunamadrid.com\/wp-content\/uploads\/2019\/11\/LOGOpositivo-e1574944642744.jpg\",\"width\":250,\"height\":106,\"caption\":\"Vinos y Aceites Laguna S.L.\"},\"image\":{\"@id\":\"https:\/\/www.lagunamadrid.com\/#\/schema\/logo\/image\/\"}}]}<\/script>\n<!-- \/ Yoast SEO plugin. -->","yoast_head_json":{"title":"Laguna Villar- ECO - 2 Litros (Caja de 6 unidades) - Vinos y Aceites Laguna","robots":{"index":"index","follow":"follow","max-snippet":"max-snippet:-1","max-image-preview":"max-image-preview:large","max-video-preview":"max-video-preview:-1"},"canonical":"https:\/\/www.lagunamadrid.com\/tienda\/aceite-ecologico\/laguna-villar-eco-2-litros\/","og_locale":"en_US","og_type":"article","og_title":"Laguna Villar- ECO - 2 Litros (Caja de 6 unidades) - Vinos y Aceites Laguna","og_description":"[:es]&nbsp; ACEITE DE OLIVA VIRGEN EXTRA ECOL\u00d3GICO  &nbsp; VARIEDADES: Cornicabra &nbsp; NOTA DE CATA: Aceitunas de cultivo ecol\u00f3gico seleccionadas y con una cuidadosa recolecci\u00f3n de la misma, revisando en todo momento el grado de madurez en cada una de las fincas. De color entre verde y oro, con aroma limpio y frutado intenso, recordando a notas de tomate verde, manzana, alcachofa y en menor medida a pl\u00e1tano verde. En boca se reafirman sus aromas, apreciando un amargo y picante bien equilibrado. El Cornicabra es un aceite de gran car\u00e1cter que permanece estable en el tiempo  &nbsp; MARIDAJE: Perfecto en ensaladas de tomate y verduras. Marida a la perfecci\u00f3n con quesos fuertes, cecinas y embutidos. Potenciador del sabor en pastas, verduras y legumbres como los garbanzos. Ideal como conservante debido al elevado contenido en antioxidantes naturales.  &nbsp;  &nbsp;[:en]&nbsp; ACEITE DE OLIVA VIRGEN EXTRA ECOL\u00d3GICO  &nbsp; VARIEDADES: Cornicabra &nbsp; NOTA DE CATA: Aceitunas de cultivo ecol\u00f3gico seleccionadas y con una cuidadosa recolecci\u00f3n de la misma, revisando en todo momento el grado de madurez en cada una de las fincas. De color entre verde y oro, con aroma limpio y frutado intenso, recordando a notas de tomate verde, manzana, alcachofa y en menor medida a pl\u00e1tano verde. En boca se reafirman sus aromas, apreciando un amargo y picante bien equilibrado. El Cornicabra es un aceite de gran car\u00e1cter que permanece estable en el tiempo  &nbsp; MARIDAJE: Perfecto en ensaladas de tomate y verduras. Marida a la perfecci\u00f3n con quesos fuertes, cecinas y embutidos. Potenciador del sabor en pastas, verduras y legumbres como los garbanzos. Ideal como conservante debido al elevado contenido en antioxidantes naturales.  &nbsp;[:]","og_url":"https:\/\/www.lagunamadrid.com\/tienda\/aceite-ecologico\/laguna-villar-eco-2-litros\/","og_site_name":"Vinos y Aceites Laguna","article_modified_time":"2026-01-13T17:28:59+00:00","og_image":[{"width":1720,"height":2560,"url":"https:\/\/www.lagunamadrid.com\/wp-content\/uploads\/2020\/05\/LAGUNA-VILLAR-ECOLOGICO-2-Litros.jpg","type":"image\/jpeg"}],"twitter_card":"summary_large_image","twitter_misc":{"Est. reading time":"1 minute"},"schema":{"@context":"https:\/\/schema.org","@graph":[{"@type":"WebPage","@id":"https:\/\/www.lagunamadrid.com\/tienda\/aceite-ecologico\/laguna-villar-eco-2-litros\/","url":"https:\/\/www.lagunamadrid.com\/tienda\/aceite-ecologico\/laguna-villar-eco-2-litros\/","name":"Laguna Villar- ECO - 2 Litros (Caja de 6 unidades) - Vinos y Aceites Laguna","isPartOf":{"@id":"https:\/\/www.lagunamadrid.com\/#website"},"primaryImageOfPage":{"@id":"https:\/\/www.lagunamadrid.com\/tienda\/aceite-ecologico\/laguna-villar-eco-2-litros\/#primaryimage"},"image":{"@id":"https:\/\/www.lagunamadrid.com\/tienda\/aceite-ecologico\/laguna-villar-eco-2-litros\/#primaryimage"},"thumbnailUrl":"https:\/\/www.lagunamadrid.com\/wp-content\/uploads\/2020\/05\/LAGUNA-VILLAR-ECOLOGICO-2-Litros.jpg","datePublished":"2020-03-05T19:11:44+00:00","dateModified":"2026-01-13T17:28:59+00:00","breadcrumb":{"@id":"https:\/\/www.lagunamadrid.com\/tienda\/aceite-ecologico\/laguna-villar-eco-2-litros\/#breadcrumb"},"inLanguage":"en-US","potentialAction":[{"@type":"ReadAction","target":["https:\/\/www.lagunamadrid.com\/tienda\/aceite-ecologico\/laguna-villar-eco-2-litros\/"]}]},{"@type":"ImageObject","inLanguage":"en-US","@id":"https:\/\/www.lagunamadrid.com\/tienda\/aceite-ecologico\/laguna-villar-eco-2-litros\/#primaryimage","url":"https:\/\/www.lagunamadrid.com\/wp-content\/uploads\/2020\/05\/LAGUNA-VILLAR-ECOLOGICO-2-Litros.jpg","contentUrl":"https:\/\/www.lagunamadrid.com\/wp-content\/uploads\/2020\/05\/LAGUNA-VILLAR-ECOLOGICO-2-Litros.jpg","width":1720,"height":2560,"caption":"LAGUNA VILLAR - ECOL\u00d3GICO - 2 Litros"},{"@type":"BreadcrumbList","@id":"https:\/\/www.lagunamadrid.com\/tienda\/aceite-ecologico\/laguna-villar-eco-2-litros\/#breadcrumb","itemListElement":[{"@type":"ListItem","position":1,"name":"Portada","item":"https:\/\/www.lagunamadrid.com\/"},{"@type":"ListItem","position":2,"name":"Tienda","item":"https:\/\/www.lagunamadrid.com\/boutique-2\/"},{"@type":"ListItem","position":3,"name":"Laguna Villar- ECO &#8211; 2 Litros (Caja de 6 unidades)"}]},{"@type":"WebSite","@id":"https:\/\/www.lagunamadrid.com\/#website","url":"https:\/\/www.lagunamadrid.com\/","name":"Vinos y Aceites Laguna","description":"Elaboraci\u00f3n de vino y aceite de oliva virgen extra","publisher":{"@id":"https:\/\/www.lagunamadrid.com\/#organization"},"potentialAction":[{"@type":"SearchAction","target":{"@type":"EntryPoint","urlTemplate":"https:\/\/www.lagunamadrid.com\/?s={search_term_string}"},"query-input":{"@type":"PropertyValueSpecification","valueRequired":true,"valueName":"search_term_string"}}],"inLanguage":"en-US"},{"@type":"Organization","@id":"https:\/\/www.lagunamadrid.com\/#organization","name":"Vinos y Aceites Laguna S.L.","url":"https:\/\/www.lagunamadrid.com\/","logo":{"@type":"ImageObject","inLanguage":"en-US","@id":"https:\/\/www.lagunamadrid.com\/#\/schema\/logo\/image\/","url":"https:\/\/www.lagunamadrid.com\/wp-content\/uploads\/2019\/11\/LOGOpositivo-e1574944642744.jpg","contentUrl":"https:\/\/www.lagunamadrid.com\/wp-content\/uploads\/2019\/11\/LOGOpositivo-e1574944642744.jpg","width":250,"height":106,"caption":"Vinos y Aceites Laguna S.L."},"image":{"@id":"https:\/\/www.lagunamadrid.com\/#\/schema\/logo\/image\/"}}]}},"_links":{"self":[{"href":"https:\/\/www.lagunamadrid.com\/en\/wp-json\/wp\/v2\/product\/2485","targetHints":{"allow":["GET"]}}],"collection":[{"href":"https:\/\/www.lagunamadrid.com\/en\/wp-json\/wp\/v2\/product"}],"about":[{"href":"https:\/\/www.lagunamadrid.com\/en\/wp-json\/wp\/v2\/types\/product"}],"wp:featuredmedia":[{"embeddable":true,"href":"https:\/\/www.lagunamadrid.com\/en\/wp-json\/wp\/v2\/media\/4407"}],"wp:attachment":[{"href":"https:\/\/www.lagunamadrid.com\/en\/wp-json\/wp\/v2\/media?parent=2485"}],"wp:term":[{"taxonomy":"product_brand","embeddable":true,"href":"https:\/\/www.lagunamadrid.com\/en\/wp-json\/wp\/v2\/product_brand?post=2485"},{"taxonomy":"product_cat","embeddable":true,"href":"https:\/\/www.lagunamadrid.com\/en\/wp-json\/wp\/v2\/product_cat?post=2485"},{"taxonomy":"product_tag","embeddable":true,"href":"https:\/\/www.lagunamadrid.com\/en\/wp-json\/wp\/v2\/product_tag?post=2485"}],"curies":[{"name":"wp","href":"https:\/\/api.w.org\/{rel}","templated":true}]}}