{"id":2482,"date":"2020-03-05T19:13:53","date_gmt":"2020-03-05T18:13:53","guid":{"rendered":"http:\/\/www.lagunamadrid.com\/?post_type=product&#038;p=2482"},"modified":"2025-02-06T18:27:16","modified_gmt":"2025-02-06T17:27:16","slug":"alma-de-laguna","status":"publish","type":"product","link":"https:\/\/www.lagunamadrid.com\/en\/tienda\/aceite-ecologico\/alma-de-laguna\/","title":{"rendered":"Alma de Laguna &#8211; ECO &#8211; 500 ml. (Caja de 6 unidades)"},"content":{"rendered":"","protected":false},"excerpt":{"rendered":"<p>&nbsp;<\/p>\n<h4><strong>ACEITE DE OLIVA VIRGEN EXTRA ECOL\u00d3GICO<\/strong><\/h4>\n<h4><strong>Producci\u00f3n Limitada<\/strong><\/h4>\n<p>&nbsp;<\/p>\n<h4><strong>VARIEDADES:<\/strong> Cornicabra y Arbequina<\/h4>\n<p>&nbsp;<\/p>\n<h4 style=\"text-align: justify;\"><strong>ELABORACI\u00d3N:<\/strong><br \/>\nElaborando por separado y de forma independiente las mejores partidas de las variedades cornicabra y arbequina, se consigue obtener lo mejor de cada una de ellas. Nuestro ole\u00f3logo se encarga de dirigir la extracci\u00f3n en funci\u00f3n de las caracter\u00edsticas deseadas.<br \/>\nPosteriormente, en cata, se decide el ensamblado final, de edici\u00f3n muy limitada tratando de obtener la complejidad y el equilibrio perfecto que aporte una personalidad marcada.<\/h4>\n<h4 style=\"text-align: justify;\"><\/h4>\n<p>&nbsp;<\/p>\n<h4 style=\"text-align: justify;\"><strong>NOTA DE CATA:<\/strong><br \/>\nDe cultivo ecol\u00f3gico y recolecci\u00f3n temprana para extraer su m\u00e1ximo potencial de aromas.<\/h4>\n<h4 style=\"text-align: justify;\">De color entre verde y oro, con aroma limpio y con tonos de frutado de frutado verde, almendra , tomate verde, manzana, y en menor medida a pl\u00e1tano verde.<\/h4>\n<h4 style=\"text-align: justify;\">En boca se reafirman sus aromas, apreciando un amargo y picante bien equilibrado.<\/h4>\n<p>&nbsp;<\/p>\n<h4 style=\"text-align: justify;\"><strong>MARIDAJE:<\/strong><br \/>\nIdeal para tostadas, ensaladas de hoja verde y queso fresco. Marida a la perfecci\u00f3n con quesos fuertes, cecinas y embutidos. Potenciador del sabor en pastas, verduras y legumbres como los garbanzos. Realza el sabor de pescados cocinados al vapor. Perfecto en Sushi y pescados blancos como el bacalao hervido Ideal como conservante debido al elevado contenido en antioxidantes naturales.<\/h4>\n<p>&nbsp;<\/p>\n","protected":false},"featured_media":4404,"template":"","meta":[],"product_brand":[],"product_cat":[109],"product_tag":[],"class_list":{"0":"post-2482","1":"product","2":"type-product","3":"status-publish","4":"has-post-thumbnail","6":"product_cat-aceite-ecologico","7":"product_shipping_class-por-agencia-3-4-dias","9":"first","10":"instock","11":"taxable","12":"shipping-taxable","13":"purchasable","14":"product-type-simple"},"yoast_head":"<!-- This site is optimized with the Yoast SEO plugin v27.1.1 - https:\/\/yoast.com\/product\/yoast-seo-wordpress\/ -->\n<title>Alma de Laguna - ECO - 500 ml. (Caja de 6 unidades) - Vinos y Aceites Laguna<\/title>\n<meta name=\"robots\" content=\"index, follow, max-snippet:-1, max-image-preview:large, max-video-preview:-1\" \/>\n<link rel=\"canonical\" href=\"https:\/\/www.lagunamadrid.com\/tienda\/aceite-ecologico\/alma-de-laguna\/\" \/>\n<meta property=\"og:locale\" content=\"en_US\" \/>\n<meta property=\"og:type\" content=\"article\" \/>\n<meta property=\"og:title\" content=\"Alma de Laguna - ECO - 500 ml. (Caja de 6 unidades) - Vinos y Aceites Laguna\" \/>\n<meta property=\"og:description\" content=\"[:es]&nbsp; ACEITE DE OLIVA VIRGEN EXTRA ECOL\u00d3GICO Producci\u00f3n Limitada &nbsp; VARIEDADES: Cornicabra y Manzanilla Cacere\u00f1a &nbsp; ELABORACI\u00d3N: Elaborando por separado y de forma independiente las mejores partidas de las variedades cornicabra y manzanilla, se consigue obtener lo mejor de cada una de ellas. Nuestro ole\u00f3logo se encarga de dirigir la extracci\u00f3n en funci\u00f3n de las caracter\u00edsticas deseadas. Posteriormente, en cata, se decide el ensamblado final, de edici\u00f3n muy limitada tratando de obtener la complejidad y el equilibrio perfecto que aporte una personalidad marcada.  &nbsp; NOTA DE CATA: De cultivo ecol\u00f3gico y recolecci\u00f3n temprana para extraer su m\u00e1ximo potencial de aromas. De color entre verde y oro, con aroma limpio y con tonos de frutado de frutado verde, almendra , tomate verde, manzana, y en menor medida a pl\u00e1tano verde. En boca se reafirman sus aromas, apreciando un amargo y picante bien equilibrado. &nbsp; MARIDAJE: Ideal para tostadas, ensaladas de hoja verde y queso fresco. Marida a la perfecci\u00f3n con quesos fuertes, cecinas y embutidos. Potenciador del sabor en pastas, verduras y legumbres como los garbanzos. Realza el sabor de pescados cocinados al vapor. Perfecto en Sushi y pescados blancos como el bacalao hervido Ideal como conservante debido al elevado contenido en antioxidantes naturales. &nbsp;[:en]&nbsp; ACEITE DE OLIVA VIRGEN EXTRA ECOL\u00d3GICO Producci\u00f3n Limitada &nbsp; VARIEDADES: Cornicabra y Arbequina &nbsp; ELABORACI\u00d3N: Elaborando por separado y de forma independiente las mejores partidas de las variedades cornicabra y arbequina, se consigue obtener lo mejor de cada una de ellas. Nuestro ole\u00f3logo se encarga de dirigir la extracci\u00f3n en funci\u00f3n de las caracter\u00edsticas deseadas. Posteriormente, en cata, se decide el ensamblado final, de edici\u00f3n muy limitada tratando de obtener la complejidad y el equilibrio perfecto que aporte una personalidad marcada.  &nbsp; NOTA DE CATA: De cultivo ecol\u00f3gico y recolecci\u00f3n temprana para extraer su m\u00e1ximo potencial de aromas. De color entre verde y oro, con aroma limpio y con tonos de frutado de frutado verde, almendra , tomate verde, manzana, y en menor medida a pl\u00e1tano verde. En boca se reafirman sus aromas, apreciando un amargo y picante bien equilibrado. &nbsp; MARIDAJE: Ideal para tostadas, ensaladas de hoja verde y queso fresco. Marida a la perfecci\u00f3n con quesos fuertes, cecinas y embutidos. Potenciador del sabor en pastas, verduras y legumbres como los garbanzos. Realza el sabor de pescados cocinados al vapor. Perfecto en Sushi y pescados blancos como el bacalao hervido Ideal como conservante debido al elevado contenido en antioxidantes naturales. &nbsp;[:]\" \/>\n<meta property=\"og:url\" content=\"https:\/\/www.lagunamadrid.com\/tienda\/aceite-ecologico\/alma-de-laguna\/\" \/>\n<meta property=\"og:site_name\" content=\"Vinos y Aceites Laguna\" \/>\n<meta property=\"article:modified_time\" content=\"2025-02-06T17:27:16+00:00\" \/>\n<meta property=\"og:image\" content=\"https:\/\/www.lagunamadrid.com\/wp-content\/uploads\/2020\/05\/ALMA-DE-LAGUNA-ECOLOGICO-SELECCION-500-ml..jpg\" \/>\n\t<meta property=\"og:image:width\" content=\"1724\" \/>\n\t<meta property=\"og:image:height\" content=\"2560\" \/>\n\t<meta property=\"og:image:type\" content=\"image\/jpeg\" \/>\n<meta name=\"twitter:card\" content=\"summary_large_image\" \/>\n<meta name=\"twitter:label1\" content=\"Est. reading time\" \/>\n\t<meta name=\"twitter:data1\" content=\"1 minute\" \/>\n<script type=\"application\/ld+json\" class=\"yoast-schema-graph\">{\"@context\":\"https:\/\/schema.org\",\"@graph\":[{\"@type\":\"WebPage\",\"@id\":\"https:\/\/www.lagunamadrid.com\/tienda\/aceite-ecologico\/alma-de-laguna\/\",\"url\":\"https:\/\/www.lagunamadrid.com\/tienda\/aceite-ecologico\/alma-de-laguna\/\",\"name\":\"Alma de Laguna - ECO - 500 ml. (Caja de 6 unidades) - Vinos y Aceites Laguna\",\"isPartOf\":{\"@id\":\"https:\/\/www.lagunamadrid.com\/#website\"},\"primaryImageOfPage\":{\"@id\":\"https:\/\/www.lagunamadrid.com\/tienda\/aceite-ecologico\/alma-de-laguna\/#primaryimage\"},\"image\":{\"@id\":\"https:\/\/www.lagunamadrid.com\/tienda\/aceite-ecologico\/alma-de-laguna\/#primaryimage\"},\"thumbnailUrl\":\"https:\/\/www.lagunamadrid.com\/wp-content\/uploads\/2020\/05\/ALMA-DE-LAGUNA-ECOLOGICO-SELECCION-500-ml..jpg\",\"datePublished\":\"2020-03-05T18:13:53+00:00\",\"dateModified\":\"2025-02-06T17:27:16+00:00\",\"breadcrumb\":{\"@id\":\"https:\/\/www.lagunamadrid.com\/tienda\/aceite-ecologico\/alma-de-laguna\/#breadcrumb\"},\"inLanguage\":\"en-US\",\"potentialAction\":[{\"@type\":\"ReadAction\",\"target\":[\"https:\/\/www.lagunamadrid.com\/tienda\/aceite-ecologico\/alma-de-laguna\/\"]}]},{\"@type\":\"ImageObject\",\"inLanguage\":\"en-US\",\"@id\":\"https:\/\/www.lagunamadrid.com\/tienda\/aceite-ecologico\/alma-de-laguna\/#primaryimage\",\"url\":\"https:\/\/www.lagunamadrid.com\/wp-content\/uploads\/2020\/05\/ALMA-DE-LAGUNA-ECOLOGICO-SELECCION-500-ml..jpg\",\"contentUrl\":\"https:\/\/www.lagunamadrid.com\/wp-content\/uploads\/2020\/05\/ALMA-DE-LAGUNA-ECOLOGICO-SELECCION-500-ml..jpg\",\"width\":1724,\"height\":2560,\"caption\":\"ALMA DE LAGUNA - SELECCI\u00d3N - ECOL\u00d3GICO - 500 ml.\"},{\"@type\":\"BreadcrumbList\",\"@id\":\"https:\/\/www.lagunamadrid.com\/tienda\/aceite-ecologico\/alma-de-laguna\/#breadcrumb\",\"itemListElement\":[{\"@type\":\"ListItem\",\"position\":1,\"name\":\"Portada\",\"item\":\"https:\/\/www.lagunamadrid.com\/\"},{\"@type\":\"ListItem\",\"position\":2,\"name\":\"Tienda\",\"item\":\"https:\/\/www.lagunamadrid.com\/boutique-2\/\"},{\"@type\":\"ListItem\",\"position\":3,\"name\":\"Alma de Laguna &#8211; ECO &#8211; 500 ml. (Caja de 6 unidades)\"}]},{\"@type\":\"WebSite\",\"@id\":\"https:\/\/www.lagunamadrid.com\/#website\",\"url\":\"https:\/\/www.lagunamadrid.com\/\",\"name\":\"Vinos y Aceites Laguna\",\"description\":\"Elaboraci\u00f3n de vino y aceite de oliva virgen extra\",\"publisher\":{\"@id\":\"https:\/\/www.lagunamadrid.com\/#organization\"},\"potentialAction\":[{\"@type\":\"SearchAction\",\"target\":{\"@type\":\"EntryPoint\",\"urlTemplate\":\"https:\/\/www.lagunamadrid.com\/?s={search_term_string}\"},\"query-input\":{\"@type\":\"PropertyValueSpecification\",\"valueRequired\":true,\"valueName\":\"search_term_string\"}}],\"inLanguage\":\"en-US\"},{\"@type\":\"Organization\",\"@id\":\"https:\/\/www.lagunamadrid.com\/#organization\",\"name\":\"Vinos y Aceites Laguna S.L.\",\"url\":\"https:\/\/www.lagunamadrid.com\/\",\"logo\":{\"@type\":\"ImageObject\",\"inLanguage\":\"en-US\",\"@id\":\"https:\/\/www.lagunamadrid.com\/#\/schema\/logo\/image\/\",\"url\":\"https:\/\/www.lagunamadrid.com\/wp-content\/uploads\/2019\/11\/LOGOpositivo-e1574944642744.jpg\",\"contentUrl\":\"https:\/\/www.lagunamadrid.com\/wp-content\/uploads\/2019\/11\/LOGOpositivo-e1574944642744.jpg\",\"width\":250,\"height\":106,\"caption\":\"Vinos y Aceites Laguna S.L.\"},\"image\":{\"@id\":\"https:\/\/www.lagunamadrid.com\/#\/schema\/logo\/image\/\"}}]}<\/script>\n<!-- \/ Yoast SEO plugin. -->","yoast_head_json":{"title":"Alma de Laguna - ECO - 500 ml. (Caja de 6 unidades) - Vinos y Aceites Laguna","robots":{"index":"index","follow":"follow","max-snippet":"max-snippet:-1","max-image-preview":"max-image-preview:large","max-video-preview":"max-video-preview:-1"},"canonical":"https:\/\/www.lagunamadrid.com\/tienda\/aceite-ecologico\/alma-de-laguna\/","og_locale":"en_US","og_type":"article","og_title":"Alma de Laguna - ECO - 500 ml. (Caja de 6 unidades) - Vinos y Aceites Laguna","og_description":"[:es]&nbsp; ACEITE DE OLIVA VIRGEN EXTRA ECOL\u00d3GICO Producci\u00f3n Limitada &nbsp; VARIEDADES: Cornicabra y Manzanilla Cacere\u00f1a &nbsp; ELABORACI\u00d3N: Elaborando por separado y de forma independiente las mejores partidas de las variedades cornicabra y manzanilla, se consigue obtener lo mejor de cada una de ellas. Nuestro ole\u00f3logo se encarga de dirigir la extracci\u00f3n en funci\u00f3n de las caracter\u00edsticas deseadas. Posteriormente, en cata, se decide el ensamblado final, de edici\u00f3n muy limitada tratando de obtener la complejidad y el equilibrio perfecto que aporte una personalidad marcada.  &nbsp; NOTA DE CATA: De cultivo ecol\u00f3gico y recolecci\u00f3n temprana para extraer su m\u00e1ximo potencial de aromas. De color entre verde y oro, con aroma limpio y con tonos de frutado de frutado verde, almendra , tomate verde, manzana, y en menor medida a pl\u00e1tano verde. En boca se reafirman sus aromas, apreciando un amargo y picante bien equilibrado. &nbsp; MARIDAJE: Ideal para tostadas, ensaladas de hoja verde y queso fresco. Marida a la perfecci\u00f3n con quesos fuertes, cecinas y embutidos. Potenciador del sabor en pastas, verduras y legumbres como los garbanzos. Realza el sabor de pescados cocinados al vapor. Perfecto en Sushi y pescados blancos como el bacalao hervido Ideal como conservante debido al elevado contenido en antioxidantes naturales. &nbsp;[:en]&nbsp; ACEITE DE OLIVA VIRGEN EXTRA ECOL\u00d3GICO Producci\u00f3n Limitada &nbsp; VARIEDADES: Cornicabra y Arbequina &nbsp; ELABORACI\u00d3N: Elaborando por separado y de forma independiente las mejores partidas de las variedades cornicabra y arbequina, se consigue obtener lo mejor de cada una de ellas. Nuestro ole\u00f3logo se encarga de dirigir la extracci\u00f3n en funci\u00f3n de las caracter\u00edsticas deseadas. Posteriormente, en cata, se decide el ensamblado final, de edici\u00f3n muy limitada tratando de obtener la complejidad y el equilibrio perfecto que aporte una personalidad marcada.  &nbsp; NOTA DE CATA: De cultivo ecol\u00f3gico y recolecci\u00f3n temprana para extraer su m\u00e1ximo potencial de aromas. De color entre verde y oro, con aroma limpio y con tonos de frutado de frutado verde, almendra , tomate verde, manzana, y en menor medida a pl\u00e1tano verde. En boca se reafirman sus aromas, apreciando un amargo y picante bien equilibrado. &nbsp; MARIDAJE: Ideal para tostadas, ensaladas de hoja verde y queso fresco. Marida a la perfecci\u00f3n con quesos fuertes, cecinas y embutidos. Potenciador del sabor en pastas, verduras y legumbres como los garbanzos. Realza el sabor de pescados cocinados al vapor. Perfecto en Sushi y pescados blancos como el bacalao hervido Ideal como conservante debido al elevado contenido en antioxidantes naturales. &nbsp;[:]","og_url":"https:\/\/www.lagunamadrid.com\/tienda\/aceite-ecologico\/alma-de-laguna\/","og_site_name":"Vinos y Aceites Laguna","article_modified_time":"2025-02-06T17:27:16+00:00","og_image":[{"width":1724,"height":2560,"url":"https:\/\/www.lagunamadrid.com\/wp-content\/uploads\/2020\/05\/ALMA-DE-LAGUNA-ECOLOGICO-SELECCION-500-ml..jpg","type":"image\/jpeg"}],"twitter_card":"summary_large_image","twitter_misc":{"Est. reading time":"1 minute"},"schema":{"@context":"https:\/\/schema.org","@graph":[{"@type":"WebPage","@id":"https:\/\/www.lagunamadrid.com\/tienda\/aceite-ecologico\/alma-de-laguna\/","url":"https:\/\/www.lagunamadrid.com\/tienda\/aceite-ecologico\/alma-de-laguna\/","name":"Alma de Laguna - ECO - 500 ml. (Caja de 6 unidades) - Vinos y Aceites Laguna","isPartOf":{"@id":"https:\/\/www.lagunamadrid.com\/#website"},"primaryImageOfPage":{"@id":"https:\/\/www.lagunamadrid.com\/tienda\/aceite-ecologico\/alma-de-laguna\/#primaryimage"},"image":{"@id":"https:\/\/www.lagunamadrid.com\/tienda\/aceite-ecologico\/alma-de-laguna\/#primaryimage"},"thumbnailUrl":"https:\/\/www.lagunamadrid.com\/wp-content\/uploads\/2020\/05\/ALMA-DE-LAGUNA-ECOLOGICO-SELECCION-500-ml..jpg","datePublished":"2020-03-05T18:13:53+00:00","dateModified":"2025-02-06T17:27:16+00:00","breadcrumb":{"@id":"https:\/\/www.lagunamadrid.com\/tienda\/aceite-ecologico\/alma-de-laguna\/#breadcrumb"},"inLanguage":"en-US","potentialAction":[{"@type":"ReadAction","target":["https:\/\/www.lagunamadrid.com\/tienda\/aceite-ecologico\/alma-de-laguna\/"]}]},{"@type":"ImageObject","inLanguage":"en-US","@id":"https:\/\/www.lagunamadrid.com\/tienda\/aceite-ecologico\/alma-de-laguna\/#primaryimage","url":"https:\/\/www.lagunamadrid.com\/wp-content\/uploads\/2020\/05\/ALMA-DE-LAGUNA-ECOLOGICO-SELECCION-500-ml..jpg","contentUrl":"https:\/\/www.lagunamadrid.com\/wp-content\/uploads\/2020\/05\/ALMA-DE-LAGUNA-ECOLOGICO-SELECCION-500-ml..jpg","width":1724,"height":2560,"caption":"ALMA DE LAGUNA - SELECCI\u00d3N - ECOL\u00d3GICO - 500 ml."},{"@type":"BreadcrumbList","@id":"https:\/\/www.lagunamadrid.com\/tienda\/aceite-ecologico\/alma-de-laguna\/#breadcrumb","itemListElement":[{"@type":"ListItem","position":1,"name":"Portada","item":"https:\/\/www.lagunamadrid.com\/"},{"@type":"ListItem","position":2,"name":"Tienda","item":"https:\/\/www.lagunamadrid.com\/boutique-2\/"},{"@type":"ListItem","position":3,"name":"Alma de Laguna &#8211; ECO &#8211; 500 ml. (Caja de 6 unidades)"}]},{"@type":"WebSite","@id":"https:\/\/www.lagunamadrid.com\/#website","url":"https:\/\/www.lagunamadrid.com\/","name":"Vinos y Aceites Laguna","description":"Elaboraci\u00f3n de vino y aceite de oliva virgen extra","publisher":{"@id":"https:\/\/www.lagunamadrid.com\/#organization"},"potentialAction":[{"@type":"SearchAction","target":{"@type":"EntryPoint","urlTemplate":"https:\/\/www.lagunamadrid.com\/?s={search_term_string}"},"query-input":{"@type":"PropertyValueSpecification","valueRequired":true,"valueName":"search_term_string"}}],"inLanguage":"en-US"},{"@type":"Organization","@id":"https:\/\/www.lagunamadrid.com\/#organization","name":"Vinos y Aceites Laguna S.L.","url":"https:\/\/www.lagunamadrid.com\/","logo":{"@type":"ImageObject","inLanguage":"en-US","@id":"https:\/\/www.lagunamadrid.com\/#\/schema\/logo\/image\/","url":"https:\/\/www.lagunamadrid.com\/wp-content\/uploads\/2019\/11\/LOGOpositivo-e1574944642744.jpg","contentUrl":"https:\/\/www.lagunamadrid.com\/wp-content\/uploads\/2019\/11\/LOGOpositivo-e1574944642744.jpg","width":250,"height":106,"caption":"Vinos y Aceites Laguna S.L."},"image":{"@id":"https:\/\/www.lagunamadrid.com\/#\/schema\/logo\/image\/"}}]}},"_links":{"self":[{"href":"https:\/\/www.lagunamadrid.com\/en\/wp-json\/wp\/v2\/product\/2482","targetHints":{"allow":["GET"]}}],"collection":[{"href":"https:\/\/www.lagunamadrid.com\/en\/wp-json\/wp\/v2\/product"}],"about":[{"href":"https:\/\/www.lagunamadrid.com\/en\/wp-json\/wp\/v2\/types\/product"}],"wp:featuredmedia":[{"embeddable":true,"href":"https:\/\/www.lagunamadrid.com\/en\/wp-json\/wp\/v2\/media\/4404"}],"wp:attachment":[{"href":"https:\/\/www.lagunamadrid.com\/en\/wp-json\/wp\/v2\/media?parent=2482"}],"wp:term":[{"taxonomy":"product_brand","embeddable":true,"href":"https:\/\/www.lagunamadrid.com\/en\/wp-json\/wp\/v2\/product_brand?post=2482"},{"taxonomy":"product_cat","embeddable":true,"href":"https:\/\/www.lagunamadrid.com\/en\/wp-json\/wp\/v2\/product_cat?post=2482"},{"taxonomy":"product_tag","embeddable":true,"href":"https:\/\/www.lagunamadrid.com\/en\/wp-json\/wp\/v2\/product_tag?post=2482"}],"curies":[{"name":"wp","href":"https:\/\/api.w.org\/{rel}","templated":true}]}}