{"id":1356,"date":"2019-12-04T20:14:54","date_gmt":"2019-12-04T19:14:54","guid":{"rendered":"http:\/\/www.lagunamadrid.com\/?post_type=product&#038;p=1356"},"modified":"2026-04-20T17:41:16","modified_gmt":"2026-04-20T16:41:16","slug":"alma-tinto-joven-2021","status":"publish","type":"product","link":"https:\/\/www.lagunamadrid.com\/en\/tienda\/vino\/alma-tinto-joven-2021\/","title":{"rendered":"ALMA &#8211; Young Red Wine 2023 (6 units per box)"},"content":{"rendered":"","protected":false},"excerpt":{"rendered":"<p>&nbsp;<\/p>\n<h4><strong>O.D.: &#8220;VINOS DE MADRID&#8221;<\/strong><\/h4>\n<p>&nbsp;<\/p>\n<h4><strong>Bottle:<\/strong> 750 ml.<\/h4>\n<p>&nbsp;<\/p>\n<h4 class=\"p1\"><strong>GRAPE VARIETIES: <\/strong>100% Tempranillo<\/h4>\n<h4><\/h4>\n<p>&nbsp;<\/p>\n<h4 class=\"p1\" style=\"text-align: justify;\"><b>WINEMAKING:<br \/>\n<\/b>The raw material for this wine is an exceptional grape collected from our best Tempranillo vineyards which are harvested during the night to protect them from high daytime temperatures.<\/h4>\n<h4 style=\"text-align: justify;\">The must macerate with it skins to ensure that as much of the fruit aromas as possible were retained and the maximum colour was extracted. Alcoholic fermentation, which takes place in stainless- steel tanks at strictly controlled temperature, is followed by malolactic fermentation.<\/h4>\n<h4 style=\"text-align: justify;\"><\/h4>\n<div class=\"text-content graphic_textbox_layout_style_default_External_418_315\" style=\"text-align: justify;\">\n<div class=\"graphic_textbox_layout_style_default\">\n<h4 class=\"paragraph_style_5\"><strong>TASTING NOTES:<br \/>\n<\/strong>Bright, deep cherry red colour with violet rim.<\/h4>\n<h4>Excellent aromas from Tempranillo variety such as raspberry, currant, cherry and floral notes. Flavoursome and fresh, with a gentle tannin.<\/h4>\n<p>&nbsp;<\/p>\n<\/div>\n<\/div>\n<div class=\"text-content graphic_textbox_layout_style_default_External_166_32\" style=\"text-align: justify;\">\n<div class=\"graphic_textbox_layout_style_default\">\n<h4 class=\"paragraph_style_5\" style=\"text-align: justify;\"><strong>PAIRING:<br \/>\n<\/strong>Perfect to pair whether with red or white meat dishes, rice, mushrooms or cured and blue cheeses.<\/h4>\n<p style=\"text-align: justify;\">\n<\/div>\n<\/div>\n<div class=\"text-content graphic_textbox_layout_style_default_External_467_72\">\n<div class=\"graphic_textbox_layout_style_default\">\n<h4 class=\"p1\" style=\"text-align: justify;\"><strong>Serving Temperature:\u00a0<\/strong><b> <\/b>15\u00ba C<\/h4>\n<p>&nbsp;<\/p>\n<h4 class=\"p2\" style=\"text-align: left;\"><span style=\"color: #a21730;\"><a style=\"color: #a21730;\" href=\"https:\/\/www.lagunamadrid.com\/wp-content\/uploads\/2020\/02\/ALMA-Young-Red-Wine-2018.pdf\" target=\"_blank\" rel=\"noopener noreferrer\">DOWNLOAD TASTING NOTE<\/a><\/span><\/h4>\n<p>&nbsp;<\/p>\n<p class=\"p2\" style=\"text-align: center;\">\n<\/div>\n<\/div>\n","protected":false},"featured_media":6385,"template":"","meta":[],"product_brand":[],"product_cat":[98],"product_tag":[],"class_list":{"0":"post-1356","1":"product","2":"type-product","3":"status-publish","4":"has-post-thumbnail","6":"product_cat-vino","7":"product_shipping_class-por-agencia-3-4-dias","9":"first","10":"instock","11":"taxable","12":"shipping-taxable","13":"purchasable","14":"product-type-simple"},"yoast_head":"<!-- This site is optimized with the Yoast SEO plugin v27.1.1 - https:\/\/yoast.com\/product\/yoast-seo-wordpress\/ -->\n<title>ALMA - Young Red Wine 2023 (6 units per box) - Vinos y Aceites Laguna<\/title>\n<meta name=\"robots\" content=\"index, follow, max-snippet:-1, max-image-preview:large, max-video-preview:-1\" \/>\n<link rel=\"canonical\" href=\"https:\/\/www.lagunamadrid.com\/tienda\/vino\/alma-tinto-joven-2021\/\" \/>\n<meta property=\"og:locale\" content=\"en_US\" \/>\n<meta property=\"og:type\" content=\"article\" \/>\n<meta property=\"og:title\" content=\"[:es]ALMA - Tinto Joven 2025 (Caja de 6 botellas)[:en]ALMA - Young Red Wine 2023 (6 units per box)[:] - Vinos y Aceites Laguna\" \/>\n<meta property=\"og:description\" content=\"[:es]D.O.: VINOS DE MADRID Botella: 750 ml. VARIEDADES: Tempranillo 100%  ELABORACI\u00d3N: Elaborado a partir de las uvas procedentes de nuestros mejores vi\u00f1edos de la variedad Tempranillo. La vendimia se realiza durante la noche, para evitar las altas temperaturas de la \u00e9poca. La uva es despalillada y estrujada \u00a0y el mosto permanece en contacto con los hollejos unos 10 d\u00edas, con el fin de extraer el color y potencial arom\u00e1tico que caracterizan a este vino. La fermentaci\u00f3n alcoh\u00f3lica tiene lugar en dep\u00f3sitos de acero inoxidable bajo control de temperatura, seguida por la fermentaci\u00f3n malol\u00e1ctica.  NOTA DE CATA: Llama la atenci\u00f3n su color cereza de marcada intensidad, con matices viol\u00e1ceos que denotan su juventud. En nariz encontramos la elevada expresi\u00f3n varietal de la Tempranillo, con aromas como frambuesa, grosella o cereza y notas florales. Es un vino sabroso y fresco, con un paso por boca amable y suave.  MARIDAJE: Perfecto para acompa\u00f1ar carnes blancas y rojas, arroces, legumbres estofadas, setas o quesos curados y azules.   Temperatura de Consumo: 15\u00ba C  DESCARGAR NOTA DE CATA  &nbsp;[:en]&nbsp; O.D.: &quot;VINOS DE MADRID&quot; &nbsp; Bottle: 750 ml. &nbsp; GRAPE VARIETIES: 100% Tempranillo  &nbsp; WINEMAKING: The raw material for this wine is an exceptional grape collected from our best Tempranillo vineyards which are harvested during the night to protect them from high daytime temperatures. The must macerate with it skins to ensure that as much of the fruit aromas as possible were retained and the maximum colour was extracted. Alcoholic fermentation, which takes place in stainless- steel tanks at strictly controlled temperature, is followed by malolactic fermentation.    TASTING NOTES: Bright, deep cherry red colour with violet rim. Excellent aromas from Tempranillo variety such as raspberry, currant, cherry and floral notes. Flavoursome and fresh, with a gentle tannin. &nbsp;      PAIRING: Perfect to pair whether with red or white meat dishes, rice, mushrooms or cured and blue cheeses.       Serving Temperature:\u00a0 15\u00ba C &nbsp; DOWNLOAD TASTING NOTE &nbsp;    [:]\" \/>\n<meta property=\"og:url\" content=\"https:\/\/www.lagunamadrid.com\/tienda\/vino\/alma-tinto-joven-2021\/\" \/>\n<meta property=\"og:site_name\" content=\"Vinos y Aceites Laguna\" \/>\n<meta property=\"article:modified_time\" content=\"2026-04-20T16:41:16+00:00\" \/>\n<meta property=\"og:image\" content=\"https:\/\/www.lagunamadrid.com\/wp-content\/uploads\/2024\/04\/tempranillo-web.jpg\" \/>\n\t<meta property=\"og:image:width\" content=\"1720\" \/>\n\t<meta property=\"og:image:height\" content=\"2560\" \/>\n\t<meta property=\"og:image:type\" content=\"image\/jpeg\" \/>\n<meta name=\"twitter:card\" content=\"summary_large_image\" \/>\n<meta name=\"twitter:label1\" content=\"Est. reading time\" \/>\n\t<meta name=\"twitter:data1\" content=\"1 minute\" \/>\n<script type=\"application\/ld+json\" class=\"yoast-schema-graph\">{\"@context\":\"https:\/\/schema.org\",\"@graph\":[{\"@type\":\"WebPage\",\"@id\":\"https:\/\/www.lagunamadrid.com\/tienda\/vino\/alma-tinto-joven-2021\/\",\"url\":\"https:\/\/www.lagunamadrid.com\/tienda\/vino\/alma-tinto-joven-2021\/\",\"name\":\"[:es]ALMA - Tinto Joven 2025 (Caja de 6 botellas)[:en]ALMA - Young Red Wine 2023 (6 units per box)[:] - Vinos y Aceites Laguna\",\"isPartOf\":{\"@id\":\"https:\/\/www.lagunamadrid.com\/#website\"},\"primaryImageOfPage\":{\"@id\":\"https:\/\/www.lagunamadrid.com\/tienda\/vino\/alma-tinto-joven-2021\/#primaryimage\"},\"image\":{\"@id\":\"https:\/\/www.lagunamadrid.com\/tienda\/vino\/alma-tinto-joven-2021\/#primaryimage\"},\"thumbnailUrl\":\"https:\/\/www.lagunamadrid.com\/wp-content\/uploads\/2024\/04\/tempranillo-web.jpg\",\"datePublished\":\"2019-12-04T19:14:54+00:00\",\"dateModified\":\"2026-04-20T16:41:16+00:00\",\"breadcrumb\":{\"@id\":\"https:\/\/www.lagunamadrid.com\/tienda\/vino\/alma-tinto-joven-2021\/#breadcrumb\"},\"inLanguage\":\"en-US\",\"potentialAction\":[{\"@type\":\"ReadAction\",\"target\":[\"https:\/\/www.lagunamadrid.com\/tienda\/vino\/alma-tinto-joven-2021\/\"]}]},{\"@type\":\"ImageObject\",\"inLanguage\":\"en-US\",\"@id\":\"https:\/\/www.lagunamadrid.com\/tienda\/vino\/alma-tinto-joven-2021\/#primaryimage\",\"url\":\"https:\/\/www.lagunamadrid.com\/wp-content\/uploads\/2024\/04\/tempranillo-web.jpg\",\"contentUrl\":\"https:\/\/www.lagunamadrid.com\/wp-content\/uploads\/2024\/04\/tempranillo-web.jpg\",\"width\":1720,\"height\":2560},{\"@type\":\"BreadcrumbList\",\"@id\":\"https:\/\/www.lagunamadrid.com\/tienda\/vino\/alma-tinto-joven-2021\/#breadcrumb\",\"itemListElement\":[{\"@type\":\"ListItem\",\"position\":1,\"name\":\"Portada\",\"item\":\"https:\/\/www.lagunamadrid.com\/\"},{\"@type\":\"ListItem\",\"position\":2,\"name\":\"Tienda\",\"item\":\"https:\/\/www.lagunamadrid.com\/boutique-2\/\"},{\"@type\":\"ListItem\",\"position\":3,\"name\":\"ALMA &#8211; Tinto Joven 2025 (Caja de 6 botellas)\"}]},{\"@type\":\"WebSite\",\"@id\":\"https:\/\/www.lagunamadrid.com\/#website\",\"url\":\"https:\/\/www.lagunamadrid.com\/\",\"name\":\"Vinos y Aceites Laguna\",\"description\":\"Elaboraci\u00f3n de vino y aceite de oliva virgen extra\",\"publisher\":{\"@id\":\"https:\/\/www.lagunamadrid.com\/#organization\"},\"potentialAction\":[{\"@type\":\"SearchAction\",\"target\":{\"@type\":\"EntryPoint\",\"urlTemplate\":\"https:\/\/www.lagunamadrid.com\/?s={search_term_string}\"},\"query-input\":{\"@type\":\"PropertyValueSpecification\",\"valueRequired\":true,\"valueName\":\"search_term_string\"}}],\"inLanguage\":\"en-US\"},{\"@type\":\"Organization\",\"@id\":\"https:\/\/www.lagunamadrid.com\/#organization\",\"name\":\"Vinos y Aceites Laguna S.L.\",\"url\":\"https:\/\/www.lagunamadrid.com\/\",\"logo\":{\"@type\":\"ImageObject\",\"inLanguage\":\"en-US\",\"@id\":\"https:\/\/www.lagunamadrid.com\/#\/schema\/logo\/image\/\",\"url\":\"https:\/\/www.lagunamadrid.com\/wp-content\/uploads\/2019\/11\/LOGOpositivo-e1574944642744.jpg\",\"contentUrl\":\"https:\/\/www.lagunamadrid.com\/wp-content\/uploads\/2019\/11\/LOGOpositivo-e1574944642744.jpg\",\"width\":250,\"height\":106,\"caption\":\"Vinos y Aceites Laguna S.L.\"},\"image\":{\"@id\":\"https:\/\/www.lagunamadrid.com\/#\/schema\/logo\/image\/\"}}]}<\/script>\n<!-- \/ Yoast SEO plugin. -->","yoast_head_json":{"title":"[:es]ALMA - Tinto Joven 2025 (Caja de 6 botellas)[:en]ALMA - Young Red Wine 2023 (6 units per box)[:] - Vinos y Aceites Laguna","robots":{"index":"index","follow":"follow","max-snippet":"max-snippet:-1","max-image-preview":"max-image-preview:large","max-video-preview":"max-video-preview:-1"},"canonical":"https:\/\/www.lagunamadrid.com\/tienda\/vino\/alma-tinto-joven-2021\/","og_locale":"en_US","og_type":"article","og_title":"[:es]ALMA - Tinto Joven 2025 (Caja de 6 botellas)[:en]ALMA - Young Red Wine 2023 (6 units per box)[:] - Vinos y Aceites Laguna","og_description":"[:es]D.O.: VINOS DE MADRID Botella: 750 ml. VARIEDADES: Tempranillo 100%  ELABORACI\u00d3N: Elaborado a partir de las uvas procedentes de nuestros mejores vi\u00f1edos de la variedad Tempranillo. La vendimia se realiza durante la noche, para evitar las altas temperaturas de la \u00e9poca. La uva es despalillada y estrujada \u00a0y el mosto permanece en contacto con los hollejos unos 10 d\u00edas, con el fin de extraer el color y potencial arom\u00e1tico que caracterizan a este vino. La fermentaci\u00f3n alcoh\u00f3lica tiene lugar en dep\u00f3sitos de acero inoxidable bajo control de temperatura, seguida por la fermentaci\u00f3n malol\u00e1ctica.  NOTA DE CATA: Llama la atenci\u00f3n su color cereza de marcada intensidad, con matices viol\u00e1ceos que denotan su juventud. En nariz encontramos la elevada expresi\u00f3n varietal de la Tempranillo, con aromas como frambuesa, grosella o cereza y notas florales. Es un vino sabroso y fresco, con un paso por boca amable y suave.  MARIDAJE: Perfecto para acompa\u00f1ar carnes blancas y rojas, arroces, legumbres estofadas, setas o quesos curados y azules.   Temperatura de Consumo: 15\u00ba C  DESCARGAR NOTA DE CATA  &nbsp;[:en]&nbsp; O.D.: \"VINOS DE MADRID\" &nbsp; Bottle: 750 ml. &nbsp; GRAPE VARIETIES: 100% Tempranillo  &nbsp; WINEMAKING: The raw material for this wine is an exceptional grape collected from our best Tempranillo vineyards which are harvested during the night to protect them from high daytime temperatures. The must macerate with it skins to ensure that as much of the fruit aromas as possible were retained and the maximum colour was extracted. Alcoholic fermentation, which takes place in stainless- steel tanks at strictly controlled temperature, is followed by malolactic fermentation.    TASTING NOTES: Bright, deep cherry red colour with violet rim. Excellent aromas from Tempranillo variety such as raspberry, currant, cherry and floral notes. Flavoursome and fresh, with a gentle tannin. &nbsp;      PAIRING: Perfect to pair whether with red or white meat dishes, rice, mushrooms or cured and blue cheeses.       Serving Temperature:\u00a0 15\u00ba C &nbsp; DOWNLOAD TASTING NOTE &nbsp;    [:]","og_url":"https:\/\/www.lagunamadrid.com\/tienda\/vino\/alma-tinto-joven-2021\/","og_site_name":"Vinos y Aceites Laguna","article_modified_time":"2026-04-20T16:41:16+00:00","og_image":[{"width":1720,"height":2560,"url":"https:\/\/www.lagunamadrid.com\/wp-content\/uploads\/2024\/04\/tempranillo-web.jpg","type":"image\/jpeg"}],"twitter_card":"summary_large_image","twitter_misc":{"Est. reading time":"1 minute"},"schema":{"@context":"https:\/\/schema.org","@graph":[{"@type":"WebPage","@id":"https:\/\/www.lagunamadrid.com\/tienda\/vino\/alma-tinto-joven-2021\/","url":"https:\/\/www.lagunamadrid.com\/tienda\/vino\/alma-tinto-joven-2021\/","name":"[:es]ALMA - Tinto Joven 2025 (Caja de 6 botellas)[:en]ALMA - Young Red Wine 2023 (6 units per box)[:] - Vinos y Aceites Laguna","isPartOf":{"@id":"https:\/\/www.lagunamadrid.com\/#website"},"primaryImageOfPage":{"@id":"https:\/\/www.lagunamadrid.com\/tienda\/vino\/alma-tinto-joven-2021\/#primaryimage"},"image":{"@id":"https:\/\/www.lagunamadrid.com\/tienda\/vino\/alma-tinto-joven-2021\/#primaryimage"},"thumbnailUrl":"https:\/\/www.lagunamadrid.com\/wp-content\/uploads\/2024\/04\/tempranillo-web.jpg","datePublished":"2019-12-04T19:14:54+00:00","dateModified":"2026-04-20T16:41:16+00:00","breadcrumb":{"@id":"https:\/\/www.lagunamadrid.com\/tienda\/vino\/alma-tinto-joven-2021\/#breadcrumb"},"inLanguage":"en-US","potentialAction":[{"@type":"ReadAction","target":["https:\/\/www.lagunamadrid.com\/tienda\/vino\/alma-tinto-joven-2021\/"]}]},{"@type":"ImageObject","inLanguage":"en-US","@id":"https:\/\/www.lagunamadrid.com\/tienda\/vino\/alma-tinto-joven-2021\/#primaryimage","url":"https:\/\/www.lagunamadrid.com\/wp-content\/uploads\/2024\/04\/tempranillo-web.jpg","contentUrl":"https:\/\/www.lagunamadrid.com\/wp-content\/uploads\/2024\/04\/tempranillo-web.jpg","width":1720,"height":2560},{"@type":"BreadcrumbList","@id":"https:\/\/www.lagunamadrid.com\/tienda\/vino\/alma-tinto-joven-2021\/#breadcrumb","itemListElement":[{"@type":"ListItem","position":1,"name":"Portada","item":"https:\/\/www.lagunamadrid.com\/"},{"@type":"ListItem","position":2,"name":"Tienda","item":"https:\/\/www.lagunamadrid.com\/boutique-2\/"},{"@type":"ListItem","position":3,"name":"ALMA &#8211; Tinto Joven 2025 (Caja de 6 botellas)"}]},{"@type":"WebSite","@id":"https:\/\/www.lagunamadrid.com\/#website","url":"https:\/\/www.lagunamadrid.com\/","name":"Vinos y Aceites Laguna","description":"Elaboraci\u00f3n de vino y aceite de oliva virgen extra","publisher":{"@id":"https:\/\/www.lagunamadrid.com\/#organization"},"potentialAction":[{"@type":"SearchAction","target":{"@type":"EntryPoint","urlTemplate":"https:\/\/www.lagunamadrid.com\/?s={search_term_string}"},"query-input":{"@type":"PropertyValueSpecification","valueRequired":true,"valueName":"search_term_string"}}],"inLanguage":"en-US"},{"@type":"Organization","@id":"https:\/\/www.lagunamadrid.com\/#organization","name":"Vinos y Aceites Laguna S.L.","url":"https:\/\/www.lagunamadrid.com\/","logo":{"@type":"ImageObject","inLanguage":"en-US","@id":"https:\/\/www.lagunamadrid.com\/#\/schema\/logo\/image\/","url":"https:\/\/www.lagunamadrid.com\/wp-content\/uploads\/2019\/11\/LOGOpositivo-e1574944642744.jpg","contentUrl":"https:\/\/www.lagunamadrid.com\/wp-content\/uploads\/2019\/11\/LOGOpositivo-e1574944642744.jpg","width":250,"height":106,"caption":"Vinos y Aceites Laguna S.L."},"image":{"@id":"https:\/\/www.lagunamadrid.com\/#\/schema\/logo\/image\/"}}]}},"_links":{"self":[{"href":"https:\/\/www.lagunamadrid.com\/en\/wp-json\/wp\/v2\/product\/1356","targetHints":{"allow":["GET"]}}],"collection":[{"href":"https:\/\/www.lagunamadrid.com\/en\/wp-json\/wp\/v2\/product"}],"about":[{"href":"https:\/\/www.lagunamadrid.com\/en\/wp-json\/wp\/v2\/types\/product"}],"wp:featuredmedia":[{"embeddable":true,"href":"https:\/\/www.lagunamadrid.com\/en\/wp-json\/wp\/v2\/media\/6385"}],"wp:attachment":[{"href":"https:\/\/www.lagunamadrid.com\/en\/wp-json\/wp\/v2\/media?parent=1356"}],"wp:term":[{"taxonomy":"product_brand","embeddable":true,"href":"https:\/\/www.lagunamadrid.com\/en\/wp-json\/wp\/v2\/product_brand?post=1356"},{"taxonomy":"product_cat","embeddable":true,"href":"https:\/\/www.lagunamadrid.com\/en\/wp-json\/wp\/v2\/product_cat?post=1356"},{"taxonomy":"product_tag","embeddable":true,"href":"https:\/\/www.lagunamadrid.com\/en\/wp-json\/wp\/v2\/product_tag?post=1356"}],"curies":[{"name":"wp","href":"https:\/\/api.w.org\/{rel}","templated":true}]}}