{"id":1353,"date":"2019-12-04T20:12:29","date_gmt":"2019-12-04T19:12:29","guid":{"rendered":"http:\/\/www.lagunamadrid.com\/?post_type=product&#038;p=1353"},"modified":"2026-04-20T17:45:15","modified_gmt":"2026-04-20T16:45:15","slug":"alma-rosado-semidulce-2022","status":"publish","type":"product","link":"https:\/\/www.lagunamadrid.com\/en\/tienda\/vino\/alma-rosado-semidulce-2022\/","title":{"rendered":"ALMA &#8211; Semi-Sweet Ros\u00e9 2023 (6 units per box)"},"content":{"rendered":"","protected":false},"excerpt":{"rendered":"<p>&nbsp;<\/p>\n<h4><strong>O.D.: &#8220;VINOS DE MADRID&#8221;<\/strong><\/h4>\n<p>&nbsp;<\/p>\n<h4><strong>Bottle:<\/strong> 750 ml.<\/h4>\n<p>&nbsp;<\/p>\n<h4 style=\"text-align: justify;\"><strong style=\"line-height: 1.5;\">GRAPE VARIETIES: <\/strong><span style=\"line-height: 1.5;\">80% Tempranillo 20% Garnacha<\/span><\/h4>\n<div id=\"id6\" class=\"style_SkipStroke_2 shape-with-text stroke_6\" style=\"text-align: justify;\">\n<div class=\"text-content graphic_textbox_layout_style_default_External_445_123\">\n<div class=\"graphic_textbox_layout_style_default\">\n<h4 class=\"p1\"><\/h4>\n<\/div>\n<\/div>\n<\/div>\n<p>&nbsp;<\/p>\n<h4 class=\"p1\" style=\"text-align: justify;\"><b>WINEMAKING:<br \/>\n<\/b>Once both varieties which are part of this wine have reached their optimum ripeness level, harvest starts during the night in order to preserve their quality and primary aromas. Maceration process is essential to obtain its characteristic colour and aromas.<\/h4>\n<h4 style=\"text-align: justify;\">We stop fermentation naturally before it ends, so that we can conserve certain residual sugar that comes from the grape and carbonic anhydride generated by the own yeasts in said process.<\/h4>\n<h4 style=\"text-align: justify;\"><\/h4>\n<p>&nbsp;<\/p>\n<h4 style=\"text-align: justify;\"><strong>TASTING NOTES:<\/strong><br \/>\nPale salmon colour. It perfectly expresses both varieties aromatic potential: strawberry, raspberry, and floral aromas.<\/h4>\n<h4 style=\"text-align: justify;\">Elegant sweetness well balanced with the freshness given by acidity and carbonic anhydride.<\/h4>\n<p>&nbsp;<\/p>\n<h4 class=\"paragraph_style_5\" style=\"text-align: justify;\"><strong>PAIRING:<br \/>\n<\/strong>Ideal as cocktail or aperitif. It is also a good match for white meat, pasta, rice dishes or mushrooms.<\/h4>\n<div class=\"text-content graphic_textbox_layout_style_default_External_467_72\">\n<div class=\"graphic_textbox_layout_style_default\">\n<h4><\/h4>\n<p>&nbsp;<\/p>\n<h4 class=\"p1\" style=\"text-align: justify;\"><strong>Serving Temperature:<\/strong> \u00a05\u00b0 C<\/h4>\n<p>&nbsp;<\/p>\n<h4 class=\"p2\" style=\"text-align: left;\"><a href=\"https:\/\/www.lagunamadrid.com\/wp-content\/uploads\/2022\/07\/ESP_FT-rosado-semi-21.pdf.pdf\" target=\"_blank\" rel=\"noopener noreferrer\"><span style=\"color: #a21730;\">DOWNLOAD TASTING NOTE<\/span><\/a><\/h4>\n<p>&nbsp;<\/p>\n<p class=\"p2\" style=\"text-align: center;\">\n<\/div>\n<\/div>\n","protected":false},"featured_media":6384,"template":"","meta":[],"product_brand":[],"product_cat":[98],"product_tag":[],"class_list":{"0":"post-1353","1":"product","2":"type-product","3":"status-publish","4":"has-post-thumbnail","6":"product_cat-vino","7":"product_shipping_class-por-agencia-3-4-dias","9":"first","10":"instock","11":"taxable","12":"shipping-taxable","13":"purchasable","14":"product-type-simple"},"yoast_head":"<!-- This site is optimized with the Yoast SEO plugin v27.1.1 - https:\/\/yoast.com\/product\/yoast-seo-wordpress\/ -->\n<title>ALMA - Semi-Sweet Ros\u00e9 2023 (6 units per box) - Vinos y Aceites Laguna<\/title>\n<meta name=\"robots\" content=\"index, follow, max-snippet:-1, max-image-preview:large, max-video-preview:-1\" \/>\n<link rel=\"canonical\" href=\"https:\/\/www.lagunamadrid.com\/tienda\/vino\/alma-rosado-semidulce-2022\/\" \/>\n<meta property=\"og:locale\" content=\"en_US\" \/>\n<meta property=\"og:type\" content=\"article\" \/>\n<meta property=\"og:title\" content=\"[:es]ALMA - Rosado Semidulce 2025 (Caja de 6 botellas)[:en]ALMA - Semi-Sweet Ros\u00e9 2023 (6 units per box)[:] - Vinos y Aceites Laguna\" \/>\n<meta property=\"og:description\" content=\"[:es]D.O.: VINOS DE MADRID Botella: 750 ml. VARIEDADES: 80% Tempranillo, 20% Garnacha ELABORACI\u00d3N:\u00a0 Una vez que las dos variedades han llegado a su punto \u00f3ptimo de maduraci\u00f3n, se realiza una vendimia nocturna con el fin de preservar la calidad y los aromas primarios de la uva. El mosto permanecer\u00e1 en contacto con los hollejos durante el tiempo necesario para obtener el color y el potencial arom\u00e1tico que caracteriza a este rosado. Realizamos una parada natural de la fermentaci\u00f3n alcoh\u00f3lica. Una vez consideramos que se ha alcanzado el equilibrio perfecto entre acidez, grado alcoh\u00f3lico y az\u00facar, conservando adem\u00e1s el carb\u00f3nico generado durante la propia fermentaci\u00f3n.  NOTA DE CATA: Presenta un color salm\u00f3n p\u00e1lido. En nariz expresa todo el potencial arom\u00e1tico de las variedades que lo componen, destacando aromas a fresa y frambuesa, con ciertas notas florales. En boca presenta un elegante toque goloso, que combina a la perfecci\u00f3n con la frescura que le aporta la acidez y el carb\u00f3nico residual. MARIDAJE: Alma de Valdeguerra Rosado Semidulce es un vino ideal para cocktail y aperitivo. Marida con carnes blancas, pasta, arroces y setas.  Temperatura de Consumo: 5\u00ba C  DESCARGAR NOTA DE CATA &nbsp; [:en]&nbsp; O.D.: &quot;VINOS DE MADRID&quot; &nbsp; Bottle: 750 ml. &nbsp; GRAPE VARIETIES: 80% Tempranillo 20% Garnacha        &nbsp; WINEMAKING: Once both varieties which are part of this wine have reached their optimum ripeness level, harvest starts during the night in order to preserve their quality and primary aromas. Maceration process is essential to obtain its characteristic colour and aromas. We stop fermentation naturally before it ends, so that we can conserve certain residual sugar that comes from the grape and carbonic anhydride generated by the own yeasts in said process.  &nbsp; TASTING NOTES: Pale salmon colour. It perfectly expresses both varieties aromatic potential: strawberry, raspberry, and floral aromas. Elegant sweetness well balanced with the freshness given by acidity and carbonic anhydride. &nbsp; PAIRING: Ideal as cocktail or aperitif. It is also a good match for white meat, pasta, rice dishes or mushrooms.    &nbsp; Serving Temperature: \u00a05\u00b0 C &nbsp; DOWNLOAD TASTING NOTE &nbsp;    [:]\" \/>\n<meta property=\"og:url\" content=\"https:\/\/www.lagunamadrid.com\/tienda\/vino\/alma-rosado-semidulce-2022\/\" \/>\n<meta property=\"og:site_name\" content=\"Vinos y Aceites Laguna\" \/>\n<meta property=\"article:modified_time\" content=\"2026-04-20T16:45:15+00:00\" \/>\n<meta property=\"og:image\" content=\"https:\/\/www.lagunamadrid.com\/wp-content\/uploads\/2024\/04\/rosado-semidulce-web.jpg\" \/>\n\t<meta property=\"og:image:width\" content=\"1720\" \/>\n\t<meta property=\"og:image:height\" content=\"2560\" \/>\n\t<meta property=\"og:image:type\" content=\"image\/jpeg\" \/>\n<meta name=\"twitter:card\" content=\"summary_large_image\" \/>\n<meta name=\"twitter:label1\" content=\"Est. reading time\" \/>\n\t<meta name=\"twitter:data1\" content=\"1 minute\" \/>\n<script type=\"application\/ld+json\" class=\"yoast-schema-graph\">{\"@context\":\"https:\/\/schema.org\",\"@graph\":[{\"@type\":\"WebPage\",\"@id\":\"https:\/\/www.lagunamadrid.com\/tienda\/vino\/alma-rosado-semidulce-2022\/\",\"url\":\"https:\/\/www.lagunamadrid.com\/tienda\/vino\/alma-rosado-semidulce-2022\/\",\"name\":\"[:es]ALMA - Rosado Semidulce 2025 (Caja de 6 botellas)[:en]ALMA - Semi-Sweet Ros\u00e9 2023 (6 units per box)[:] - Vinos y Aceites Laguna\",\"isPartOf\":{\"@id\":\"https:\/\/www.lagunamadrid.com\/#website\"},\"primaryImageOfPage\":{\"@id\":\"https:\/\/www.lagunamadrid.com\/tienda\/vino\/alma-rosado-semidulce-2022\/#primaryimage\"},\"image\":{\"@id\":\"https:\/\/www.lagunamadrid.com\/tienda\/vino\/alma-rosado-semidulce-2022\/#primaryimage\"},\"thumbnailUrl\":\"https:\/\/www.lagunamadrid.com\/wp-content\/uploads\/2024\/04\/rosado-semidulce-web.jpg\",\"datePublished\":\"2019-12-04T19:12:29+00:00\",\"dateModified\":\"2026-04-20T16:45:15+00:00\",\"breadcrumb\":{\"@id\":\"https:\/\/www.lagunamadrid.com\/tienda\/vino\/alma-rosado-semidulce-2022\/#breadcrumb\"},\"inLanguage\":\"en-US\",\"potentialAction\":[{\"@type\":\"ReadAction\",\"target\":[\"https:\/\/www.lagunamadrid.com\/tienda\/vino\/alma-rosado-semidulce-2022\/\"]}]},{\"@type\":\"ImageObject\",\"inLanguage\":\"en-US\",\"@id\":\"https:\/\/www.lagunamadrid.com\/tienda\/vino\/alma-rosado-semidulce-2022\/#primaryimage\",\"url\":\"https:\/\/www.lagunamadrid.com\/wp-content\/uploads\/2024\/04\/rosado-semidulce-web.jpg\",\"contentUrl\":\"https:\/\/www.lagunamadrid.com\/wp-content\/uploads\/2024\/04\/rosado-semidulce-web.jpg\",\"width\":1720,\"height\":2560},{\"@type\":\"BreadcrumbList\",\"@id\":\"https:\/\/www.lagunamadrid.com\/tienda\/vino\/alma-rosado-semidulce-2022\/#breadcrumb\",\"itemListElement\":[{\"@type\":\"ListItem\",\"position\":1,\"name\":\"Portada\",\"item\":\"https:\/\/www.lagunamadrid.com\/\"},{\"@type\":\"ListItem\",\"position\":2,\"name\":\"Tienda\",\"item\":\"https:\/\/www.lagunamadrid.com\/boutique-2\/\"},{\"@type\":\"ListItem\",\"position\":3,\"name\":\"ALMA &#8211; Rosado Semidulce 2025 (Caja de 6 botellas)\"}]},{\"@type\":\"WebSite\",\"@id\":\"https:\/\/www.lagunamadrid.com\/#website\",\"url\":\"https:\/\/www.lagunamadrid.com\/\",\"name\":\"Vinos y Aceites Laguna\",\"description\":\"Elaboraci\u00f3n de vino y aceite de oliva virgen extra\",\"publisher\":{\"@id\":\"https:\/\/www.lagunamadrid.com\/#organization\"},\"potentialAction\":[{\"@type\":\"SearchAction\",\"target\":{\"@type\":\"EntryPoint\",\"urlTemplate\":\"https:\/\/www.lagunamadrid.com\/?s={search_term_string}\"},\"query-input\":{\"@type\":\"PropertyValueSpecification\",\"valueRequired\":true,\"valueName\":\"search_term_string\"}}],\"inLanguage\":\"en-US\"},{\"@type\":\"Organization\",\"@id\":\"https:\/\/www.lagunamadrid.com\/#organization\",\"name\":\"Vinos y Aceites Laguna S.L.\",\"url\":\"https:\/\/www.lagunamadrid.com\/\",\"logo\":{\"@type\":\"ImageObject\",\"inLanguage\":\"en-US\",\"@id\":\"https:\/\/www.lagunamadrid.com\/#\/schema\/logo\/image\/\",\"url\":\"https:\/\/www.lagunamadrid.com\/wp-content\/uploads\/2019\/11\/LOGOpositivo-e1574944642744.jpg\",\"contentUrl\":\"https:\/\/www.lagunamadrid.com\/wp-content\/uploads\/2019\/11\/LOGOpositivo-e1574944642744.jpg\",\"width\":250,\"height\":106,\"caption\":\"Vinos y Aceites Laguna S.L.\"},\"image\":{\"@id\":\"https:\/\/www.lagunamadrid.com\/#\/schema\/logo\/image\/\"}}]}<\/script>\n<!-- \/ Yoast SEO plugin. -->","yoast_head_json":{"title":"[:es]ALMA - Rosado Semidulce 2025 (Caja de 6 botellas)[:en]ALMA - Semi-Sweet Ros\u00e9 2023 (6 units per box)[:] - Vinos y Aceites Laguna","robots":{"index":"index","follow":"follow","max-snippet":"max-snippet:-1","max-image-preview":"max-image-preview:large","max-video-preview":"max-video-preview:-1"},"canonical":"https:\/\/www.lagunamadrid.com\/tienda\/vino\/alma-rosado-semidulce-2022\/","og_locale":"en_US","og_type":"article","og_title":"[:es]ALMA - Rosado Semidulce 2025 (Caja de 6 botellas)[:en]ALMA - Semi-Sweet Ros\u00e9 2023 (6 units per box)[:] - Vinos y Aceites Laguna","og_description":"[:es]D.O.: VINOS DE MADRID Botella: 750 ml. VARIEDADES: 80% Tempranillo, 20% Garnacha ELABORACI\u00d3N:\u00a0 Una vez que las dos variedades han llegado a su punto \u00f3ptimo de maduraci\u00f3n, se realiza una vendimia nocturna con el fin de preservar la calidad y los aromas primarios de la uva. El mosto permanecer\u00e1 en contacto con los hollejos durante el tiempo necesario para obtener el color y el potencial arom\u00e1tico que caracteriza a este rosado. Realizamos una parada natural de la fermentaci\u00f3n alcoh\u00f3lica. Una vez consideramos que se ha alcanzado el equilibrio perfecto entre acidez, grado alcoh\u00f3lico y az\u00facar, conservando adem\u00e1s el carb\u00f3nico generado durante la propia fermentaci\u00f3n.  NOTA DE CATA: Presenta un color salm\u00f3n p\u00e1lido. En nariz expresa todo el potencial arom\u00e1tico de las variedades que lo componen, destacando aromas a fresa y frambuesa, con ciertas notas florales. En boca presenta un elegante toque goloso, que combina a la perfecci\u00f3n con la frescura que le aporta la acidez y el carb\u00f3nico residual. MARIDAJE: Alma de Valdeguerra Rosado Semidulce es un vino ideal para cocktail y aperitivo. Marida con carnes blancas, pasta, arroces y setas.  Temperatura de Consumo: 5\u00ba C  DESCARGAR NOTA DE CATA &nbsp; [:en]&nbsp; O.D.: \"VINOS DE MADRID\" &nbsp; Bottle: 750 ml. &nbsp; GRAPE VARIETIES: 80% Tempranillo 20% Garnacha        &nbsp; WINEMAKING: Once both varieties which are part of this wine have reached their optimum ripeness level, harvest starts during the night in order to preserve their quality and primary aromas. Maceration process is essential to obtain its characteristic colour and aromas. We stop fermentation naturally before it ends, so that we can conserve certain residual sugar that comes from the grape and carbonic anhydride generated by the own yeasts in said process.  &nbsp; TASTING NOTES: Pale salmon colour. It perfectly expresses both varieties aromatic potential: strawberry, raspberry, and floral aromas. Elegant sweetness well balanced with the freshness given by acidity and carbonic anhydride. &nbsp; PAIRING: Ideal as cocktail or aperitif. It is also a good match for white meat, pasta, rice dishes or mushrooms.    &nbsp; Serving Temperature: \u00a05\u00b0 C &nbsp; DOWNLOAD TASTING NOTE &nbsp;    [:]","og_url":"https:\/\/www.lagunamadrid.com\/tienda\/vino\/alma-rosado-semidulce-2022\/","og_site_name":"Vinos y Aceites Laguna","article_modified_time":"2026-04-20T16:45:15+00:00","og_image":[{"width":1720,"height":2560,"url":"https:\/\/www.lagunamadrid.com\/wp-content\/uploads\/2024\/04\/rosado-semidulce-web.jpg","type":"image\/jpeg"}],"twitter_card":"summary_large_image","twitter_misc":{"Est. reading time":"1 minute"},"schema":{"@context":"https:\/\/schema.org","@graph":[{"@type":"WebPage","@id":"https:\/\/www.lagunamadrid.com\/tienda\/vino\/alma-rosado-semidulce-2022\/","url":"https:\/\/www.lagunamadrid.com\/tienda\/vino\/alma-rosado-semidulce-2022\/","name":"[:es]ALMA - Rosado Semidulce 2025 (Caja de 6 botellas)[:en]ALMA - Semi-Sweet Ros\u00e9 2023 (6 units per box)[:] - Vinos y Aceites Laguna","isPartOf":{"@id":"https:\/\/www.lagunamadrid.com\/#website"},"primaryImageOfPage":{"@id":"https:\/\/www.lagunamadrid.com\/tienda\/vino\/alma-rosado-semidulce-2022\/#primaryimage"},"image":{"@id":"https:\/\/www.lagunamadrid.com\/tienda\/vino\/alma-rosado-semidulce-2022\/#primaryimage"},"thumbnailUrl":"https:\/\/www.lagunamadrid.com\/wp-content\/uploads\/2024\/04\/rosado-semidulce-web.jpg","datePublished":"2019-12-04T19:12:29+00:00","dateModified":"2026-04-20T16:45:15+00:00","breadcrumb":{"@id":"https:\/\/www.lagunamadrid.com\/tienda\/vino\/alma-rosado-semidulce-2022\/#breadcrumb"},"inLanguage":"en-US","potentialAction":[{"@type":"ReadAction","target":["https:\/\/www.lagunamadrid.com\/tienda\/vino\/alma-rosado-semidulce-2022\/"]}]},{"@type":"ImageObject","inLanguage":"en-US","@id":"https:\/\/www.lagunamadrid.com\/tienda\/vino\/alma-rosado-semidulce-2022\/#primaryimage","url":"https:\/\/www.lagunamadrid.com\/wp-content\/uploads\/2024\/04\/rosado-semidulce-web.jpg","contentUrl":"https:\/\/www.lagunamadrid.com\/wp-content\/uploads\/2024\/04\/rosado-semidulce-web.jpg","width":1720,"height":2560},{"@type":"BreadcrumbList","@id":"https:\/\/www.lagunamadrid.com\/tienda\/vino\/alma-rosado-semidulce-2022\/#breadcrumb","itemListElement":[{"@type":"ListItem","position":1,"name":"Portada","item":"https:\/\/www.lagunamadrid.com\/"},{"@type":"ListItem","position":2,"name":"Tienda","item":"https:\/\/www.lagunamadrid.com\/boutique-2\/"},{"@type":"ListItem","position":3,"name":"ALMA &#8211; Rosado Semidulce 2025 (Caja de 6 botellas)"}]},{"@type":"WebSite","@id":"https:\/\/www.lagunamadrid.com\/#website","url":"https:\/\/www.lagunamadrid.com\/","name":"Vinos y Aceites Laguna","description":"Elaboraci\u00f3n de vino y aceite de oliva virgen extra","publisher":{"@id":"https:\/\/www.lagunamadrid.com\/#organization"},"potentialAction":[{"@type":"SearchAction","target":{"@type":"EntryPoint","urlTemplate":"https:\/\/www.lagunamadrid.com\/?s={search_term_string}"},"query-input":{"@type":"PropertyValueSpecification","valueRequired":true,"valueName":"search_term_string"}}],"inLanguage":"en-US"},{"@type":"Organization","@id":"https:\/\/www.lagunamadrid.com\/#organization","name":"Vinos y Aceites Laguna S.L.","url":"https:\/\/www.lagunamadrid.com\/","logo":{"@type":"ImageObject","inLanguage":"en-US","@id":"https:\/\/www.lagunamadrid.com\/#\/schema\/logo\/image\/","url":"https:\/\/www.lagunamadrid.com\/wp-content\/uploads\/2019\/11\/LOGOpositivo-e1574944642744.jpg","contentUrl":"https:\/\/www.lagunamadrid.com\/wp-content\/uploads\/2019\/11\/LOGOpositivo-e1574944642744.jpg","width":250,"height":106,"caption":"Vinos y Aceites Laguna S.L."},"image":{"@id":"https:\/\/www.lagunamadrid.com\/#\/schema\/logo\/image\/"}}]}},"_links":{"self":[{"href":"https:\/\/www.lagunamadrid.com\/en\/wp-json\/wp\/v2\/product\/1353","targetHints":{"allow":["GET"]}}],"collection":[{"href":"https:\/\/www.lagunamadrid.com\/en\/wp-json\/wp\/v2\/product"}],"about":[{"href":"https:\/\/www.lagunamadrid.com\/en\/wp-json\/wp\/v2\/types\/product"}],"wp:featuredmedia":[{"embeddable":true,"href":"https:\/\/www.lagunamadrid.com\/en\/wp-json\/wp\/v2\/media\/6384"}],"wp:attachment":[{"href":"https:\/\/www.lagunamadrid.com\/en\/wp-json\/wp\/v2\/media?parent=1353"}],"wp:term":[{"taxonomy":"product_brand","embeddable":true,"href":"https:\/\/www.lagunamadrid.com\/en\/wp-json\/wp\/v2\/product_brand?post=1353"},{"taxonomy":"product_cat","embeddable":true,"href":"https:\/\/www.lagunamadrid.com\/en\/wp-json\/wp\/v2\/product_cat?post=1353"},{"taxonomy":"product_tag","embeddable":true,"href":"https:\/\/www.lagunamadrid.com\/en\/wp-json\/wp\/v2\/product_tag?post=1353"}],"curies":[{"name":"wp","href":"https:\/\/api.w.org\/{rel}","templated":true}]}}