{"id":1351,"date":"2019-12-04T20:11:01","date_gmt":"2019-12-04T19:11:01","guid":{"rendered":"http:\/\/www.lagunamadrid.com\/?post_type=product&#038;p=1351"},"modified":"2026-01-22T13:04:48","modified_gmt":"2026-01-22T12:04:48","slug":"alma-blanco-semidulce-2022","status":"publish","type":"product","link":"https:\/\/www.lagunamadrid.com\/en\/tienda\/vino\/alma-blanco-semidulce-2022\/","title":{"rendered":"ALMA &#8211; Semi-Sweet White 2023 (6 Units per box)"},"content":{"rendered":"","protected":false},"excerpt":{"rendered":"<p>&nbsp;<\/p>\n<h4><strong>O.D.: &#8220;VINOS DE MADRID&#8221;<\/strong><\/h4>\n<p>&nbsp;<\/p>\n<h4><strong>Bottle:<\/strong> 750 ml.<\/h4>\n<p>&nbsp;<\/p>\n<h4><strong>GRAPE VARIETIES: <\/strong>Malvar 100%<\/h4>\n<h4><\/h4>\n<p>&nbsp;<\/p>\n<h4 style=\"text-align: justify;\"><strong>WINEMAKING:<\/strong><br \/>\nThe exceptional quality of the grapes and a proper follow-up of the winemaking process are essential in order to obtain one of our most iconic wines. Low temperature control during the must&#8217;s alcoholic fermentation allow us to preserve primary aromas.<\/h4>\n<p>&nbsp;<\/p>\n<h4 style=\"text-align: justify;\">We stop fermentation naturally before it ends, so that we can conserve certain residual sugar that comes from the grape and carbonic anhydride generated by the own yeasts in said process.<\/h4>\n<p>&nbsp;<\/p>\n<h4 style=\"text-align: justify;\"><strong>TASTING NOTE:<\/strong><br \/>\nPale yellow wine with slight greenish hues typical from Malvar variety.<\/h4>\n<p>&nbsp;<\/p>\n<h4 style=\"text-align: justify;\">With high aroma intensity, it is also fresh and fruity. Banana, ripe apple and honey aromas.<\/h4>\n<p>&nbsp;<\/p>\n<h4 style=\"text-align: justify;\">Elegant sweetness well balanced with the freshness given by acidity and carbonic anhydride.<\/h4>\n<p>&nbsp;<\/p>\n<p>&nbsp;<\/p>\n<h4 style=\"text-align: justify;\"><strong>PAIRING:<\/strong><br \/>\nA wine for all occasions. Ideal as an aperitif or desert. It is also the perfect pairing to foie gras, sweet and sour dishes, curry, Asian cuisine, and goat-milk cheese.<\/h4>\n<p>&nbsp;<\/p>\n<h4><\/h4>\n<h4><strong>Service Temperature:<\/strong> 4- 5\u00ba C<\/h4>\n<p>&nbsp;<\/p>\n<h4 class=\"p2\" style=\"text-align: left;\"><a href=\"https:\/\/www.lagunamadrid.com\/wp-content\/uploads\/2022\/07\/ING_FT-blanco-semi-21.pdf.pdf\" target=\"_blank\" rel=\"noopener noreferrer\"><span style=\"color: #a31731;\">DOWNLOAD TASTING NOTE<\/span><\/a><\/h4>\n<p>&nbsp;<\/p>\n<p>&nbsp;<\/p>\n","protected":false},"featured_media":6248,"template":"","meta":[],"product_brand":[],"product_cat":[98],"product_tag":[],"class_list":{"0":"post-1351","1":"product","2":"type-product","3":"status-publish","4":"has-post-thumbnail","6":"product_cat-vino","7":"product_shipping_class-por-agencia-3-4-dias","9":"first","10":"instock","11":"taxable","12":"shipping-taxable","13":"purchasable","14":"product-type-simple"},"yoast_head":"<!-- This site is optimized with the Yoast SEO plugin v27.1.1 - https:\/\/yoast.com\/product\/yoast-seo-wordpress\/ -->\n<title>ALMA - Semi-Sweet White 2023 (6 Units per box) - Vinos y Aceites Laguna<\/title>\n<meta name=\"robots\" content=\"index, follow, max-snippet:-1, max-image-preview:large, max-video-preview:-1\" \/>\n<link rel=\"canonical\" href=\"https:\/\/www.lagunamadrid.com\/tienda\/vino\/alma-blanco-semidulce-2022\/\" \/>\n<meta property=\"og:locale\" content=\"en_US\" \/>\n<meta property=\"og:type\" content=\"article\" \/>\n<meta property=\"og:title\" content=\"[:es]ALMA - Blanco Semidulce 2024 (Caja de 6 botellas)[:en]ALMA - Semi-Sweet White 2023 (6 Units per box)[:] - Vinos y Aceites Laguna\" \/>\n<meta property=\"og:description\" content=\"[:es]&nbsp; D.O.: VINOS DE MADRID Botella: 750 ml. &nbsp; VARIEDADES: Malvar 100% ELABORACI\u00d3N: La excelente calidad de la uva y un adecuado seguimiento de la elaboraci\u00f3n son fundamentales para obtener uno de nuestros vinos m\u00e1s ic\u00f3nicos. El mosto realiza la fermentaci\u00f3n alcoh\u00f3lica bajo un control de temperatura que nos ayuda a conservar los aromas varietales. Antes de que finalice, realizamos una parada natural de la fermentaci\u00f3n, lo que nos permite conservar cierta cantidad de az\u00facar residual de la uva, adem\u00e1s del carb\u00f3nico generado por las propias levaduras durante el proceso. NOTA DE CATA: Es un vino de color amarillo p\u00e1lido, con ligeros reflejos verdosos caracter\u00edsticos de la variedad Malvar. De elevada intensidad arom\u00e1tica, es adem\u00e1s fresco y afrutado; recuerda a pl\u00e1tano y manzana madura, e incluso a miel. En boca tiene un dulzor elegante, bien equilibrado con la frescura que le aporta una buena acidez y el carb\u00f3nico residual. MARIDAJE: Alma de Valdeguerra Semidulce es un vino vers\u00e1til, capaz de adaptarse a pr\u00e1cticamente cualquier situaci\u00f3n. Es ideal tanto como aperitivo, como para el postre acompa\u00f1ado de pastas. Resulta perfecto tambi\u00e9n con mariscos y pescados crudos, cocidos y en salsa, mousse de pescado y marisco, ahumados, sopas y quesos frescos. Temperatura de Consumo: 4- 5\u00ba C    DESCARGAR NOTA DE CATA &nbsp;[:en]&nbsp; O.D.: &quot;VINOS DE MADRID&quot; &nbsp; Bottle: 750 ml. &nbsp; GRAPE VARIETIES: Malvar 100%  &nbsp; WINEMAKING: The exceptional quality of the grapes and a proper follow-up of the winemaking process are essential in order to obtain one of our most iconic wines. Low temperature control during the must&#039;s alcoholic fermentation allow us to preserve primary aromas. &nbsp; We stop fermentation naturally before it ends, so that we can conserve certain residual sugar that comes from the grape and carbonic anhydride generated by the own yeasts in said process. &nbsp; TASTING NOTE: Pale yellow wine with slight greenish hues typical from Malvar variety. &nbsp; With high aroma intensity, it is also fresh and fruity. Banana, ripe apple and honey aromas. &nbsp; Elegant sweetness well balanced with the freshness given by acidity and carbonic anhydride. &nbsp;  &nbsp; PAIRING: A wine for all occasions. Ideal as an aperitif or desert. It is also the perfect pairing to foie gras, sweet and sour dishes, curry, Asian cuisine, and goat-milk cheese. &nbsp;  Service Temperature: 4- 5\u00ba C &nbsp; DOWNLOAD TASTING NOTE &nbsp;  &nbsp;[:]\" \/>\n<meta property=\"og:url\" content=\"https:\/\/www.lagunamadrid.com\/tienda\/vino\/alma-blanco-semidulce-2022\/\" \/>\n<meta property=\"og:site_name\" content=\"Vinos y Aceites Laguna\" \/>\n<meta property=\"article:modified_time\" content=\"2026-01-22T12:04:48+00:00\" \/>\n<meta property=\"og:image\" content=\"https:\/\/www.lagunamadrid.com\/wp-content\/uploads\/2023\/12\/ALMA-Semi-Dulce.jpg\" \/>\n\t<meta property=\"og:image:width\" content=\"1721\" \/>\n\t<meta property=\"og:image:height\" content=\"2560\" \/>\n\t<meta property=\"og:image:type\" content=\"image\/jpeg\" \/>\n<meta name=\"twitter:card\" content=\"summary_large_image\" \/>\n<meta name=\"twitter:label1\" content=\"Est. reading time\" \/>\n\t<meta name=\"twitter:data1\" content=\"1 minute\" \/>\n<script type=\"application\/ld+json\" class=\"yoast-schema-graph\">{\"@context\":\"https:\/\/schema.org\",\"@graph\":[{\"@type\":\"WebPage\",\"@id\":\"https:\/\/www.lagunamadrid.com\/tienda\/vino\/alma-blanco-semidulce-2022\/\",\"url\":\"https:\/\/www.lagunamadrid.com\/tienda\/vino\/alma-blanco-semidulce-2022\/\",\"name\":\"[:es]ALMA - Blanco Semidulce 2024 (Caja de 6 botellas)[:en]ALMA - Semi-Sweet White 2023 (6 Units per box)[:] - Vinos y Aceites Laguna\",\"isPartOf\":{\"@id\":\"https:\/\/www.lagunamadrid.com\/#website\"},\"primaryImageOfPage\":{\"@id\":\"https:\/\/www.lagunamadrid.com\/tienda\/vino\/alma-blanco-semidulce-2022\/#primaryimage\"},\"image\":{\"@id\":\"https:\/\/www.lagunamadrid.com\/tienda\/vino\/alma-blanco-semidulce-2022\/#primaryimage\"},\"thumbnailUrl\":\"https:\/\/www.lagunamadrid.com\/wp-content\/uploads\/2023\/12\/ALMA-Semi-Dulce.jpg\",\"datePublished\":\"2019-12-04T19:11:01+00:00\",\"dateModified\":\"2026-01-22T12:04:48+00:00\",\"breadcrumb\":{\"@id\":\"https:\/\/www.lagunamadrid.com\/tienda\/vino\/alma-blanco-semidulce-2022\/#breadcrumb\"},\"inLanguage\":\"en-US\",\"potentialAction\":[{\"@type\":\"ReadAction\",\"target\":[\"https:\/\/www.lagunamadrid.com\/tienda\/vino\/alma-blanco-semidulce-2022\/\"]}]},{\"@type\":\"ImageObject\",\"inLanguage\":\"en-US\",\"@id\":\"https:\/\/www.lagunamadrid.com\/tienda\/vino\/alma-blanco-semidulce-2022\/#primaryimage\",\"url\":\"https:\/\/www.lagunamadrid.com\/wp-content\/uploads\/2023\/12\/ALMA-Semi-Dulce.jpg\",\"contentUrl\":\"https:\/\/www.lagunamadrid.com\/wp-content\/uploads\/2023\/12\/ALMA-Semi-Dulce.jpg\",\"width\":1721,\"height\":2560},{\"@type\":\"BreadcrumbList\",\"@id\":\"https:\/\/www.lagunamadrid.com\/tienda\/vino\/alma-blanco-semidulce-2022\/#breadcrumb\",\"itemListElement\":[{\"@type\":\"ListItem\",\"position\":1,\"name\":\"Portada\",\"item\":\"https:\/\/www.lagunamadrid.com\/\"},{\"@type\":\"ListItem\",\"position\":2,\"name\":\"Tienda\",\"item\":\"https:\/\/www.lagunamadrid.com\/boutique-2\/\"},{\"@type\":\"ListItem\",\"position\":3,\"name\":\"[:es]ALMA &#8211; Blanco Semidulce 2024 (Caja de 6 botellas)[:en]ALMA &#8211; Semi-Sweet White 2023 (6 Units per box)[:]\"}]},{\"@type\":\"WebSite\",\"@id\":\"https:\/\/www.lagunamadrid.com\/#website\",\"url\":\"https:\/\/www.lagunamadrid.com\/\",\"name\":\"Vinos y Aceites Laguna\",\"description\":\"Elaboraci\u00f3n de vino y aceite de oliva virgen extra\",\"publisher\":{\"@id\":\"https:\/\/www.lagunamadrid.com\/#organization\"},\"potentialAction\":[{\"@type\":\"SearchAction\",\"target\":{\"@type\":\"EntryPoint\",\"urlTemplate\":\"https:\/\/www.lagunamadrid.com\/?s={search_term_string}\"},\"query-input\":{\"@type\":\"PropertyValueSpecification\",\"valueRequired\":true,\"valueName\":\"search_term_string\"}}],\"inLanguage\":\"en-US\"},{\"@type\":\"Organization\",\"@id\":\"https:\/\/www.lagunamadrid.com\/#organization\",\"name\":\"Vinos y Aceites Laguna S.L.\",\"url\":\"https:\/\/www.lagunamadrid.com\/\",\"logo\":{\"@type\":\"ImageObject\",\"inLanguage\":\"en-US\",\"@id\":\"https:\/\/www.lagunamadrid.com\/#\/schema\/logo\/image\/\",\"url\":\"https:\/\/www.lagunamadrid.com\/wp-content\/uploads\/2019\/11\/LOGOpositivo-e1574944642744.jpg\",\"contentUrl\":\"https:\/\/www.lagunamadrid.com\/wp-content\/uploads\/2019\/11\/LOGOpositivo-e1574944642744.jpg\",\"width\":250,\"height\":106,\"caption\":\"Vinos y Aceites Laguna S.L.\"},\"image\":{\"@id\":\"https:\/\/www.lagunamadrid.com\/#\/schema\/logo\/image\/\"}}]}<\/script>\n<!-- \/ Yoast SEO plugin. -->","yoast_head_json":{"title":"[:es]ALMA - Blanco Semidulce 2024 (Caja de 6 botellas)[:en]ALMA - Semi-Sweet White 2023 (6 Units per box)[:] - Vinos y Aceites Laguna","robots":{"index":"index","follow":"follow","max-snippet":"max-snippet:-1","max-image-preview":"max-image-preview:large","max-video-preview":"max-video-preview:-1"},"canonical":"https:\/\/www.lagunamadrid.com\/tienda\/vino\/alma-blanco-semidulce-2022\/","og_locale":"en_US","og_type":"article","og_title":"[:es]ALMA - Blanco Semidulce 2024 (Caja de 6 botellas)[:en]ALMA - Semi-Sweet White 2023 (6 Units per box)[:] - Vinos y Aceites Laguna","og_description":"[:es]&nbsp; D.O.: VINOS DE MADRID Botella: 750 ml. &nbsp; VARIEDADES: Malvar 100% ELABORACI\u00d3N: La excelente calidad de la uva y un adecuado seguimiento de la elaboraci\u00f3n son fundamentales para obtener uno de nuestros vinos m\u00e1s ic\u00f3nicos. El mosto realiza la fermentaci\u00f3n alcoh\u00f3lica bajo un control de temperatura que nos ayuda a conservar los aromas varietales. Antes de que finalice, realizamos una parada natural de la fermentaci\u00f3n, lo que nos permite conservar cierta cantidad de az\u00facar residual de la uva, adem\u00e1s del carb\u00f3nico generado por las propias levaduras durante el proceso. NOTA DE CATA: Es un vino de color amarillo p\u00e1lido, con ligeros reflejos verdosos caracter\u00edsticos de la variedad Malvar. De elevada intensidad arom\u00e1tica, es adem\u00e1s fresco y afrutado; recuerda a pl\u00e1tano y manzana madura, e incluso a miel. En boca tiene un dulzor elegante, bien equilibrado con la frescura que le aporta una buena acidez y el carb\u00f3nico residual. MARIDAJE: Alma de Valdeguerra Semidulce es un vino vers\u00e1til, capaz de adaptarse a pr\u00e1cticamente cualquier situaci\u00f3n. Es ideal tanto como aperitivo, como para el postre acompa\u00f1ado de pastas. Resulta perfecto tambi\u00e9n con mariscos y pescados crudos, cocidos y en salsa, mousse de pescado y marisco, ahumados, sopas y quesos frescos. Temperatura de Consumo: 4- 5\u00ba C    DESCARGAR NOTA DE CATA &nbsp;[:en]&nbsp; O.D.: \"VINOS DE MADRID\" &nbsp; Bottle: 750 ml. &nbsp; GRAPE VARIETIES: Malvar 100%  &nbsp; WINEMAKING: The exceptional quality of the grapes and a proper follow-up of the winemaking process are essential in order to obtain one of our most iconic wines. Low temperature control during the must's alcoholic fermentation allow us to preserve primary aromas. &nbsp; We stop fermentation naturally before it ends, so that we can conserve certain residual sugar that comes from the grape and carbonic anhydride generated by the own yeasts in said process. &nbsp; TASTING NOTE: Pale yellow wine with slight greenish hues typical from Malvar variety. &nbsp; With high aroma intensity, it is also fresh and fruity. Banana, ripe apple and honey aromas. &nbsp; Elegant sweetness well balanced with the freshness given by acidity and carbonic anhydride. &nbsp;  &nbsp; PAIRING: A wine for all occasions. Ideal as an aperitif or desert. It is also the perfect pairing to foie gras, sweet and sour dishes, curry, Asian cuisine, and goat-milk cheese. &nbsp;  Service Temperature: 4- 5\u00ba C &nbsp; DOWNLOAD TASTING NOTE &nbsp;  &nbsp;[:]","og_url":"https:\/\/www.lagunamadrid.com\/tienda\/vino\/alma-blanco-semidulce-2022\/","og_site_name":"Vinos y Aceites Laguna","article_modified_time":"2026-01-22T12:04:48+00:00","og_image":[{"width":1721,"height":2560,"url":"https:\/\/www.lagunamadrid.com\/wp-content\/uploads\/2023\/12\/ALMA-Semi-Dulce.jpg","type":"image\/jpeg"}],"twitter_card":"summary_large_image","twitter_misc":{"Est. reading time":"1 minute"},"schema":{"@context":"https:\/\/schema.org","@graph":[{"@type":"WebPage","@id":"https:\/\/www.lagunamadrid.com\/tienda\/vino\/alma-blanco-semidulce-2022\/","url":"https:\/\/www.lagunamadrid.com\/tienda\/vino\/alma-blanco-semidulce-2022\/","name":"[:es]ALMA - Blanco Semidulce 2024 (Caja de 6 botellas)[:en]ALMA - Semi-Sweet White 2023 (6 Units per box)[:] - Vinos y Aceites Laguna","isPartOf":{"@id":"https:\/\/www.lagunamadrid.com\/#website"},"primaryImageOfPage":{"@id":"https:\/\/www.lagunamadrid.com\/tienda\/vino\/alma-blanco-semidulce-2022\/#primaryimage"},"image":{"@id":"https:\/\/www.lagunamadrid.com\/tienda\/vino\/alma-blanco-semidulce-2022\/#primaryimage"},"thumbnailUrl":"https:\/\/www.lagunamadrid.com\/wp-content\/uploads\/2023\/12\/ALMA-Semi-Dulce.jpg","datePublished":"2019-12-04T19:11:01+00:00","dateModified":"2026-01-22T12:04:48+00:00","breadcrumb":{"@id":"https:\/\/www.lagunamadrid.com\/tienda\/vino\/alma-blanco-semidulce-2022\/#breadcrumb"},"inLanguage":"en-US","potentialAction":[{"@type":"ReadAction","target":["https:\/\/www.lagunamadrid.com\/tienda\/vino\/alma-blanco-semidulce-2022\/"]}]},{"@type":"ImageObject","inLanguage":"en-US","@id":"https:\/\/www.lagunamadrid.com\/tienda\/vino\/alma-blanco-semidulce-2022\/#primaryimage","url":"https:\/\/www.lagunamadrid.com\/wp-content\/uploads\/2023\/12\/ALMA-Semi-Dulce.jpg","contentUrl":"https:\/\/www.lagunamadrid.com\/wp-content\/uploads\/2023\/12\/ALMA-Semi-Dulce.jpg","width":1721,"height":2560},{"@type":"BreadcrumbList","@id":"https:\/\/www.lagunamadrid.com\/tienda\/vino\/alma-blanco-semidulce-2022\/#breadcrumb","itemListElement":[{"@type":"ListItem","position":1,"name":"Portada","item":"https:\/\/www.lagunamadrid.com\/"},{"@type":"ListItem","position":2,"name":"Tienda","item":"https:\/\/www.lagunamadrid.com\/boutique-2\/"},{"@type":"ListItem","position":3,"name":"[:es]ALMA &#8211; Blanco Semidulce 2024 (Caja de 6 botellas)[:en]ALMA &#8211; Semi-Sweet White 2023 (6 Units per box)[:]"}]},{"@type":"WebSite","@id":"https:\/\/www.lagunamadrid.com\/#website","url":"https:\/\/www.lagunamadrid.com\/","name":"Vinos y Aceites Laguna","description":"Elaboraci\u00f3n de vino y aceite de oliva virgen extra","publisher":{"@id":"https:\/\/www.lagunamadrid.com\/#organization"},"potentialAction":[{"@type":"SearchAction","target":{"@type":"EntryPoint","urlTemplate":"https:\/\/www.lagunamadrid.com\/?s={search_term_string}"},"query-input":{"@type":"PropertyValueSpecification","valueRequired":true,"valueName":"search_term_string"}}],"inLanguage":"en-US"},{"@type":"Organization","@id":"https:\/\/www.lagunamadrid.com\/#organization","name":"Vinos y Aceites Laguna S.L.","url":"https:\/\/www.lagunamadrid.com\/","logo":{"@type":"ImageObject","inLanguage":"en-US","@id":"https:\/\/www.lagunamadrid.com\/#\/schema\/logo\/image\/","url":"https:\/\/www.lagunamadrid.com\/wp-content\/uploads\/2019\/11\/LOGOpositivo-e1574944642744.jpg","contentUrl":"https:\/\/www.lagunamadrid.com\/wp-content\/uploads\/2019\/11\/LOGOpositivo-e1574944642744.jpg","width":250,"height":106,"caption":"Vinos y Aceites Laguna S.L."},"image":{"@id":"https:\/\/www.lagunamadrid.com\/#\/schema\/logo\/image\/"}}]}},"_links":{"self":[{"href":"https:\/\/www.lagunamadrid.com\/en\/wp-json\/wp\/v2\/product\/1351","targetHints":{"allow":["GET"]}}],"collection":[{"href":"https:\/\/www.lagunamadrid.com\/en\/wp-json\/wp\/v2\/product"}],"about":[{"href":"https:\/\/www.lagunamadrid.com\/en\/wp-json\/wp\/v2\/types\/product"}],"wp:featuredmedia":[{"embeddable":true,"href":"https:\/\/www.lagunamadrid.com\/en\/wp-json\/wp\/v2\/media\/6248"}],"wp:attachment":[{"href":"https:\/\/www.lagunamadrid.com\/en\/wp-json\/wp\/v2\/media?parent=1351"}],"wp:term":[{"taxonomy":"product_brand","embeddable":true,"href":"https:\/\/www.lagunamadrid.com\/en\/wp-json\/wp\/v2\/product_brand?post=1351"},{"taxonomy":"product_cat","embeddable":true,"href":"https:\/\/www.lagunamadrid.com\/en\/wp-json\/wp\/v2\/product_cat?post=1351"},{"taxonomy":"product_tag","embeddable":true,"href":"https:\/\/www.lagunamadrid.com\/en\/wp-json\/wp\/v2\/product_tag?post=1351"}],"curies":[{"name":"wp","href":"https:\/\/api.w.org\/{rel}","templated":true}]}}