{"id":1345,"date":"2019-12-04T20:07:29","date_gmt":"2019-12-04T19:07:29","guid":{"rendered":"http:\/\/www.lagunamadrid.com\/?post_type=product&#038;p=1345"},"modified":"2026-04-20T17:48:57","modified_gmt":"2026-04-20T16:48:57","slug":"alma-tinto-roble-2023","status":"publish","type":"product","link":"https:\/\/www.lagunamadrid.com\/en\/tienda\/vino\/alma-tinto-roble-2023\/","title":{"rendered":"ALMA &#8211; Roble 2023 (6 units per box)"},"content":{"rendered":"","protected":false},"excerpt":{"rendered":"<p>&nbsp;<\/p>\n<h4><strong>O.D.: &#8220;VINOS DE MADRID&#8221;<\/strong><\/h4>\n<p>&nbsp;<\/p>\n<h4><strong>Botella:<\/strong> 750 ml.<\/h4>\n<p>&nbsp;<\/p>\n<div class=\"text-content graphic_textbox_layout_style_default_External_418_315\">\n<div class=\"graphic_textbox_layout_style_default\">\n<div class=\"text-content graphic_textbox_layout_style_default_External_166_32\">\n<div class=\"graphic_textbox_layout_style_default\">\n<div class=\"text-content graphic_textbox_layout_style_default_External_467_72\">\n<div class=\"graphic_textbox_layout_style_default\">\n<div id=\"id6\" class=\"style_SkipStroke_2 shape-with-text stroke_6\" style=\"text-align: justify;\">\n<div class=\"text-content graphic_textbox_layout_style_default_External_445_123\">\n<div class=\"graphic_textbox_layout_style_default\">\n<h4 style=\"text-align: justify;\"><strong style=\"line-height: 1.5;\">GRAPE VARIETIES:<br \/>\n<\/strong><span style=\"line-height: 1.5;\">100% Tempranillo<\/span><\/h4>\n<p>&nbsp;<\/p>\n<h4 class=\"p1\"><b>WINEMAKING:<br \/>\n<\/b>The grate quality of the grapes collected from our Tempranillo vineyards are the ultimate base for this wine.<\/h4>\n<h4>Harvest takes place during the night to protect them from high daytime temperatures.<\/h4>\n<h4>10 days of maceration are essential to obtain the necessary colour and aromas characteristic from this variety. Once both fermentations are over, alcoholic and malolactic, the wine stays for 5 months in French and American oak barrels.<\/h4>\n<h4><\/h4>\n<\/div>\n<\/div>\n<\/div>\n<div class=\"text-content graphic_textbox_layout_style_default_External_418_315\" style=\"text-align: justify;\">\n<div class=\"graphic_textbox_layout_style_default\"><\/div>\n<\/div>\n<p>&nbsp;<\/p>\n<h4 class=\"paragraph_style_5\"><strong>TASTING NOTES:<br \/>\n<\/strong>Deep ruby colour with violet rim. Red fruit and liquorice aromas coexist perfectly with smoky and spicy aromas that came from the oak. It is a tasty and fresh wine, with an extraordinary balance between acidity, tannins and even sweetness.<\/h4>\n<p>&nbsp;<\/p>\n<div class=\"graphic_textbox_layout_style_default\">\n<h4 class=\"paragraph_style_5\"><strong>PAIRING:<br \/>\n<\/strong>Perfect to pair white and red meat, lamb or game recipes, roasts, rice, mushrooms or cured and blue cheeses.<\/h4>\n<p>&nbsp;<\/p>\n<\/div>\n<div class=\"text-content graphic_textbox_layout_style_default_External_467_72\">\n<div class=\"graphic_textbox_layout_style_default\">\n<h4 class=\"p2\" style=\"text-align: justify;\"><b>Serving Temperature: <\/b>15\u00ba C<\/h4>\n<h4><\/h4>\n<p>&nbsp;<\/p>\n<h4 class=\"p2\" style=\"text-align: left;\"><span style=\"color: #a21730;\"><a style=\"color: #a21730;\" href=\"https:\/\/www.lagunamadrid.com\/wp-content\/uploads\/2022\/07\/ING_FT-tinto-roble-21.pdf.pdf\" target=\"_blank\" rel=\"noopener noreferrer\">DOWNLOAD TASTING NOTE<\/a><\/span><\/h4>\n<p>&nbsp;<\/p>\n<p>&nbsp;<\/p>\n<p class=\"p2\" style=\"text-align: center;\">\n<\/div>\n<\/div>\n<\/div>\n<\/div>\n<\/div>\n<\/div>\n<\/div>\n<\/div>\n","protected":false},"featured_media":6383,"template":"","meta":[],"product_brand":[],"product_cat":[98],"product_tag":[],"class_list":{"0":"post-1345","1":"product","2":"type-product","3":"status-publish","4":"has-post-thumbnail","6":"product_cat-vino","7":"product_shipping_class-por-agencia-3-4-dias","9":"first","10":"instock","11":"taxable","12":"shipping-taxable","13":"purchasable","14":"product-type-simple"},"yoast_head":"<!-- This site is optimized with the Yoast SEO plugin v27.1.1 - https:\/\/yoast.com\/product\/yoast-seo-wordpress\/ -->\n<title>ALMA - Roble 2023 (6 units per box) - Vinos y Aceites Laguna<\/title>\n<meta name=\"robots\" content=\"index, follow, max-snippet:-1, max-image-preview:large, max-video-preview:-1\" \/>\n<link rel=\"canonical\" href=\"https:\/\/www.lagunamadrid.com\/tienda\/vino\/alma-tinto-roble-2023\/\" \/>\n<meta property=\"og:locale\" content=\"en_US\" \/>\n<meta property=\"og:type\" content=\"article\" \/>\n<meta property=\"og:title\" content=\"[:es]ALMA - Tinto Roble 2023 (Caja de 6 botellas)[:en]ALMA - Roble 2023 (6 units per box)[:] - Vinos y Aceites Laguna\" \/>\n<meta property=\"og:description\" content=\"[:es]D.O.: VINOS DE MADRID Botella: 750 ml. VARIEDADES: Tempranillo 100%  ELABORACI\u00d3N: La uva de nuestros mejores vi\u00f1edos de la variedad Tempranillo es la materia prima fundamental que nos permite elaborar Alma de Valdeguerra Tinto Roble. La vendimiamos durante la noche, para preservarla de las altas temperaturas diurnas propias de la \u00e9poca. Los hollejos, en contacto con el mosto, maceran durante 10 d\u00edas para extraer el color y los aromas propios de la variedad. Tras realizar la fermentaci\u00f3n alcoh\u00f3lica y malol\u00e1ctica, el vino permanece 5 meses en barricas de roble franc\u00e9s y americano.    NOTA DE CATA: Presenta un color rub\u00ed intenso con notas viol\u00e1ceas. Aromas a frutos rojos y notas de regaliz armonizan a\u00a0la perfecci\u00f3n con tonos ahumados y especiados procedentes de los\u00a0meses en barrica. En boca presenta una entrada sabrosa y fresca, con\u00a0el equilibrio perfecto entre acidez, dulzor y tanicidad.        MARIDAJE: Alma de Valdeguerra Tinto Roble es perfecto para acompa\u00f1ar carnes blancas y rojas, asados de cordero, cerdo o buey, platos de caza, aves y carne estofada.\u00a0 Combina tambi\u00e9n con arroces, legumbres estofadas, setas o quesos curados y azules.    Temperatura de Consumo: 15\u00ba C   DESCARGAR NOTA DE CATA &nbsp;      [:en]&nbsp; O.D.: &quot;VINOS DE MADRID&quot; &nbsp; Botella: 750 ml. &nbsp;          GRAPE VARIETIES: 100% Tempranillo &nbsp; WINEMAKING: The grate quality of the grapes collected from our Tempranillo vineyards are the ultimate base for this wine. Harvest takes place during the night to protect them from high daytime temperatures. 10 days of maceration are essential to obtain the necessary colour and aromas characteristic from this variety. Once both fermentations are over, alcoholic and malolactic, the wine stays for 5 months in French and American oak barrels.        &nbsp; TASTING NOTES: Deep ruby colour with violet rim. Red fruit and liquorice aromas coexist perfectly with smoky and spicy aromas that came from the oak. It is a tasty and fresh wine, with an extraordinary balance between acidity, tannins and even sweetness. &nbsp;  PAIRING: Perfect to pair white and red meat, lamb or game recipes, roasts, rice, mushrooms or cured and blue cheeses. &nbsp;     Serving Temperature: 15\u00ba C  &nbsp; DOWNLOAD TASTING NOTE &nbsp;  &nbsp;          [:]\" \/>\n<meta property=\"og:url\" content=\"https:\/\/www.lagunamadrid.com\/tienda\/vino\/alma-tinto-roble-2023\/\" \/>\n<meta property=\"og:site_name\" content=\"Vinos y Aceites Laguna\" \/>\n<meta property=\"article:modified_time\" content=\"2026-04-20T16:48:57+00:00\" \/>\n<meta property=\"og:image\" content=\"https:\/\/www.lagunamadrid.com\/wp-content\/uploads\/2024\/04\/roble-web.jpg\" \/>\n\t<meta property=\"og:image:width\" content=\"1720\" \/>\n\t<meta property=\"og:image:height\" content=\"2560\" \/>\n\t<meta property=\"og:image:type\" content=\"image\/jpeg\" \/>\n<meta name=\"twitter:card\" content=\"summary_large_image\" \/>\n<meta name=\"twitter:label1\" content=\"Est. reading time\" \/>\n\t<meta name=\"twitter:data1\" content=\"1 minute\" \/>\n<script type=\"application\/ld+json\" class=\"yoast-schema-graph\">{\"@context\":\"https:\/\/schema.org\",\"@graph\":[{\"@type\":\"WebPage\",\"@id\":\"https:\/\/www.lagunamadrid.com\/tienda\/vino\/alma-tinto-roble-2023\/\",\"url\":\"https:\/\/www.lagunamadrid.com\/tienda\/vino\/alma-tinto-roble-2023\/\",\"name\":\"[:es]ALMA - Tinto Roble 2023 (Caja de 6 botellas)[:en]ALMA - Roble 2023 (6 units per box)[:] - Vinos y Aceites Laguna\",\"isPartOf\":{\"@id\":\"https:\/\/www.lagunamadrid.com\/#website\"},\"primaryImageOfPage\":{\"@id\":\"https:\/\/www.lagunamadrid.com\/tienda\/vino\/alma-tinto-roble-2023\/#primaryimage\"},\"image\":{\"@id\":\"https:\/\/www.lagunamadrid.com\/tienda\/vino\/alma-tinto-roble-2023\/#primaryimage\"},\"thumbnailUrl\":\"https:\/\/www.lagunamadrid.com\/wp-content\/uploads\/2024\/04\/roble-web.jpg\",\"datePublished\":\"2019-12-04T19:07:29+00:00\",\"dateModified\":\"2026-04-20T16:48:57+00:00\",\"breadcrumb\":{\"@id\":\"https:\/\/www.lagunamadrid.com\/tienda\/vino\/alma-tinto-roble-2023\/#breadcrumb\"},\"inLanguage\":\"en-US\",\"potentialAction\":[{\"@type\":\"ReadAction\",\"target\":[\"https:\/\/www.lagunamadrid.com\/tienda\/vino\/alma-tinto-roble-2023\/\"]}]},{\"@type\":\"ImageObject\",\"inLanguage\":\"en-US\",\"@id\":\"https:\/\/www.lagunamadrid.com\/tienda\/vino\/alma-tinto-roble-2023\/#primaryimage\",\"url\":\"https:\/\/www.lagunamadrid.com\/wp-content\/uploads\/2024\/04\/roble-web.jpg\",\"contentUrl\":\"https:\/\/www.lagunamadrid.com\/wp-content\/uploads\/2024\/04\/roble-web.jpg\",\"width\":1720,\"height\":2560},{\"@type\":\"BreadcrumbList\",\"@id\":\"https:\/\/www.lagunamadrid.com\/tienda\/vino\/alma-tinto-roble-2023\/#breadcrumb\",\"itemListElement\":[{\"@type\":\"ListItem\",\"position\":1,\"name\":\"Portada\",\"item\":\"https:\/\/www.lagunamadrid.com\/\"},{\"@type\":\"ListItem\",\"position\":2,\"name\":\"Tienda\",\"item\":\"https:\/\/www.lagunamadrid.com\/boutique-2\/\"},{\"@type\":\"ListItem\",\"position\":3,\"name\":\"[:es]ALMA &#8211; Tinto Roble 2023 (Caja de 6 botellas)[:en]ALMA &#8211; Roble 2023 (6 units per box)[:]\"}]},{\"@type\":\"WebSite\",\"@id\":\"https:\/\/www.lagunamadrid.com\/#website\",\"url\":\"https:\/\/www.lagunamadrid.com\/\",\"name\":\"Vinos y Aceites Laguna\",\"description\":\"Elaboraci\u00f3n de vino y aceite de oliva virgen extra\",\"publisher\":{\"@id\":\"https:\/\/www.lagunamadrid.com\/#organization\"},\"potentialAction\":[{\"@type\":\"SearchAction\",\"target\":{\"@type\":\"EntryPoint\",\"urlTemplate\":\"https:\/\/www.lagunamadrid.com\/?s={search_term_string}\"},\"query-input\":{\"@type\":\"PropertyValueSpecification\",\"valueRequired\":true,\"valueName\":\"search_term_string\"}}],\"inLanguage\":\"en-US\"},{\"@type\":\"Organization\",\"@id\":\"https:\/\/www.lagunamadrid.com\/#organization\",\"name\":\"Vinos y Aceites Laguna S.L.\",\"url\":\"https:\/\/www.lagunamadrid.com\/\",\"logo\":{\"@type\":\"ImageObject\",\"inLanguage\":\"en-US\",\"@id\":\"https:\/\/www.lagunamadrid.com\/#\/schema\/logo\/image\/\",\"url\":\"https:\/\/www.lagunamadrid.com\/wp-content\/uploads\/2019\/11\/LOGOpositivo-e1574944642744.jpg\",\"contentUrl\":\"https:\/\/www.lagunamadrid.com\/wp-content\/uploads\/2019\/11\/LOGOpositivo-e1574944642744.jpg\",\"width\":250,\"height\":106,\"caption\":\"Vinos y Aceites Laguna S.L.\"},\"image\":{\"@id\":\"https:\/\/www.lagunamadrid.com\/#\/schema\/logo\/image\/\"}}]}<\/script>\n<!-- \/ Yoast SEO plugin. -->","yoast_head_json":{"title":"[:es]ALMA - Tinto Roble 2023 (Caja de 6 botellas)[:en]ALMA - Roble 2023 (6 units per box)[:] - Vinos y Aceites Laguna","robots":{"index":"index","follow":"follow","max-snippet":"max-snippet:-1","max-image-preview":"max-image-preview:large","max-video-preview":"max-video-preview:-1"},"canonical":"https:\/\/www.lagunamadrid.com\/tienda\/vino\/alma-tinto-roble-2023\/","og_locale":"en_US","og_type":"article","og_title":"[:es]ALMA - Tinto Roble 2023 (Caja de 6 botellas)[:en]ALMA - Roble 2023 (6 units per box)[:] - Vinos y Aceites Laguna","og_description":"[:es]D.O.: VINOS DE MADRID Botella: 750 ml. VARIEDADES: Tempranillo 100%  ELABORACI\u00d3N: La uva de nuestros mejores vi\u00f1edos de la variedad Tempranillo es la materia prima fundamental que nos permite elaborar Alma de Valdeguerra Tinto Roble. La vendimiamos durante la noche, para preservarla de las altas temperaturas diurnas propias de la \u00e9poca. Los hollejos, en contacto con el mosto, maceran durante 10 d\u00edas para extraer el color y los aromas propios de la variedad. Tras realizar la fermentaci\u00f3n alcoh\u00f3lica y malol\u00e1ctica, el vino permanece 5 meses en barricas de roble franc\u00e9s y americano.    NOTA DE CATA: Presenta un color rub\u00ed intenso con notas viol\u00e1ceas. Aromas a frutos rojos y notas de regaliz armonizan a\u00a0la perfecci\u00f3n con tonos ahumados y especiados procedentes de los\u00a0meses en barrica. En boca presenta una entrada sabrosa y fresca, con\u00a0el equilibrio perfecto entre acidez, dulzor y tanicidad.        MARIDAJE: Alma de Valdeguerra Tinto Roble es perfecto para acompa\u00f1ar carnes blancas y rojas, asados de cordero, cerdo o buey, platos de caza, aves y carne estofada.\u00a0 Combina tambi\u00e9n con arroces, legumbres estofadas, setas o quesos curados y azules.    Temperatura de Consumo: 15\u00ba C   DESCARGAR NOTA DE CATA &nbsp;      [:en]&nbsp; O.D.: \"VINOS DE MADRID\" &nbsp; Botella: 750 ml. &nbsp;          GRAPE VARIETIES: 100% Tempranillo &nbsp; WINEMAKING: The grate quality of the grapes collected from our Tempranillo vineyards are the ultimate base for this wine. Harvest takes place during the night to protect them from high daytime temperatures. 10 days of maceration are essential to obtain the necessary colour and aromas characteristic from this variety. Once both fermentations are over, alcoholic and malolactic, the wine stays for 5 months in French and American oak barrels.        &nbsp; TASTING NOTES: Deep ruby colour with violet rim. Red fruit and liquorice aromas coexist perfectly with smoky and spicy aromas that came from the oak. It is a tasty and fresh wine, with an extraordinary balance between acidity, tannins and even sweetness. &nbsp;  PAIRING: Perfect to pair white and red meat, lamb or game recipes, roasts, rice, mushrooms or cured and blue cheeses. &nbsp;     Serving Temperature: 15\u00ba C  &nbsp; DOWNLOAD TASTING NOTE &nbsp;  &nbsp;          [:]","og_url":"https:\/\/www.lagunamadrid.com\/tienda\/vino\/alma-tinto-roble-2023\/","og_site_name":"Vinos y Aceites Laguna","article_modified_time":"2026-04-20T16:48:57+00:00","og_image":[{"width":1720,"height":2560,"url":"https:\/\/www.lagunamadrid.com\/wp-content\/uploads\/2024\/04\/roble-web.jpg","type":"image\/jpeg"}],"twitter_card":"summary_large_image","twitter_misc":{"Est. reading time":"1 minute"},"schema":{"@context":"https:\/\/schema.org","@graph":[{"@type":"WebPage","@id":"https:\/\/www.lagunamadrid.com\/tienda\/vino\/alma-tinto-roble-2023\/","url":"https:\/\/www.lagunamadrid.com\/tienda\/vino\/alma-tinto-roble-2023\/","name":"[:es]ALMA - Tinto Roble 2023 (Caja de 6 botellas)[:en]ALMA - Roble 2023 (6 units per box)[:] - Vinos y Aceites Laguna","isPartOf":{"@id":"https:\/\/www.lagunamadrid.com\/#website"},"primaryImageOfPage":{"@id":"https:\/\/www.lagunamadrid.com\/tienda\/vino\/alma-tinto-roble-2023\/#primaryimage"},"image":{"@id":"https:\/\/www.lagunamadrid.com\/tienda\/vino\/alma-tinto-roble-2023\/#primaryimage"},"thumbnailUrl":"https:\/\/www.lagunamadrid.com\/wp-content\/uploads\/2024\/04\/roble-web.jpg","datePublished":"2019-12-04T19:07:29+00:00","dateModified":"2026-04-20T16:48:57+00:00","breadcrumb":{"@id":"https:\/\/www.lagunamadrid.com\/tienda\/vino\/alma-tinto-roble-2023\/#breadcrumb"},"inLanguage":"en-US","potentialAction":[{"@type":"ReadAction","target":["https:\/\/www.lagunamadrid.com\/tienda\/vino\/alma-tinto-roble-2023\/"]}]},{"@type":"ImageObject","inLanguage":"en-US","@id":"https:\/\/www.lagunamadrid.com\/tienda\/vino\/alma-tinto-roble-2023\/#primaryimage","url":"https:\/\/www.lagunamadrid.com\/wp-content\/uploads\/2024\/04\/roble-web.jpg","contentUrl":"https:\/\/www.lagunamadrid.com\/wp-content\/uploads\/2024\/04\/roble-web.jpg","width":1720,"height":2560},{"@type":"BreadcrumbList","@id":"https:\/\/www.lagunamadrid.com\/tienda\/vino\/alma-tinto-roble-2023\/#breadcrumb","itemListElement":[{"@type":"ListItem","position":1,"name":"Portada","item":"https:\/\/www.lagunamadrid.com\/"},{"@type":"ListItem","position":2,"name":"Tienda","item":"https:\/\/www.lagunamadrid.com\/boutique-2\/"},{"@type":"ListItem","position":3,"name":"[:es]ALMA &#8211; Tinto Roble 2023 (Caja de 6 botellas)[:en]ALMA &#8211; Roble 2023 (6 units per box)[:]"}]},{"@type":"WebSite","@id":"https:\/\/www.lagunamadrid.com\/#website","url":"https:\/\/www.lagunamadrid.com\/","name":"Vinos y Aceites Laguna","description":"Elaboraci\u00f3n de vino y aceite de oliva virgen extra","publisher":{"@id":"https:\/\/www.lagunamadrid.com\/#organization"},"potentialAction":[{"@type":"SearchAction","target":{"@type":"EntryPoint","urlTemplate":"https:\/\/www.lagunamadrid.com\/?s={search_term_string}"},"query-input":{"@type":"PropertyValueSpecification","valueRequired":true,"valueName":"search_term_string"}}],"inLanguage":"en-US"},{"@type":"Organization","@id":"https:\/\/www.lagunamadrid.com\/#organization","name":"Vinos y Aceites Laguna S.L.","url":"https:\/\/www.lagunamadrid.com\/","logo":{"@type":"ImageObject","inLanguage":"en-US","@id":"https:\/\/www.lagunamadrid.com\/#\/schema\/logo\/image\/","url":"https:\/\/www.lagunamadrid.com\/wp-content\/uploads\/2019\/11\/LOGOpositivo-e1574944642744.jpg","contentUrl":"https:\/\/www.lagunamadrid.com\/wp-content\/uploads\/2019\/11\/LOGOpositivo-e1574944642744.jpg","width":250,"height":106,"caption":"Vinos y Aceites Laguna S.L."},"image":{"@id":"https:\/\/www.lagunamadrid.com\/#\/schema\/logo\/image\/"}}]}},"_links":{"self":[{"href":"https:\/\/www.lagunamadrid.com\/en\/wp-json\/wp\/v2\/product\/1345","targetHints":{"allow":["GET"]}}],"collection":[{"href":"https:\/\/www.lagunamadrid.com\/en\/wp-json\/wp\/v2\/product"}],"about":[{"href":"https:\/\/www.lagunamadrid.com\/en\/wp-json\/wp\/v2\/types\/product"}],"wp:featuredmedia":[{"embeddable":true,"href":"https:\/\/www.lagunamadrid.com\/en\/wp-json\/wp\/v2\/media\/6383"}],"wp:attachment":[{"href":"https:\/\/www.lagunamadrid.com\/en\/wp-json\/wp\/v2\/media?parent=1345"}],"wp:term":[{"taxonomy":"product_brand","embeddable":true,"href":"https:\/\/www.lagunamadrid.com\/en\/wp-json\/wp\/v2\/product_brand?post=1345"},{"taxonomy":"product_cat","embeddable":true,"href":"https:\/\/www.lagunamadrid.com\/en\/wp-json\/wp\/v2\/product_cat?post=1345"},{"taxonomy":"product_tag","embeddable":true,"href":"https:\/\/www.lagunamadrid.com\/en\/wp-json\/wp\/v2\/product_tag?post=1345"}],"curies":[{"name":"wp","href":"https:\/\/api.w.org\/{rel}","templated":true}]}}