{"id":1341,"date":"2019-12-04T20:03:20","date_gmt":"2019-12-04T19:03:20","guid":{"rendered":"http:\/\/www.lagunamadrid.com\/?post_type=product&#038;p=1341"},"modified":"2026-01-14T11:29:50","modified_gmt":"2026-01-14T10:29:50","slug":"exun-crianza-2018","status":"publish","type":"product","link":"https:\/\/www.lagunamadrid.com\/en\/tienda\/vino\/exun-crianza-2018\/","title":{"rendered":"EXUN &#8211; Crianza 2019 (6 units per box)"},"content":{"rendered":"","protected":false},"excerpt":{"rendered":"<p>&nbsp;<\/p>\n<h4><strong>D.O.: VINOS DE MADRID<\/strong><\/h4>\n<p>&nbsp;<\/p>\n<h4><strong>Bottle:<\/strong> 750 ml.<\/h4>\n<p>&nbsp;<\/p>\n<div id=\"id6\" class=\"style_SkipStroke_2 shape-with-text stroke_6\" style=\"text-align: justify;\">\n<div class=\"text-content graphic_textbox_layout_style_default_External_445_123\">\n<div class=\"graphic_textbox_layout_style_default\">\n<h4 class=\"p1\"><b>GRAPE VARIETIES: <\/b>70% Tempranillo, 20% Merlot, 10% Cabernet Sauvignon<\/h4>\n<p>&nbsp;<\/p>\n<h4 class=\"p1\" style=\"text-align: justify;\"><b>WINEMAKING:<br \/>\n<\/b>Exun is a very special limited production wine. The grapes are harvested by hand from 30-50-year-old vineyards during the night to protect them from high daytime temperatures.<\/h4>\n<h4 style=\"text-align: justify;\">Maceration of the must and the grape skins take place for approximately 15 days. Once both fermentations are over, alcoholic and malolactic, the wine is aged for 14 months in new French oak barrels. Then it stays in bottle during a certain period.<\/h4>\n<p>&nbsp;<\/p>\n<\/div>\n<\/div>\n<\/div>\n<div class=\"text-content graphic_textbox_layout_style_default_External_418_315\" style=\"text-align: justify;\">\n<div class=\"graphic_textbox_layout_style_default\">\n<h4 class=\"paragraph_style_5\" style=\"text-align: justify;\"><strong>TASTING NOTES:<br \/>\n<\/strong>Deep ruby colour. The aromas are the perfect blend between black mature fruit or compote, and vanilla and cocoa characteristics that brings the oak aging. Highly tasty, even with elegant sweet flavour, with velvety tannin and long finish.<\/h4>\n<p>&nbsp;<\/p>\n<h4 class=\"p1\"><strong>PAIRING:<\/strong><strong><br \/>\n<\/strong>Perfect to pair with smoked fish products, roasts and red meat.<\/h4>\n<p>&nbsp;<\/p>\n<\/div>\n<\/div>\n<div class=\"text-content graphic_textbox_layout_style_default_External_467_72\">\n<div class=\"graphic_textbox_layout_style_default\">\n<h4 class=\"p1\" style=\"text-align: justify;\"><b>Serving Temperature:<\/b> 18\u00ba C<\/h4>\n<p>&nbsp;<\/p>\n<h4 class=\"p2\" style=\"text-align: left;\"><a href=\"https:\/\/www.lagunamadrid.com\/wp-content\/uploads\/2022\/07\/ING_FT-exun-18.pdf.pdf\" target=\"_blank\" rel=\"noopener noreferrer\"><span style=\"color: #a21730;\">DOWNLOAD TASTING NOTE<\/span><\/a><\/h4>\n<p>&nbsp;<\/p>\n<p>&nbsp;<\/p>\n<p class=\"p2\" style=\"text-align: center;\">\n<\/div>\n<\/div>\n","protected":false},"featured_media":1344,"template":"","meta":[],"product_brand":[],"product_cat":[98],"product_tag":[],"class_list":{"0":"post-1341","1":"product","2":"type-product","3":"status-publish","4":"has-post-thumbnail","6":"product_cat-vino","8":"first","9":"instock","10":"taxable","11":"shipping-taxable","12":"purchasable","13":"product-type-simple"},"yoast_head":"<!-- This site is optimized with the Yoast SEO plugin v27.1.1 - https:\/\/yoast.com\/product\/yoast-seo-wordpress\/ -->\n<title>EXUN - Crianza 2019 (6 units per box) - Vinos y Aceites Laguna<\/title>\n<meta name=\"robots\" content=\"index, follow, max-snippet:-1, max-image-preview:large, max-video-preview:-1\" \/>\n<link rel=\"canonical\" href=\"https:\/\/www.lagunamadrid.com\/tienda\/vino\/exun-crianza-2018\/\" \/>\n<meta property=\"og:locale\" content=\"en_US\" \/>\n<meta property=\"og:type\" content=\"article\" \/>\n<meta property=\"og:title\" content=\"[:es]EXUN - Crianza 2019 (Caja de 6 botellas)[:en]EXUN - Crianza 2019 (6 units per box)[:] - Vinos y Aceites Laguna\" \/>\n<meta property=\"og:description\" content=\"[:es]&nbsp; D.O.: &quot;VINOS DE MADRID&quot;  Botella: 750 ml.  VARIEDADES: 70% Tempranillo, \u00a020% Merlot \u00a0y 10% Cabernet Sauvignon.   ELABORACI\u00d3N: EXUN\u00a0- Crianza 2017 es un vino muy especial, de producci\u00f3n limitada. La uva procedente de vi\u00f1edo propio de entre 30 y 50 a\u00f1os, es vendimiada durante la noche de forma manual y depositada en cajas para salvaguardar al m\u00e1ximo la calidad. Una vez despalillamos y estrujamos, realizamos una maceraci\u00f3n de unos 15 d\u00edas. Finalizada la fermentaci\u00f3n alcoh\u00f3lica y malol\u00e1ctica, permanece 14 meses en barricas nuevas de roble franc\u00e9s. Le sigue un tiempo en botella antes de salir al mercado.  NOTA DE CATA: Color granate intenso. En nariz es el perfecto equilibrio entre aromas a fruta negra madura y compota, junto con matices de vainilla y cacao aportados durante la crianza. En boca es un vino sabroso, incluso con un punto goloso, de tanino bien pulido y final persistente.   MARIDAJE: EXUN - Crianza 2019\u00a0es ideal para acompa\u00f1ar con ahumados, asados y carnes rojas.     Temperatura de Consumo: 18\u00ba C    DESCARGAR NOTA DE CATA  &nbsp;    [:en]&nbsp; D.O.: VINOS DE MADRID &nbsp; Bottle: 750 ml. &nbsp;    GRAPE VARIETIES: 70% Tempranillo, 20% Merlot, 10% Cabernet Sauvignon &nbsp; WINEMAKING: Exun is a very special limited production wine. The grapes are harvested by hand from 30-50-year-old vineyards during the night to protect them from high daytime temperatures. Maceration of the must and the grape skins take place for approximately 15 days. Once both fermentations are over, alcoholic and malolactic, the wine is aged for 14 months in new French oak barrels. Then it stays in bottle during a certain period. &nbsp;       TASTING NOTES: Deep ruby colour. The aromas are the perfect blend between black mature fruit or compote, and vanilla and cocoa characteristics that brings the oak aging. Highly tasty, even with elegant sweet flavour, with velvety tannin and long finish. &nbsp; PAIRING: Perfect to pair with smoked fish products, roasts and red meat. &nbsp;      Serving Temperature: 18\u00ba C &nbsp; DOWNLOAD TASTING NOTE &nbsp;  &nbsp;    [:]\" \/>\n<meta property=\"og:url\" content=\"https:\/\/www.lagunamadrid.com\/tienda\/vino\/exun-crianza-2018\/\" \/>\n<meta property=\"og:site_name\" content=\"Vinos y Aceites Laguna\" \/>\n<meta property=\"article:modified_time\" content=\"2026-01-14T10:29:50+00:00\" \/>\n<meta property=\"og:image\" content=\"https:\/\/www.lagunamadrid.com\/wp-content\/uploads\/2019\/12\/IMG_5296-1-correccion-2-scaled-e1589882423936.jpg\" \/>\n\t<meta property=\"og:image:width\" content=\"1721\" \/>\n\t<meta property=\"og:image:height\" content=\"2560\" \/>\n\t<meta property=\"og:image:type\" content=\"image\/jpeg\" \/>\n<meta name=\"twitter:card\" content=\"summary_large_image\" \/>\n<meta name=\"twitter:label1\" content=\"Est. reading time\" \/>\n\t<meta name=\"twitter:data1\" content=\"1 minute\" \/>\n<script type=\"application\/ld+json\" class=\"yoast-schema-graph\">{\"@context\":\"https:\/\/schema.org\",\"@graph\":[{\"@type\":\"WebPage\",\"@id\":\"https:\/\/www.lagunamadrid.com\/tienda\/vino\/exun-crianza-2018\/\",\"url\":\"https:\/\/www.lagunamadrid.com\/tienda\/vino\/exun-crianza-2018\/\",\"name\":\"[:es]EXUN - Crianza 2019 (Caja de 6 botellas)[:en]EXUN - Crianza 2019 (6 units per box)[:] - Vinos y Aceites Laguna\",\"isPartOf\":{\"@id\":\"https:\/\/www.lagunamadrid.com\/#website\"},\"primaryImageOfPage\":{\"@id\":\"https:\/\/www.lagunamadrid.com\/tienda\/vino\/exun-crianza-2018\/#primaryimage\"},\"image\":{\"@id\":\"https:\/\/www.lagunamadrid.com\/tienda\/vino\/exun-crianza-2018\/#primaryimage\"},\"thumbnailUrl\":\"https:\/\/www.lagunamadrid.com\/wp-content\/uploads\/2019\/12\/IMG_5296-1-correccion-2-scaled-e1589882423936.jpg\",\"datePublished\":\"2019-12-04T19:03:20+00:00\",\"dateModified\":\"2026-01-14T10:29:50+00:00\",\"breadcrumb\":{\"@id\":\"https:\/\/www.lagunamadrid.com\/tienda\/vino\/exun-crianza-2018\/#breadcrumb\"},\"inLanguage\":\"en-US\",\"potentialAction\":[{\"@type\":\"ReadAction\",\"target\":[\"https:\/\/www.lagunamadrid.com\/tienda\/vino\/exun-crianza-2018\/\"]}]},{\"@type\":\"ImageObject\",\"inLanguage\":\"en-US\",\"@id\":\"https:\/\/www.lagunamadrid.com\/tienda\/vino\/exun-crianza-2018\/#primaryimage\",\"url\":\"https:\/\/www.lagunamadrid.com\/wp-content\/uploads\/2019\/12\/IMG_5296-1-correccion-2-scaled-e1589882423936.jpg\",\"contentUrl\":\"https:\/\/www.lagunamadrid.com\/wp-content\/uploads\/2019\/12\/IMG_5296-1-correccion-2-scaled-e1589882423936.jpg\",\"width\":1721,\"height\":2560},{\"@type\":\"BreadcrumbList\",\"@id\":\"https:\/\/www.lagunamadrid.com\/tienda\/vino\/exun-crianza-2018\/#breadcrumb\",\"itemListElement\":[{\"@type\":\"ListItem\",\"position\":1,\"name\":\"Portada\",\"item\":\"https:\/\/www.lagunamadrid.com\/\"},{\"@type\":\"ListItem\",\"position\":2,\"name\":\"Tienda\",\"item\":\"https:\/\/www.lagunamadrid.com\/boutique-2\/\"},{\"@type\":\"ListItem\",\"position\":3,\"name\":\"EXUN &#8211; Crianza 2019 (Caja de 6 botellas)\"}]},{\"@type\":\"WebSite\",\"@id\":\"https:\/\/www.lagunamadrid.com\/#website\",\"url\":\"https:\/\/www.lagunamadrid.com\/\",\"name\":\"Vinos y Aceites Laguna\",\"description\":\"Elaboraci\u00f3n de vino y aceite de oliva virgen extra\",\"publisher\":{\"@id\":\"https:\/\/www.lagunamadrid.com\/#organization\"},\"potentialAction\":[{\"@type\":\"SearchAction\",\"target\":{\"@type\":\"EntryPoint\",\"urlTemplate\":\"https:\/\/www.lagunamadrid.com\/?s={search_term_string}\"},\"query-input\":{\"@type\":\"PropertyValueSpecification\",\"valueRequired\":true,\"valueName\":\"search_term_string\"}}],\"inLanguage\":\"en-US\"},{\"@type\":\"Organization\",\"@id\":\"https:\/\/www.lagunamadrid.com\/#organization\",\"name\":\"Vinos y Aceites Laguna S.L.\",\"url\":\"https:\/\/www.lagunamadrid.com\/\",\"logo\":{\"@type\":\"ImageObject\",\"inLanguage\":\"en-US\",\"@id\":\"https:\/\/www.lagunamadrid.com\/#\/schema\/logo\/image\/\",\"url\":\"https:\/\/www.lagunamadrid.com\/wp-content\/uploads\/2019\/11\/LOGOpositivo-e1574944642744.jpg\",\"contentUrl\":\"https:\/\/www.lagunamadrid.com\/wp-content\/uploads\/2019\/11\/LOGOpositivo-e1574944642744.jpg\",\"width\":250,\"height\":106,\"caption\":\"Vinos y Aceites Laguna S.L.\"},\"image\":{\"@id\":\"https:\/\/www.lagunamadrid.com\/#\/schema\/logo\/image\/\"}}]}<\/script>\n<!-- \/ Yoast SEO plugin. -->","yoast_head_json":{"title":"[:es]EXUN - Crianza 2019 (Caja de 6 botellas)[:en]EXUN - Crianza 2019 (6 units per box)[:] - Vinos y Aceites Laguna","robots":{"index":"index","follow":"follow","max-snippet":"max-snippet:-1","max-image-preview":"max-image-preview:large","max-video-preview":"max-video-preview:-1"},"canonical":"https:\/\/www.lagunamadrid.com\/tienda\/vino\/exun-crianza-2018\/","og_locale":"en_US","og_type":"article","og_title":"[:es]EXUN - Crianza 2019 (Caja de 6 botellas)[:en]EXUN - Crianza 2019 (6 units per box)[:] - Vinos y Aceites Laguna","og_description":"[:es]&nbsp; D.O.: \"VINOS DE MADRID\"  Botella: 750 ml.  VARIEDADES: 70% Tempranillo, \u00a020% Merlot \u00a0y 10% Cabernet Sauvignon.   ELABORACI\u00d3N: EXUN\u00a0- Crianza 2017 es un vino muy especial, de producci\u00f3n limitada. La uva procedente de vi\u00f1edo propio de entre 30 y 50 a\u00f1os, es vendimiada durante la noche de forma manual y depositada en cajas para salvaguardar al m\u00e1ximo la calidad. Una vez despalillamos y estrujamos, realizamos una maceraci\u00f3n de unos 15 d\u00edas. Finalizada la fermentaci\u00f3n alcoh\u00f3lica y malol\u00e1ctica, permanece 14 meses en barricas nuevas de roble franc\u00e9s. Le sigue un tiempo en botella antes de salir al mercado.  NOTA DE CATA: Color granate intenso. En nariz es el perfecto equilibrio entre aromas a fruta negra madura y compota, junto con matices de vainilla y cacao aportados durante la crianza. En boca es un vino sabroso, incluso con un punto goloso, de tanino bien pulido y final persistente.   MARIDAJE: EXUN - Crianza 2019\u00a0es ideal para acompa\u00f1ar con ahumados, asados y carnes rojas.     Temperatura de Consumo: 18\u00ba C    DESCARGAR NOTA DE CATA  &nbsp;    [:en]&nbsp; D.O.: VINOS DE MADRID &nbsp; Bottle: 750 ml. &nbsp;    GRAPE VARIETIES: 70% Tempranillo, 20% Merlot, 10% Cabernet Sauvignon &nbsp; WINEMAKING: Exun is a very special limited production wine. The grapes are harvested by hand from 30-50-year-old vineyards during the night to protect them from high daytime temperatures. Maceration of the must and the grape skins take place for approximately 15 days. Once both fermentations are over, alcoholic and malolactic, the wine is aged for 14 months in new French oak barrels. Then it stays in bottle during a certain period. &nbsp;       TASTING NOTES: Deep ruby colour. The aromas are the perfect blend between black mature fruit or compote, and vanilla and cocoa characteristics that brings the oak aging. Highly tasty, even with elegant sweet flavour, with velvety tannin and long finish. &nbsp; PAIRING: Perfect to pair with smoked fish products, roasts and red meat. &nbsp;      Serving Temperature: 18\u00ba C &nbsp; DOWNLOAD TASTING NOTE &nbsp;  &nbsp;    [:]","og_url":"https:\/\/www.lagunamadrid.com\/tienda\/vino\/exun-crianza-2018\/","og_site_name":"Vinos y Aceites Laguna","article_modified_time":"2026-01-14T10:29:50+00:00","og_image":[{"width":1721,"height":2560,"url":"https:\/\/www.lagunamadrid.com\/wp-content\/uploads\/2019\/12\/IMG_5296-1-correccion-2-scaled-e1589882423936.jpg","type":"image\/jpeg"}],"twitter_card":"summary_large_image","twitter_misc":{"Est. reading time":"1 minute"},"schema":{"@context":"https:\/\/schema.org","@graph":[{"@type":"WebPage","@id":"https:\/\/www.lagunamadrid.com\/tienda\/vino\/exun-crianza-2018\/","url":"https:\/\/www.lagunamadrid.com\/tienda\/vino\/exun-crianza-2018\/","name":"[:es]EXUN - Crianza 2019 (Caja de 6 botellas)[:en]EXUN - Crianza 2019 (6 units per box)[:] - Vinos y Aceites Laguna","isPartOf":{"@id":"https:\/\/www.lagunamadrid.com\/#website"},"primaryImageOfPage":{"@id":"https:\/\/www.lagunamadrid.com\/tienda\/vino\/exun-crianza-2018\/#primaryimage"},"image":{"@id":"https:\/\/www.lagunamadrid.com\/tienda\/vino\/exun-crianza-2018\/#primaryimage"},"thumbnailUrl":"https:\/\/www.lagunamadrid.com\/wp-content\/uploads\/2019\/12\/IMG_5296-1-correccion-2-scaled-e1589882423936.jpg","datePublished":"2019-12-04T19:03:20+00:00","dateModified":"2026-01-14T10:29:50+00:00","breadcrumb":{"@id":"https:\/\/www.lagunamadrid.com\/tienda\/vino\/exun-crianza-2018\/#breadcrumb"},"inLanguage":"en-US","potentialAction":[{"@type":"ReadAction","target":["https:\/\/www.lagunamadrid.com\/tienda\/vino\/exun-crianza-2018\/"]}]},{"@type":"ImageObject","inLanguage":"en-US","@id":"https:\/\/www.lagunamadrid.com\/tienda\/vino\/exun-crianza-2018\/#primaryimage","url":"https:\/\/www.lagunamadrid.com\/wp-content\/uploads\/2019\/12\/IMG_5296-1-correccion-2-scaled-e1589882423936.jpg","contentUrl":"https:\/\/www.lagunamadrid.com\/wp-content\/uploads\/2019\/12\/IMG_5296-1-correccion-2-scaled-e1589882423936.jpg","width":1721,"height":2560},{"@type":"BreadcrumbList","@id":"https:\/\/www.lagunamadrid.com\/tienda\/vino\/exun-crianza-2018\/#breadcrumb","itemListElement":[{"@type":"ListItem","position":1,"name":"Portada","item":"https:\/\/www.lagunamadrid.com\/"},{"@type":"ListItem","position":2,"name":"Tienda","item":"https:\/\/www.lagunamadrid.com\/boutique-2\/"},{"@type":"ListItem","position":3,"name":"EXUN &#8211; Crianza 2019 (Caja de 6 botellas)"}]},{"@type":"WebSite","@id":"https:\/\/www.lagunamadrid.com\/#website","url":"https:\/\/www.lagunamadrid.com\/","name":"Vinos y Aceites Laguna","description":"Elaboraci\u00f3n de vino y aceite de oliva virgen extra","publisher":{"@id":"https:\/\/www.lagunamadrid.com\/#organization"},"potentialAction":[{"@type":"SearchAction","target":{"@type":"EntryPoint","urlTemplate":"https:\/\/www.lagunamadrid.com\/?s={search_term_string}"},"query-input":{"@type":"PropertyValueSpecification","valueRequired":true,"valueName":"search_term_string"}}],"inLanguage":"en-US"},{"@type":"Organization","@id":"https:\/\/www.lagunamadrid.com\/#organization","name":"Vinos y Aceites Laguna S.L.","url":"https:\/\/www.lagunamadrid.com\/","logo":{"@type":"ImageObject","inLanguage":"en-US","@id":"https:\/\/www.lagunamadrid.com\/#\/schema\/logo\/image\/","url":"https:\/\/www.lagunamadrid.com\/wp-content\/uploads\/2019\/11\/LOGOpositivo-e1574944642744.jpg","contentUrl":"https:\/\/www.lagunamadrid.com\/wp-content\/uploads\/2019\/11\/LOGOpositivo-e1574944642744.jpg","width":250,"height":106,"caption":"Vinos y Aceites Laguna S.L."},"image":{"@id":"https:\/\/www.lagunamadrid.com\/#\/schema\/logo\/image\/"}}]}},"_links":{"self":[{"href":"https:\/\/www.lagunamadrid.com\/en\/wp-json\/wp\/v2\/product\/1341","targetHints":{"allow":["GET"]}}],"collection":[{"href":"https:\/\/www.lagunamadrid.com\/en\/wp-json\/wp\/v2\/product"}],"about":[{"href":"https:\/\/www.lagunamadrid.com\/en\/wp-json\/wp\/v2\/types\/product"}],"wp:featuredmedia":[{"embeddable":true,"href":"https:\/\/www.lagunamadrid.com\/en\/wp-json\/wp\/v2\/media\/1344"}],"wp:attachment":[{"href":"https:\/\/www.lagunamadrid.com\/en\/wp-json\/wp\/v2\/media?parent=1341"}],"wp:term":[{"taxonomy":"product_brand","embeddable":true,"href":"https:\/\/www.lagunamadrid.com\/en\/wp-json\/wp\/v2\/product_brand?post=1341"},{"taxonomy":"product_cat","embeddable":true,"href":"https:\/\/www.lagunamadrid.com\/en\/wp-json\/wp\/v2\/product_cat?post=1341"},{"taxonomy":"product_tag","embeddable":true,"href":"https:\/\/www.lagunamadrid.com\/en\/wp-json\/wp\/v2\/product_tag?post=1341"}],"curies":[{"name":"wp","href":"https:\/\/api.w.org\/{rel}","templated":true}]}}