{"id":3100,"date":"2020-03-25T12:20:36","date_gmt":"2020-03-25T11:20:36","guid":{"rendered":"http:\/\/www.lagunamadrid.com\/?page_id=3100"},"modified":"2021-01-12T12:37:46","modified_gmt":"2021-01-12T11:37:46","slug":"laguna-villar-eco-2-litros","status":"publish","type":"page","link":"https:\/\/www.lagunamadrid.com\/en\/aceites\/laguna-villar-eco-2-litros\/","title":{"rendered":"(Espa\u00f1ol) LAGUNA VILLAR &#8211; ECO &#8211; 2 Litros"},"content":{"rendered":"<p><img loading=\"lazy\" decoding=\"async\" class=\" wp-image-4407 alignleft\" src=\"https:\/\/www.lagunamadrid.com\/wp-content\/uploads\/2020\/05\/LAGUNA-VILLAR-ECOLOGICO-2-Litros.jpg\" alt=\"LAGUNA VILLAR - ECOL\u00d3GICO - 2 Litros\" width=\"400\" height=\"596\" srcset=\"https:\/\/www.lagunamadrid.com\/wp-content\/uploads\/2020\/05\/LAGUNA-VILLAR-ECOLOGICO-2-Litros.jpg 1720w, https:\/\/www.lagunamadrid.com\/wp-content\/uploads\/2020\/05\/LAGUNA-VILLAR-ECOLOGICO-2-Litros-250x372.jpg 250w, https:\/\/www.lagunamadrid.com\/wp-content\/uploads\/2020\/05\/LAGUNA-VILLAR-ECOLOGICO-2-Litros-550x819.jpg 550w\" sizes=\"auto, (max-width: 400px) 100vw, 400px\" \/><br \/>\n&nbsp;<\/p>\n<h4 style=\"text-align: left;\"><strong>LAGUNA VILLAR - 2 Litros<\/strong><\/h4>\n<p>&nbsp;<\/p>\n<h4 style=\"text-align: left;\"><strong>ORGANIC EXTRA VIRGIN OLIVE OIL<\/strong><\/h4>\n<p>&nbsp;<\/p>\n<h4 style=\"text-align: justify;\"><strong>TYPE OF OLIVE:<\/strong> Cornicabra<\/h4>\n<p>&nbsp;<\/p>\n<h4 style=\"text-align: justify;\"><strong>TASTING NOTES:<br \/>\n<\/strong>Obtained from our organic farming olive-trees, the olives are carefully selected and recollected checking the maturity level in each of the different plots.<\/h4>\n<p>&nbsp;<\/p>\n<h4 style=\"text-align: justify;\">Between green and gold coloured, it has clean and intense fruity aromas, reminding green tomato, apple and artichoke notes, as well as a bit of green banana.<\/h4>\n<p>&nbsp;<\/p>\n<h4 style=\"text-align: justify;\">These aromas are also perceived in mouth, with well-balanced bitter and spicy sensations.<\/h4>\n<p>&nbsp;<\/p>\n<h4 style=\"text-align: justify;\">Cornicabra oil has great character and remains stable over time.<\/h4>\n<h4 style=\"text-align: justify;\"><\/h4>\n<p>&nbsp;<\/p>\n<h4 style=\"text-align: justify;\"><strong>PAIRING:<\/strong><br \/>\nPerfect for salad dressings, strong flavoured cheeses and cold meat.<\/h4>\n<p>&nbsp;<\/p>\n<h4 style=\"text-align: justify;\">Flavour enhancer of pasta, vegetables and legumes dishes. Flavour enhancer of pasta, vegetables and legumes dishes.<\/h4>\n<h4 style=\"text-align: justify;\"><\/h4>\n<p>&nbsp;<br \/>\n\n                <a href=\"https:\/\/www.lagunamadrid.com\/tienda\/\" target=\"_self\" style=\"color: #ffffff; background-color: #86a14d; border-color: #86a14d; \" onmouseover=\"this.style.color='#86a14d'; this.style.backgroundColor='#ffffff'; this.style.borderColor='#86a14d'; \" onmouseout=\"this.style.color='#ffffff'; this.style.backgroundColor='#86a14d'; this.style.borderColor='#86a14d'; \" class=\"button middle \">SHOP<\/a>\n            <\/p>\n<p>&nbsp;<br \/>\n<\/p>","protected":false},"excerpt":{"rendered":"<p>&nbsp; LAGUNA VILLAR &#8211; 2 Litros &nbsp; ORGANIC EXTRA VIRGIN OLIVE OIL &nbsp; TYPE OF OLIVE: Cornicabra &nbsp; TASTING NOTES: Obtained from our organic farming olive-trees, the olives are carefully selected and recollected checking the maturity level in each of the different plots. &nbsp; Between green and gold coloured, it has clean and intense fruity [&hellip;]<\/p>\n","protected":false},"author":1,"featured_media":0,"parent":1768,"menu_order":0,"comment_status":"closed","ping_status":"closed","template":"","meta":{"footnotes":""},"class_list":["post-3100","page","type-page","status-publish","hentry"],"yoast_head":"<!-- This site is optimized with the Yoast SEO plugin v27.1.1 - https:\/\/yoast.com\/product\/yoast-seo-wordpress\/ -->\n<title>LAGUNA VILLAR - ECOL\u00d3GICO - Vinos y Aceites Laguna<\/title>\n<meta name=\"description\" content=\"LAGUNA VILLAR - ECOL\u00d3GICO un aceite de oliva virgen extra con aceitunas de cultivo ecol\u00f3gico seleccionadas y con una cuidadosa recolecci\u00f3n de la misma.\" \/>\n<meta name=\"robots\" content=\"index, follow, max-snippet:-1, max-image-preview:large, max-video-preview:-1\" \/>\n<link rel=\"canonical\" href=\"https:\/\/www.lagunamadrid.com\/aceites\/laguna-villar-eco-2-litros\/\" \/>\n<meta property=\"og:locale\" content=\"en_US\" \/>\n<meta property=\"og:type\" content=\"article\" \/>\n<meta property=\"og:title\" content=\"LAGUNA VILLAR - ECOL\u00d3GICO - Vinos y Aceites Laguna\" \/>\n<meta property=\"og:description\" content=\"LAGUNA VILLAR - ECOL\u00d3GICO un aceite de oliva virgen extra con aceitunas de cultivo ecol\u00f3gico seleccionadas y con una cuidadosa recolecci\u00f3n de la misma.\" \/>\n<meta property=\"og:url\" content=\"https:\/\/www.lagunamadrid.com\/aceites\/laguna-villar-eco-2-litros\/\" \/>\n<meta property=\"og:site_name\" content=\"Vinos y Aceites Laguna\" \/>\n<meta property=\"article:modified_time\" content=\"2021-01-12T11:37:46+00:00\" \/>\n<meta property=\"og:image\" content=\"https:\/\/www.lagunamadrid.com\/wp-content\/uploads\/2020\/05\/LAGUNA-VILLAR-ECOLOGICO-2-Litros.jpg\" \/>\n\t<meta property=\"og:image:width\" content=\"1720\" \/>\n\t<meta property=\"og:image:height\" content=\"2560\" \/>\n\t<meta property=\"og:image:type\" content=\"image\/jpeg\" \/>\n<meta name=\"twitter:card\" content=\"summary_large_image\" \/>\n<meta name=\"twitter:label1\" content=\"Est. reading time\" \/>\n\t<meta name=\"twitter:data1\" content=\"2 minutes\" \/>\n<script type=\"application\/ld+json\" class=\"yoast-schema-graph\">{\"@context\":\"https:\/\/schema.org\",\"@graph\":[{\"@type\":\"WebPage\",\"@id\":\"https:\/\/www.lagunamadrid.com\/aceites\/laguna-villar-eco-2-litros\/\",\"url\":\"https:\/\/www.lagunamadrid.com\/aceites\/laguna-villar-eco-2-litros\/\",\"name\":\"LAGUNA VILLAR - ECOL\u00d3GICO - Vinos y Aceites Laguna\",\"isPartOf\":{\"@id\":\"https:\/\/www.lagunamadrid.com\/#website\"},\"primaryImageOfPage\":{\"@id\":\"https:\/\/www.lagunamadrid.com\/aceites\/laguna-villar-eco-2-litros\/#primaryimage\"},\"image\":{\"@id\":\"https:\/\/www.lagunamadrid.com\/aceites\/laguna-villar-eco-2-litros\/#primaryimage\"},\"thumbnailUrl\":\"https:\/\/www.lagunamadrid.com\/wp-content\/uploads\/2020\/05\/LAGUNA-VILLAR-ECOLOGICO-2-Litros.jpg\",\"datePublished\":\"2020-03-25T11:20:36+00:00\",\"dateModified\":\"2021-01-12T11:37:46+00:00\",\"description\":\"LAGUNA VILLAR - ECOL\u00d3GICO un aceite de oliva virgen extra con aceitunas de cultivo ecol\u00f3gico seleccionadas y con una cuidadosa recolecci\u00f3n de la misma.\",\"breadcrumb\":{\"@id\":\"https:\/\/www.lagunamadrid.com\/aceites\/laguna-villar-eco-2-litros\/#breadcrumb\"},\"inLanguage\":\"en-US\",\"potentialAction\":[{\"@type\":\"ReadAction\",\"target\":[\"https:\/\/www.lagunamadrid.com\/aceites\/laguna-villar-eco-2-litros\/\"]}]},{\"@type\":\"ImageObject\",\"inLanguage\":\"en-US\",\"@id\":\"https:\/\/www.lagunamadrid.com\/aceites\/laguna-villar-eco-2-litros\/#primaryimage\",\"url\":\"https:\/\/www.lagunamadrid.com\/wp-content\/uploads\/2020\/05\/LAGUNA-VILLAR-ECOLOGICO-2-Litros.jpg\",\"contentUrl\":\"https:\/\/www.lagunamadrid.com\/wp-content\/uploads\/2020\/05\/LAGUNA-VILLAR-ECOLOGICO-2-Litros.jpg\"},{\"@type\":\"BreadcrumbList\",\"@id\":\"https:\/\/www.lagunamadrid.com\/aceites\/laguna-villar-eco-2-litros\/#breadcrumb\",\"itemListElement\":[{\"@type\":\"ListItem\",\"position\":1,\"name\":\"Portada\",\"item\":\"https:\/\/www.lagunamadrid.com\/\"},{\"@type\":\"ListItem\",\"position\":2,\"name\":\"Olive oil\",\"item\":\"https:\/\/www.lagunamadrid.com\/en\/aceites\/\"},{\"@type\":\"ListItem\",\"position\":3,\"name\":\"LAGUNA VILLAR &#8211; ECO &#8211; 2 Litros\"}]},{\"@type\":\"WebSite\",\"@id\":\"https:\/\/www.lagunamadrid.com\/#website\",\"url\":\"https:\/\/www.lagunamadrid.com\/\",\"name\":\"Vinos y Aceites Laguna\",\"description\":\"Elaboraci\u00f3n de vino y aceite de oliva virgen extra\",\"publisher\":{\"@id\":\"https:\/\/www.lagunamadrid.com\/#organization\"},\"potentialAction\":[{\"@type\":\"SearchAction\",\"target\":{\"@type\":\"EntryPoint\",\"urlTemplate\":\"https:\/\/www.lagunamadrid.com\/?s={search_term_string}\"},\"query-input\":{\"@type\":\"PropertyValueSpecification\",\"valueRequired\":true,\"valueName\":\"search_term_string\"}}],\"inLanguage\":\"en-US\"},{\"@type\":\"Organization\",\"@id\":\"https:\/\/www.lagunamadrid.com\/#organization\",\"name\":\"Vinos y Aceites Laguna S.L.\",\"url\":\"https:\/\/www.lagunamadrid.com\/\",\"logo\":{\"@type\":\"ImageObject\",\"inLanguage\":\"en-US\",\"@id\":\"https:\/\/www.lagunamadrid.com\/#\/schema\/logo\/image\/\",\"url\":\"https:\/\/www.lagunamadrid.com\/wp-content\/uploads\/2019\/11\/LOGOpositivo-e1574944642744.jpg\",\"contentUrl\":\"https:\/\/www.lagunamadrid.com\/wp-content\/uploads\/2019\/11\/LOGOpositivo-e1574944642744.jpg\",\"width\":250,\"height\":106,\"caption\":\"Vinos y Aceites Laguna S.L.\"},\"image\":{\"@id\":\"https:\/\/www.lagunamadrid.com\/#\/schema\/logo\/image\/\"}}]}<\/script>\n<!-- \/ Yoast SEO plugin. -->","yoast_head_json":{"title":"LAGUNA VILLAR - ECOL\u00d3GICO - Vinos y Aceites Laguna","description":"LAGUNA VILLAR - ECOL\u00d3GICO un aceite de oliva virgen extra con aceitunas de cultivo ecol\u00f3gico seleccionadas y con una cuidadosa recolecci\u00f3n de la misma.","robots":{"index":"index","follow":"follow","max-snippet":"max-snippet:-1","max-image-preview":"max-image-preview:large","max-video-preview":"max-video-preview:-1"},"canonical":"https:\/\/www.lagunamadrid.com\/aceites\/laguna-villar-eco-2-litros\/","og_locale":"en_US","og_type":"article","og_title":"LAGUNA VILLAR - ECOL\u00d3GICO - Vinos y Aceites Laguna","og_description":"LAGUNA VILLAR - ECOL\u00d3GICO un aceite de oliva virgen extra con aceitunas de cultivo ecol\u00f3gico seleccionadas y con una cuidadosa recolecci\u00f3n de la misma.","og_url":"https:\/\/www.lagunamadrid.com\/aceites\/laguna-villar-eco-2-litros\/","og_site_name":"Vinos y Aceites Laguna","article_modified_time":"2021-01-12T11:37:46+00:00","og_image":[{"width":1720,"height":2560,"url":"https:\/\/www.lagunamadrid.com\/wp-content\/uploads\/2020\/05\/LAGUNA-VILLAR-ECOLOGICO-2-Litros.jpg","type":"image\/jpeg"}],"twitter_card":"summary_large_image","twitter_misc":{"Est. reading time":"2 minutes"},"schema":{"@context":"https:\/\/schema.org","@graph":[{"@type":"WebPage","@id":"https:\/\/www.lagunamadrid.com\/aceites\/laguna-villar-eco-2-litros\/","url":"https:\/\/www.lagunamadrid.com\/aceites\/laguna-villar-eco-2-litros\/","name":"LAGUNA VILLAR - ECOL\u00d3GICO - Vinos y Aceites Laguna","isPartOf":{"@id":"https:\/\/www.lagunamadrid.com\/#website"},"primaryImageOfPage":{"@id":"https:\/\/www.lagunamadrid.com\/aceites\/laguna-villar-eco-2-litros\/#primaryimage"},"image":{"@id":"https:\/\/www.lagunamadrid.com\/aceites\/laguna-villar-eco-2-litros\/#primaryimage"},"thumbnailUrl":"https:\/\/www.lagunamadrid.com\/wp-content\/uploads\/2020\/05\/LAGUNA-VILLAR-ECOLOGICO-2-Litros.jpg","datePublished":"2020-03-25T11:20:36+00:00","dateModified":"2021-01-12T11:37:46+00:00","description":"LAGUNA VILLAR - ECOL\u00d3GICO un aceite de oliva virgen extra con aceitunas de cultivo ecol\u00f3gico seleccionadas y con una cuidadosa recolecci\u00f3n de la misma.","breadcrumb":{"@id":"https:\/\/www.lagunamadrid.com\/aceites\/laguna-villar-eco-2-litros\/#breadcrumb"},"inLanguage":"en-US","potentialAction":[{"@type":"ReadAction","target":["https:\/\/www.lagunamadrid.com\/aceites\/laguna-villar-eco-2-litros\/"]}]},{"@type":"ImageObject","inLanguage":"en-US","@id":"https:\/\/www.lagunamadrid.com\/aceites\/laguna-villar-eco-2-litros\/#primaryimage","url":"https:\/\/www.lagunamadrid.com\/wp-content\/uploads\/2020\/05\/LAGUNA-VILLAR-ECOLOGICO-2-Litros.jpg","contentUrl":"https:\/\/www.lagunamadrid.com\/wp-content\/uploads\/2020\/05\/LAGUNA-VILLAR-ECOLOGICO-2-Litros.jpg"},{"@type":"BreadcrumbList","@id":"https:\/\/www.lagunamadrid.com\/aceites\/laguna-villar-eco-2-litros\/#breadcrumb","itemListElement":[{"@type":"ListItem","position":1,"name":"Portada","item":"https:\/\/www.lagunamadrid.com\/"},{"@type":"ListItem","position":2,"name":"Olive oil","item":"https:\/\/www.lagunamadrid.com\/en\/aceites\/"},{"@type":"ListItem","position":3,"name":"LAGUNA VILLAR &#8211; ECO &#8211; 2 Litros"}]},{"@type":"WebSite","@id":"https:\/\/www.lagunamadrid.com\/#website","url":"https:\/\/www.lagunamadrid.com\/","name":"Vinos y Aceites Laguna","description":"Elaboraci\u00f3n de vino y aceite de oliva virgen extra","publisher":{"@id":"https:\/\/www.lagunamadrid.com\/#organization"},"potentialAction":[{"@type":"SearchAction","target":{"@type":"EntryPoint","urlTemplate":"https:\/\/www.lagunamadrid.com\/?s={search_term_string}"},"query-input":{"@type":"PropertyValueSpecification","valueRequired":true,"valueName":"search_term_string"}}],"inLanguage":"en-US"},{"@type":"Organization","@id":"https:\/\/www.lagunamadrid.com\/#organization","name":"Vinos y Aceites Laguna S.L.","url":"https:\/\/www.lagunamadrid.com\/","logo":{"@type":"ImageObject","inLanguage":"en-US","@id":"https:\/\/www.lagunamadrid.com\/#\/schema\/logo\/image\/","url":"https:\/\/www.lagunamadrid.com\/wp-content\/uploads\/2019\/11\/LOGOpositivo-e1574944642744.jpg","contentUrl":"https:\/\/www.lagunamadrid.com\/wp-content\/uploads\/2019\/11\/LOGOpositivo-e1574944642744.jpg","width":250,"height":106,"caption":"Vinos y Aceites Laguna S.L."},"image":{"@id":"https:\/\/www.lagunamadrid.com\/#\/schema\/logo\/image\/"}}]}},"_links":{"self":[{"href":"https:\/\/www.lagunamadrid.com\/en\/wp-json\/wp\/v2\/pages\/3100","targetHints":{"allow":["GET"]}}],"collection":[{"href":"https:\/\/www.lagunamadrid.com\/en\/wp-json\/wp\/v2\/pages"}],"about":[{"href":"https:\/\/www.lagunamadrid.com\/en\/wp-json\/wp\/v2\/types\/page"}],"author":[{"embeddable":true,"href":"https:\/\/www.lagunamadrid.com\/en\/wp-json\/wp\/v2\/users\/1"}],"replies":[{"embeddable":true,"href":"https:\/\/www.lagunamadrid.com\/en\/wp-json\/wp\/v2\/comments?post=3100"}],"version-history":[{"count":25,"href":"https:\/\/www.lagunamadrid.com\/en\/wp-json\/wp\/v2\/pages\/3100\/revisions"}],"predecessor-version":[{"id":4914,"href":"https:\/\/www.lagunamadrid.com\/en\/wp-json\/wp\/v2\/pages\/3100\/revisions\/4914"}],"up":[{"embeddable":true,"href":"https:\/\/www.lagunamadrid.com\/en\/wp-json\/wp\/v2\/pages\/1768"}],"wp:attachment":[{"href":"https:\/\/www.lagunamadrid.com\/en\/wp-json\/wp\/v2\/media?parent=3100"}],"curies":[{"name":"wp","href":"https:\/\/api.w.org\/{rel}","templated":true}]}}