{"id":3055,"date":"2020-03-24T12:16:12","date_gmt":"2020-03-24T11:16:12","guid":{"rendered":"http:\/\/www.lagunamadrid.com\/?page_id=3055"},"modified":"2021-01-12T12:32:19","modified_gmt":"2021-01-12T11:32:19","slug":"alma-laguna-seleccion-ecologico","status":"publish","type":"page","link":"https:\/\/www.lagunamadrid.com\/en\/aceites\/alma-laguna-seleccion-ecologico\/","title":{"rendered":"(Espa\u00f1ol) ALMA DE LAGUNA &#8211; Selecci\u00f3n &#8211; ECO &#8211; 500 ml."},"content":{"rendered":"<p><img loading=\"lazy\" decoding=\"async\" class=\"wp-image-4404 alignleft\" src=\"https:\/\/www.lagunamadrid.com\/wp-content\/uploads\/2020\/05\/ALMA-DE-LAGUNA-ECOLOGICO-SELECCION-500-ml..jpg\" alt=\"ALMA DE LAGUNA - SELECCI\u00d3N - ECOL\u00d3GICO - 500 ml.\" width=\"400\" height=\"594\" srcset=\"https:\/\/www.lagunamadrid.com\/wp-content\/uploads\/2020\/05\/ALMA-DE-LAGUNA-ECOLOGICO-SELECCION-500-ml..jpg 1724w, https:\/\/www.lagunamadrid.com\/wp-content\/uploads\/2020\/05\/ALMA-DE-LAGUNA-ECOLOGICO-SELECCION-500-ml.-250x371.jpg 250w, https:\/\/www.lagunamadrid.com\/wp-content\/uploads\/2020\/05\/ALMA-DE-LAGUNA-ECOLOGICO-SELECCION-500-ml.-550x817.jpg 550w, https:\/\/www.lagunamadrid.com\/wp-content\/uploads\/2020\/05\/ALMA-DE-LAGUNA-ECOLOGICO-SELECCION-500-ml.-1034x1536.jpg 1034w, https:\/\/www.lagunamadrid.com\/wp-content\/uploads\/2020\/05\/ALMA-DE-LAGUNA-ECOLOGICO-SELECCION-500-ml.-1379x2048.jpg 1379w\" sizes=\"auto, (max-width: 400px) 100vw, 400px\" \/><\/p>\n<p>&nbsp;<\/p>\n<h4><strong>ALMA DE LAGUNA SELECCI\u00d3N - 500 ml.<\/strong><\/h4>\n<p>&nbsp;<\/p>\n<h4><strong>ORGANIC EXTRA VIRGIN OLIVE OIL<\/strong><\/h4>\n<h4><strong>Limited Edition<\/strong><\/h4>\n<p>&nbsp;<\/p>\n<h4><strong>TYPE OF OLIVE:<\/strong> Cornicabra y Arbequina<\/h4>\n<p>&nbsp;<\/p>\n<h4 style=\"text-align: justify;\"><strong>ELABORATION:<\/strong><br \/>\nProduced from our highest quality cornicabra and arbequina olives, separately elaborated obtaining the best of each variety. Our Oleologist is the one in charge of driving the extraction in order to obtain the desirable characteristics.<\/h4>\n<h4 style=\"text-align: justify;\">The final blend will be decided searching for the complexity and the perfect balance, resulting in this limited edition with great personality.<\/h4>\n<p>&nbsp;<\/p>\n<h4><\/h4>\n<h4 style=\"text-align: justify;\"><strong>TASTING NOTES:<\/strong><br \/>\nOlives are obtained from our organic farming olive-trees and early harvested in order to obtain their highest aromatic potential.<\/h4>\n<p>&nbsp;<\/p>\n<h4 style=\"text-align: justify;\">Between green and gold coloured, it has clean and intense fruity aromas, reminding green tomato, almonds and apple notes, as well as a bit of green banana.<\/h4>\n<h4 style=\"text-align: justify;\">These aromas are also perceived in mouth, with well-balanced bitter and spicy sensations.<\/h4>\n<h4><\/h4>\n<p>&nbsp;<\/p>\n<h4 style=\"text-align: justify;\"><strong>PAIRING:<\/strong><br \/>\nPerfect for salad dressings, cream or strong flavoured cheeses and cold meat.<\/h4>\n<h4 style=\"text-align: justify;\">Flavour enhancer of pasta, vegetables, legumes and steamed fish dishes.<\/h4>\n<h4>Ideal as preservative due to its high level of natural antioxidants.<\/h4>\n<p>&nbsp;<\/p>\n\n                <a href=\"https:\/\/www.lagunamadrid.com\/tienda\/\" target=\"_self\" style=\"color: #ffffff; background-color: #86a14d; border-color: #86a14d; \" onmouseover=\"this.style.color='#86a14d'; this.style.backgroundColor='#ffffff'; this.style.borderColor='#86a14d'; \" onmouseout=\"this.style.color='#ffffff'; this.style.backgroundColor='#86a14d'; this.style.borderColor='#86a14d'; \" class=\"button middle \">SHOP<\/a>\n            \n<p>&nbsp;<\/p>","protected":false},"excerpt":{"rendered":"<p>&nbsp; ALMA DE LAGUNA SELECCI\u00d3N &#8211; 500 ml. &nbsp; ORGANIC EXTRA VIRGIN OLIVE OIL Limited Edition &nbsp; TYPE OF OLIVE: Cornicabra y Arbequina &nbsp; ELABORATION: Produced from our highest quality cornicabra and arbequina olives, separately elaborated obtaining the best of each variety. Our Oleologist is the one in charge of driving the extraction in order [&hellip;]<\/p>\n","protected":false},"author":1,"featured_media":0,"parent":1768,"menu_order":0,"comment_status":"closed","ping_status":"closed","template":"","meta":{"footnotes":""},"class_list":["post-3055","page","type-page","status-publish","hentry"],"yoast_head":"<!-- This site is optimized with the Yoast SEO plugin v27.1.1 - https:\/\/yoast.com\/product\/yoast-seo-wordpress\/ -->\n<title>ALMA DE LAGUNA - Selecci\u00f3n - ECOL\u00d3GICO - Vinos y Aceites Laguna<\/title>\n<meta name=\"description\" content=\"Aceite de Oliva Virgen Extra - ALMA DE LAGUNA - SELECCI\u00d3N - ECOL\u00d3GICO - 500 ml.- VARIEDADES: Cornicabra y Arbequina. Producci\u00f3n Limitada.\" \/>\n<meta name=\"robots\" content=\"index, follow, max-snippet:-1, max-image-preview:large, max-video-preview:-1\" \/>\n<link rel=\"canonical\" href=\"https:\/\/www.lagunamadrid.com\/aceites\/alma-laguna-seleccion-ecologico\/\" \/>\n<meta property=\"og:locale\" content=\"en_US\" \/>\n<meta property=\"og:type\" content=\"article\" \/>\n<meta property=\"og:title\" content=\"ALMA DE LAGUNA - Selecci\u00f3n - ECOL\u00d3GICO - Vinos y Aceites Laguna\" \/>\n<meta property=\"og:description\" content=\"Aceite de Oliva Virgen Extra - ALMA DE LAGUNA - SELECCI\u00d3N - ECOL\u00d3GICO - 500 ml.- VARIEDADES: Cornicabra y Arbequina. Producci\u00f3n Limitada.\" \/>\n<meta property=\"og:url\" content=\"https:\/\/www.lagunamadrid.com\/aceites\/alma-laguna-seleccion-ecologico\/\" \/>\n<meta property=\"og:site_name\" content=\"Vinos y Aceites Laguna\" \/>\n<meta property=\"article:modified_time\" content=\"2021-01-12T11:32:19+00:00\" \/>\n<meta property=\"og:image\" content=\"https:\/\/www.lagunamadrid.com\/wp-content\/uploads\/2020\/05\/ALMA-DE-LAGUNA-ECOLOGICO-SELECCION-500-ml..jpg\" \/>\n\t<meta property=\"og:image:width\" content=\"1724\" \/>\n\t<meta property=\"og:image:height\" content=\"2560\" \/>\n\t<meta property=\"og:image:type\" content=\"image\/jpeg\" \/>\n<meta name=\"twitter:card\" content=\"summary_large_image\" \/>\n<meta name=\"twitter:label1\" content=\"Est. reading time\" \/>\n\t<meta name=\"twitter:data1\" content=\"3 minutes\" \/>\n<script type=\"application\/ld+json\" class=\"yoast-schema-graph\">{\"@context\":\"https:\/\/schema.org\",\"@graph\":[{\"@type\":\"WebPage\",\"@id\":\"https:\/\/www.lagunamadrid.com\/aceites\/alma-laguna-seleccion-ecologico\/\",\"url\":\"https:\/\/www.lagunamadrid.com\/aceites\/alma-laguna-seleccion-ecologico\/\",\"name\":\"ALMA DE LAGUNA - Selecci\u00f3n - ECOL\u00d3GICO - Vinos y Aceites Laguna\",\"isPartOf\":{\"@id\":\"https:\/\/www.lagunamadrid.com\/#website\"},\"primaryImageOfPage\":{\"@id\":\"https:\/\/www.lagunamadrid.com\/aceites\/alma-laguna-seleccion-ecologico\/#primaryimage\"},\"image\":{\"@id\":\"https:\/\/www.lagunamadrid.com\/aceites\/alma-laguna-seleccion-ecologico\/#primaryimage\"},\"thumbnailUrl\":\"https:\/\/www.lagunamadrid.com\/wp-content\/uploads\/2020\/05\/ALMA-DE-LAGUNA-ECOLOGICO-SELECCION-500-ml..jpg\",\"datePublished\":\"2020-03-24T11:16:12+00:00\",\"dateModified\":\"2021-01-12T11:32:19+00:00\",\"description\":\"Aceite de Oliva Virgen Extra - ALMA DE LAGUNA - SELECCI\u00d3N - ECOL\u00d3GICO - 500 ml.- VARIEDADES: Cornicabra y Arbequina. Producci\u00f3n Limitada.\",\"breadcrumb\":{\"@id\":\"https:\/\/www.lagunamadrid.com\/aceites\/alma-laguna-seleccion-ecologico\/#breadcrumb\"},\"inLanguage\":\"en-US\",\"potentialAction\":[{\"@type\":\"ReadAction\",\"target\":[\"https:\/\/www.lagunamadrid.com\/aceites\/alma-laguna-seleccion-ecologico\/\"]}]},{\"@type\":\"ImageObject\",\"inLanguage\":\"en-US\",\"@id\":\"https:\/\/www.lagunamadrid.com\/aceites\/alma-laguna-seleccion-ecologico\/#primaryimage\",\"url\":\"https:\/\/www.lagunamadrid.com\/wp-content\/uploads\/2020\/05\/ALMA-DE-LAGUNA-ECOLOGICO-SELECCION-500-ml..jpg\",\"contentUrl\":\"https:\/\/www.lagunamadrid.com\/wp-content\/uploads\/2020\/05\/ALMA-DE-LAGUNA-ECOLOGICO-SELECCION-500-ml..jpg\"},{\"@type\":\"BreadcrumbList\",\"@id\":\"https:\/\/www.lagunamadrid.com\/aceites\/alma-laguna-seleccion-ecologico\/#breadcrumb\",\"itemListElement\":[{\"@type\":\"ListItem\",\"position\":1,\"name\":\"Portada\",\"item\":\"https:\/\/www.lagunamadrid.com\/\"},{\"@type\":\"ListItem\",\"position\":2,\"name\":\"Olive oil\",\"item\":\"https:\/\/www.lagunamadrid.com\/en\/aceites\/\"},{\"@type\":\"ListItem\",\"position\":3,\"name\":\"ALMA DE LAGUNA &#8211; Selecci\u00f3n &#8211; ECO &#8211; 500 ml.\"}]},{\"@type\":\"WebSite\",\"@id\":\"https:\/\/www.lagunamadrid.com\/#website\",\"url\":\"https:\/\/www.lagunamadrid.com\/\",\"name\":\"Vinos y Aceites Laguna\",\"description\":\"Elaboraci\u00f3n de vino y aceite de oliva virgen extra\",\"publisher\":{\"@id\":\"https:\/\/www.lagunamadrid.com\/#organization\"},\"potentialAction\":[{\"@type\":\"SearchAction\",\"target\":{\"@type\":\"EntryPoint\",\"urlTemplate\":\"https:\/\/www.lagunamadrid.com\/?s={search_term_string}\"},\"query-input\":{\"@type\":\"PropertyValueSpecification\",\"valueRequired\":true,\"valueName\":\"search_term_string\"}}],\"inLanguage\":\"en-US\"},{\"@type\":\"Organization\",\"@id\":\"https:\/\/www.lagunamadrid.com\/#organization\",\"name\":\"Vinos y Aceites Laguna S.L.\",\"url\":\"https:\/\/www.lagunamadrid.com\/\",\"logo\":{\"@type\":\"ImageObject\",\"inLanguage\":\"en-US\",\"@id\":\"https:\/\/www.lagunamadrid.com\/#\/schema\/logo\/image\/\",\"url\":\"https:\/\/www.lagunamadrid.com\/wp-content\/uploads\/2019\/11\/LOGOpositivo-e1574944642744.jpg\",\"contentUrl\":\"https:\/\/www.lagunamadrid.com\/wp-content\/uploads\/2019\/11\/LOGOpositivo-e1574944642744.jpg\",\"width\":250,\"height\":106,\"caption\":\"Vinos y Aceites Laguna S.L.\"},\"image\":{\"@id\":\"https:\/\/www.lagunamadrid.com\/#\/schema\/logo\/image\/\"}}]}<\/script>\n<!-- \/ Yoast SEO plugin. -->","yoast_head_json":{"title":"ALMA DE LAGUNA - Selecci\u00f3n - ECOL\u00d3GICO - Vinos y Aceites Laguna","description":"Aceite de Oliva Virgen Extra - ALMA DE LAGUNA - SELECCI\u00d3N - ECOL\u00d3GICO - 500 ml.- VARIEDADES: Cornicabra y Arbequina. Producci\u00f3n Limitada.","robots":{"index":"index","follow":"follow","max-snippet":"max-snippet:-1","max-image-preview":"max-image-preview:large","max-video-preview":"max-video-preview:-1"},"canonical":"https:\/\/www.lagunamadrid.com\/aceites\/alma-laguna-seleccion-ecologico\/","og_locale":"en_US","og_type":"article","og_title":"ALMA DE LAGUNA - Selecci\u00f3n - ECOL\u00d3GICO - Vinos y Aceites Laguna","og_description":"Aceite de Oliva Virgen Extra - ALMA DE LAGUNA - SELECCI\u00d3N - ECOL\u00d3GICO - 500 ml.- VARIEDADES: Cornicabra y Arbequina. Producci\u00f3n Limitada.","og_url":"https:\/\/www.lagunamadrid.com\/aceites\/alma-laguna-seleccion-ecologico\/","og_site_name":"Vinos y Aceites Laguna","article_modified_time":"2021-01-12T11:32:19+00:00","og_image":[{"width":1724,"height":2560,"url":"https:\/\/www.lagunamadrid.com\/wp-content\/uploads\/2020\/05\/ALMA-DE-LAGUNA-ECOLOGICO-SELECCION-500-ml..jpg","type":"image\/jpeg"}],"twitter_card":"summary_large_image","twitter_misc":{"Est. reading time":"3 minutes"},"schema":{"@context":"https:\/\/schema.org","@graph":[{"@type":"WebPage","@id":"https:\/\/www.lagunamadrid.com\/aceites\/alma-laguna-seleccion-ecologico\/","url":"https:\/\/www.lagunamadrid.com\/aceites\/alma-laguna-seleccion-ecologico\/","name":"ALMA DE LAGUNA - Selecci\u00f3n - ECOL\u00d3GICO - Vinos y Aceites Laguna","isPartOf":{"@id":"https:\/\/www.lagunamadrid.com\/#website"},"primaryImageOfPage":{"@id":"https:\/\/www.lagunamadrid.com\/aceites\/alma-laguna-seleccion-ecologico\/#primaryimage"},"image":{"@id":"https:\/\/www.lagunamadrid.com\/aceites\/alma-laguna-seleccion-ecologico\/#primaryimage"},"thumbnailUrl":"https:\/\/www.lagunamadrid.com\/wp-content\/uploads\/2020\/05\/ALMA-DE-LAGUNA-ECOLOGICO-SELECCION-500-ml..jpg","datePublished":"2020-03-24T11:16:12+00:00","dateModified":"2021-01-12T11:32:19+00:00","description":"Aceite de Oliva Virgen Extra - ALMA DE LAGUNA - SELECCI\u00d3N - ECOL\u00d3GICO - 500 ml.- VARIEDADES: Cornicabra y Arbequina. Producci\u00f3n Limitada.","breadcrumb":{"@id":"https:\/\/www.lagunamadrid.com\/aceites\/alma-laguna-seleccion-ecologico\/#breadcrumb"},"inLanguage":"en-US","potentialAction":[{"@type":"ReadAction","target":["https:\/\/www.lagunamadrid.com\/aceites\/alma-laguna-seleccion-ecologico\/"]}]},{"@type":"ImageObject","inLanguage":"en-US","@id":"https:\/\/www.lagunamadrid.com\/aceites\/alma-laguna-seleccion-ecologico\/#primaryimage","url":"https:\/\/www.lagunamadrid.com\/wp-content\/uploads\/2020\/05\/ALMA-DE-LAGUNA-ECOLOGICO-SELECCION-500-ml..jpg","contentUrl":"https:\/\/www.lagunamadrid.com\/wp-content\/uploads\/2020\/05\/ALMA-DE-LAGUNA-ECOLOGICO-SELECCION-500-ml..jpg"},{"@type":"BreadcrumbList","@id":"https:\/\/www.lagunamadrid.com\/aceites\/alma-laguna-seleccion-ecologico\/#breadcrumb","itemListElement":[{"@type":"ListItem","position":1,"name":"Portada","item":"https:\/\/www.lagunamadrid.com\/"},{"@type":"ListItem","position":2,"name":"Olive oil","item":"https:\/\/www.lagunamadrid.com\/en\/aceites\/"},{"@type":"ListItem","position":3,"name":"ALMA DE LAGUNA &#8211; Selecci\u00f3n &#8211; ECO &#8211; 500 ml."}]},{"@type":"WebSite","@id":"https:\/\/www.lagunamadrid.com\/#website","url":"https:\/\/www.lagunamadrid.com\/","name":"Vinos y Aceites Laguna","description":"Elaboraci\u00f3n de vino y aceite de oliva virgen extra","publisher":{"@id":"https:\/\/www.lagunamadrid.com\/#organization"},"potentialAction":[{"@type":"SearchAction","target":{"@type":"EntryPoint","urlTemplate":"https:\/\/www.lagunamadrid.com\/?s={search_term_string}"},"query-input":{"@type":"PropertyValueSpecification","valueRequired":true,"valueName":"search_term_string"}}],"inLanguage":"en-US"},{"@type":"Organization","@id":"https:\/\/www.lagunamadrid.com\/#organization","name":"Vinos y Aceites Laguna S.L.","url":"https:\/\/www.lagunamadrid.com\/","logo":{"@type":"ImageObject","inLanguage":"en-US","@id":"https:\/\/www.lagunamadrid.com\/#\/schema\/logo\/image\/","url":"https:\/\/www.lagunamadrid.com\/wp-content\/uploads\/2019\/11\/LOGOpositivo-e1574944642744.jpg","contentUrl":"https:\/\/www.lagunamadrid.com\/wp-content\/uploads\/2019\/11\/LOGOpositivo-e1574944642744.jpg","width":250,"height":106,"caption":"Vinos y Aceites Laguna S.L."},"image":{"@id":"https:\/\/www.lagunamadrid.com\/#\/schema\/logo\/image\/"}}]}},"_links":{"self":[{"href":"https:\/\/www.lagunamadrid.com\/en\/wp-json\/wp\/v2\/pages\/3055","targetHints":{"allow":["GET"]}}],"collection":[{"href":"https:\/\/www.lagunamadrid.com\/en\/wp-json\/wp\/v2\/pages"}],"about":[{"href":"https:\/\/www.lagunamadrid.com\/en\/wp-json\/wp\/v2\/types\/page"}],"author":[{"embeddable":true,"href":"https:\/\/www.lagunamadrid.com\/en\/wp-json\/wp\/v2\/users\/1"}],"replies":[{"embeddable":true,"href":"https:\/\/www.lagunamadrid.com\/en\/wp-json\/wp\/v2\/comments?post=3055"}],"version-history":[{"count":74,"href":"https:\/\/www.lagunamadrid.com\/en\/wp-json\/wp\/v2\/pages\/3055\/revisions"}],"predecessor-version":[{"id":4911,"href":"https:\/\/www.lagunamadrid.com\/en\/wp-json\/wp\/v2\/pages\/3055\/revisions\/4911"}],"up":[{"embeddable":true,"href":"https:\/\/www.lagunamadrid.com\/en\/wp-json\/wp\/v2\/pages\/1768"}],"wp:attachment":[{"href":"https:\/\/www.lagunamadrid.com\/en\/wp-json\/wp\/v2\/media?parent=3055"}],"curies":[{"name":"wp","href":"https:\/\/api.w.org\/{rel}","templated":true}]}}