{"id":1596,"date":"2019-12-13T12:33:59","date_gmt":"2019-12-13T11:33:59","guid":{"rendered":"http:\/\/www.lagunamadrid.com\/?page_id=1596"},"modified":"2026-03-13T12:08:01","modified_gmt":"2026-03-13T11:08:01","slug":"elaboracion","status":"publish","type":"page","link":"https:\/\/www.lagunamadrid.com\/en\/elaboracion\/","title":{"rendered":"WINEMAKING"},"content":{"rendered":"<p><\/p>\n<h4 style=\"text-align: center;\"><a href=\"https:\/\/www.lagunamadrid.com\/la-bodega\/\">The Cellar<\/a> \u00a0\u00a0 \u00a0<a href=\"https:\/\/www.lagunamadrid.com\/tradicion\/\">Tradition<\/a> \u00a0 \u00a0 <a href=\"https:\/\/www.lagunamadrid.com\/seccion-vinos\/viticultura\/\">Viticulture<\/a> \u00a0 \u00a0 Winemaking \u00a0 \u00a0 <a href=\"https:\/\/www.lagunamadrid.com\/vinos\/\">Wines<\/a><\/h4>\n<p><\/p>","protected":false},"excerpt":{"rendered":"<p>The Cellar \u00a0\u00a0 \u00a0Tradition \u00a0 \u00a0 Viticulture \u00a0 \u00a0 Winemaking \u00a0 \u00a0 Wines<\/p>\n","protected":false},"author":1,"featured_media":0,"parent":0,"menu_order":0,"comment_status":"closed","ping_status":"closed","template":"","meta":{"footnotes":""},"class_list":["post-1596","page","type-page","status-publish","hentry"],"yoast_head":"<!-- This site is optimized with the Yoast SEO plugin v27.1.1 - https:\/\/yoast.com\/product\/yoast-seo-wordpress\/ -->\n<title>La elaboraci\u00f3n de nuestros vinos - Vinos y Aceites Laguna<\/title>\n<meta name=\"description\" content=\"Cuando las uvas se encuentran en su punto \u00f3ptimo de maduraci\u00f3n, se vendimia cuidadosamente para la elaboraci\u00f3n de vinos de excelente calidad.\" \/>\n<meta name=\"robots\" content=\"index, follow, max-snippet:-1, max-image-preview:large, max-video-preview:-1\" \/>\n<link rel=\"canonical\" href=\"https:\/\/www.lagunamadrid.com\/elaboracion\/\" \/>\n<meta property=\"og:locale\" content=\"en_US\" \/>\n<meta property=\"og:type\" content=\"article\" \/>\n<meta property=\"og:title\" content=\"La elaboraci\u00f3n de nuestros vinos - Vinos y Aceites Laguna\" \/>\n<meta property=\"og:description\" content=\"Cuando las uvas se encuentran en su punto \u00f3ptimo de maduraci\u00f3n, se vendimia cuidadosamente para la elaboraci\u00f3n de vinos de excelente calidad.\" \/>\n<meta property=\"og:url\" content=\"https:\/\/www.lagunamadrid.com\/elaboracion\/\" \/>\n<meta property=\"og:site_name\" content=\"Vinos y Aceites Laguna\" \/>\n<meta property=\"article:modified_time\" content=\"2026-03-13T11:08:01+00:00\" \/>\n<meta name=\"twitter:card\" content=\"summary_large_image\" \/>\n<meta name=\"twitter:label1\" content=\"Est. reading time\" \/>\n\t<meta name=\"twitter:data1\" content=\"1 minute\" \/>\n<script type=\"application\/ld+json\" class=\"yoast-schema-graph\">{\"@context\":\"https:\/\/schema.org\",\"@graph\":[{\"@type\":\"WebPage\",\"@id\":\"https:\/\/www.lagunamadrid.com\/elaboracion\/\",\"url\":\"https:\/\/www.lagunamadrid.com\/elaboracion\/\",\"name\":\"La elaboraci\u00f3n de nuestros vinos - Vinos y Aceites Laguna\",\"isPartOf\":{\"@id\":\"https:\/\/www.lagunamadrid.com\/#website\"},\"datePublished\":\"2019-12-13T11:33:59+00:00\",\"dateModified\":\"2026-03-13T11:08:01+00:00\",\"description\":\"Cuando las uvas se encuentran en su punto \u00f3ptimo de maduraci\u00f3n, se vendimia cuidadosamente para la elaboraci\u00f3n de vinos de excelente calidad.\",\"breadcrumb\":{\"@id\":\"https:\/\/www.lagunamadrid.com\/elaboracion\/#breadcrumb\"},\"inLanguage\":\"en-US\",\"potentialAction\":[{\"@type\":\"ReadAction\",\"target\":[\"https:\/\/www.lagunamadrid.com\/elaboracion\/\"]}]},{\"@type\":\"BreadcrumbList\",\"@id\":\"https:\/\/www.lagunamadrid.com\/elaboracion\/#breadcrumb\",\"itemListElement\":[{\"@type\":\"ListItem\",\"position\":1,\"name\":\"Portada\",\"item\":\"https:\/\/www.lagunamadrid.com\/\"},{\"@type\":\"ListItem\",\"position\":2,\"name\":\"ELABORACI\u00d3N\"}]},{\"@type\":\"WebSite\",\"@id\":\"https:\/\/www.lagunamadrid.com\/#website\",\"url\":\"https:\/\/www.lagunamadrid.com\/\",\"name\":\"Vinos y Aceites Laguna\",\"description\":\"Elaboraci\u00f3n de vino y aceite de oliva virgen extra\",\"publisher\":{\"@id\":\"https:\/\/www.lagunamadrid.com\/#organization\"},\"potentialAction\":[{\"@type\":\"SearchAction\",\"target\":{\"@type\":\"EntryPoint\",\"urlTemplate\":\"https:\/\/www.lagunamadrid.com\/?s={search_term_string}\"},\"query-input\":{\"@type\":\"PropertyValueSpecification\",\"valueRequired\":true,\"valueName\":\"search_term_string\"}}],\"inLanguage\":\"en-US\"},{\"@type\":\"Organization\",\"@id\":\"https:\/\/www.lagunamadrid.com\/#organization\",\"name\":\"Vinos y Aceites Laguna S.L.\",\"url\":\"https:\/\/www.lagunamadrid.com\/\",\"logo\":{\"@type\":\"ImageObject\",\"inLanguage\":\"en-US\",\"@id\":\"https:\/\/www.lagunamadrid.com\/#\/schema\/logo\/image\/\",\"url\":\"https:\/\/www.lagunamadrid.com\/wp-content\/uploads\/2019\/11\/LOGOpositivo-e1574944642744.jpg\",\"contentUrl\":\"https:\/\/www.lagunamadrid.com\/wp-content\/uploads\/2019\/11\/LOGOpositivo-e1574944642744.jpg\",\"width\":250,\"height\":106,\"caption\":\"Vinos y Aceites Laguna S.L.\"},\"image\":{\"@id\":\"https:\/\/www.lagunamadrid.com\/#\/schema\/logo\/image\/\"}}]}<\/script>\n<!-- \/ Yoast SEO plugin. -->","yoast_head_json":{"title":"La elaboraci\u00f3n de nuestros vinos - Vinos y Aceites Laguna","description":"Cuando las uvas se encuentran en su punto \u00f3ptimo de maduraci\u00f3n, se vendimia cuidadosamente para la elaboraci\u00f3n de vinos de excelente calidad.","robots":{"index":"index","follow":"follow","max-snippet":"max-snippet:-1","max-image-preview":"max-image-preview:large","max-video-preview":"max-video-preview:-1"},"canonical":"https:\/\/www.lagunamadrid.com\/elaboracion\/","og_locale":"en_US","og_type":"article","og_title":"La elaboraci\u00f3n de nuestros vinos - Vinos y Aceites Laguna","og_description":"Cuando las uvas se encuentran en su punto \u00f3ptimo de maduraci\u00f3n, se vendimia cuidadosamente para la elaboraci\u00f3n de vinos de excelente calidad.","og_url":"https:\/\/www.lagunamadrid.com\/elaboracion\/","og_site_name":"Vinos y Aceites Laguna","article_modified_time":"2026-03-13T11:08:01+00:00","twitter_card":"summary_large_image","twitter_misc":{"Est. reading time":"1 minute"},"schema":{"@context":"https:\/\/schema.org","@graph":[{"@type":"WebPage","@id":"https:\/\/www.lagunamadrid.com\/elaboracion\/","url":"https:\/\/www.lagunamadrid.com\/elaboracion\/","name":"La elaboraci\u00f3n de nuestros vinos - Vinos y Aceites Laguna","isPartOf":{"@id":"https:\/\/www.lagunamadrid.com\/#website"},"datePublished":"2019-12-13T11:33:59+00:00","dateModified":"2026-03-13T11:08:01+00:00","description":"Cuando las uvas se encuentran en su punto \u00f3ptimo de maduraci\u00f3n, se vendimia cuidadosamente para la elaboraci\u00f3n de vinos de excelente calidad.","breadcrumb":{"@id":"https:\/\/www.lagunamadrid.com\/elaboracion\/#breadcrumb"},"inLanguage":"en-US","potentialAction":[{"@type":"ReadAction","target":["https:\/\/www.lagunamadrid.com\/elaboracion\/"]}]},{"@type":"BreadcrumbList","@id":"https:\/\/www.lagunamadrid.com\/elaboracion\/#breadcrumb","itemListElement":[{"@type":"ListItem","position":1,"name":"Portada","item":"https:\/\/www.lagunamadrid.com\/"},{"@type":"ListItem","position":2,"name":"ELABORACI\u00d3N"}]},{"@type":"WebSite","@id":"https:\/\/www.lagunamadrid.com\/#website","url":"https:\/\/www.lagunamadrid.com\/","name":"Vinos y Aceites Laguna","description":"Elaboraci\u00f3n de vino y aceite de oliva virgen extra","publisher":{"@id":"https:\/\/www.lagunamadrid.com\/#organization"},"potentialAction":[{"@type":"SearchAction","target":{"@type":"EntryPoint","urlTemplate":"https:\/\/www.lagunamadrid.com\/?s={search_term_string}"},"query-input":{"@type":"PropertyValueSpecification","valueRequired":true,"valueName":"search_term_string"}}],"inLanguage":"en-US"},{"@type":"Organization","@id":"https:\/\/www.lagunamadrid.com\/#organization","name":"Vinos y Aceites Laguna S.L.","url":"https:\/\/www.lagunamadrid.com\/","logo":{"@type":"ImageObject","inLanguage":"en-US","@id":"https:\/\/www.lagunamadrid.com\/#\/schema\/logo\/image\/","url":"https:\/\/www.lagunamadrid.com\/wp-content\/uploads\/2019\/11\/LOGOpositivo-e1574944642744.jpg","contentUrl":"https:\/\/www.lagunamadrid.com\/wp-content\/uploads\/2019\/11\/LOGOpositivo-e1574944642744.jpg","width":250,"height":106,"caption":"Vinos y Aceites Laguna S.L."},"image":{"@id":"https:\/\/www.lagunamadrid.com\/#\/schema\/logo\/image\/"}}]}},"_links":{"self":[{"href":"https:\/\/www.lagunamadrid.com\/en\/wp-json\/wp\/v2\/pages\/1596","targetHints":{"allow":["GET"]}}],"collection":[{"href":"https:\/\/www.lagunamadrid.com\/en\/wp-json\/wp\/v2\/pages"}],"about":[{"href":"https:\/\/www.lagunamadrid.com\/en\/wp-json\/wp\/v2\/types\/page"}],"author":[{"embeddable":true,"href":"https:\/\/www.lagunamadrid.com\/en\/wp-json\/wp\/v2\/users\/1"}],"replies":[{"embeddable":true,"href":"https:\/\/www.lagunamadrid.com\/en\/wp-json\/wp\/v2\/comments?post=1596"}],"version-history":[{"count":31,"href":"https:\/\/www.lagunamadrid.com\/en\/wp-json\/wp\/v2\/pages\/1596\/revisions"}],"predecessor-version":[{"id":7265,"href":"https:\/\/www.lagunamadrid.com\/en\/wp-json\/wp\/v2\/pages\/1596\/revisions\/7265"}],"wp:attachment":[{"href":"https:\/\/www.lagunamadrid.com\/en\/wp-json\/wp\/v2\/media?parent=1596"}],"curies":[{"name":"wp","href":"https:\/\/api.w.org\/{rel}","templated":true}]}}